{"id":3983,"date":"2022-10-07T20:18:33","date_gmt":"2022-10-07T20:18:33","guid":{"rendered":"http:\/\/tonfraedi.is\/?page_id=3983"},"modified":"2022-10-08T21:34:23","modified_gmt":"2022-10-08T21:34:23","slug":"tonfraediverkefni_hlekkir","status":"publish","type":"page","link":"https:\/\/tonfraedi.is\/index.php\/tonfraediverkefni_hlekkir\/","title":{"rendered":"T\u00f3nfr\u00e6\u00f0iverkefni"},"content":{"rendered":"\t\t<div data-elementor-type=\"wp-page\" data-elementor-id=\"3983\" class=\"elementor elementor-3983\">\n\t\t\t\t\t\t<section class=\"elementor-section elementor-top-section elementor-element elementor-element-908952e elementor-section-boxed elementor-section-height-default elementor-section-height-default qodef-elementor-content-no\" data-id=\"908952e\" data-element_type=\"section\" data-e-type=\"section\">\n\t\t\t\t\t\t<div class=\"elementor-container elementor-column-gap-default\">\n\t\t\t\t\t<div class=\"elementor-column elementor-col-100 elementor-top-column elementor-element elementor-element-b8dc085\" data-id=\"b8dc085\" data-element_type=\"column\" data-e-type=\"column\">\n\t\t\t<div class=\"elementor-widget-wrap elementor-element-populated\">\n\t\t\t\t\t\t<div class=\"elementor-element elementor-element-06c8619 elementor-widget elementor-widget-heading\" data-id=\"06c8619\" data-element_type=\"widget\" data-e-type=\"widget\" data-widget_type=\"heading.default\">\n\t\t\t\t<div class=\"elementor-widget-container\">\n\t\t\t\t\t<h2 class=\"elementor-heading-title elementor-size-default\">T\u00f3nfr\u00e6\u00f0iverkefni<\/h2>\t\t\t\t<\/div>\n\t\t\t\t<\/div>\n\t\t\t\t\t<\/div>\n\t\t<\/div>\n\t\t\t\t\t<\/div>\n\t\t<\/section>\n\t\t\t\t<section class=\"elementor-section elementor-top-section elementor-element elementor-element-233bfa9 elementor-section-boxed elementor-section-height-default elementor-section-height-default qodef-elementor-content-no\" data-id=\"233bfa9\" data-element_type=\"section\" data-e-type=\"section\">\n\t\t\t\t\t\t<div class=\"elementor-container elementor-column-gap-default\">\n\t\t\t\t\t<div class=\"elementor-column elementor-col-100 elementor-top-column elementor-element elementor-element-29dfe64\" data-id=\"29dfe64\" data-element_type=\"column\" data-e-type=\"column\">\n\t\t\t<div class=\"elementor-widget-wrap elementor-element-populated\">\n\t\t\t\t\t\t<div class=\"elementor-element elementor-element-e903825 elementor-widget elementor-widget-text-editor\" data-id=\"e903825\" data-element_type=\"widget\" data-e-type=\"widget\" data-widget_type=\"text-editor.default\">\n\t\t\t\t<div class=\"elementor-widget-container\">\n\t\t\t\t\t\t\t\t\t<p>T\u00f3nfr\u00e6\u00f0iverkefni \u00ed \u00fdmsum flokkum:<\/p><p style=\"caret-color: #000000; color: #000000;\">N\u00f3tnaheiti<\/p><p style=\"caret-color: #000000; color: #000000;\"><a href=\"https:\/\/tonfraedi.is\/index.php\/tonfraediverkefni-tontegundir\/\">T\u00f3ntegundir<\/a><\/p><p style=\"caret-color: #000000; color: #000000;\">Lengdargildi<\/p><p style=\"caret-color: #000000; color: #000000;\">T\u00f3nbil<\/p><p style=\"caret-color: #000000; color: #000000;\">T\u00f3nlistart\u00e1kn<\/p><p style=\"caret-color: #000000; color: #000000;\">T\u00f3nlistaror\u00f0<\/p><p style=\"caret-color: #000000; color: #000000;\">Taktbo\u00f0ar<\/p><p style=\"caret-color: #000000; color: #000000;\">S\u00f6ngheiti<\/p><p style=\"caret-color: #000000; color: #000000;\">Hrynur<\/p>\t\t\t\t\t\t\t\t<\/div>\n\t\t\t\t<\/div>\n\t\t\t\t\t<\/div>\n\t\t<\/div>\n\t\t\t\t\t<\/div>\n\t\t<\/section>\n\t\t\t\t<\/div>\n\t\t","protected":false},"excerpt":{"rendered":"<p>T\u00f3nfr\u00e6\u00f0iverkefni T\u00f3nfr\u00e6\u00f0iverkefni \u00ed \u00fdmsum flokkum: N\u00f3tnaheiti T\u00f3ntegundir Lengdargildi T\u00f3nbil T\u00f3nlistart\u00e1kn T\u00f3nlistaror\u00f0 Taktbo\u00f0ar S\u00f6ngheiti Hrynur<\/p>\n","protected":false},"author":1,"featured_media":0,"parent":0,"menu_order":0,"comment_status":"closed","ping_status":"closed","template":"","meta":{"footnotes":""},"class_list":["post-3983","page","type-page","status-publish","hentry"],"_links":{"self":[{"href":"https:\/\/tonfraedi.is\/index.php\/wp-json\/wp\/v2\/pages\/3983","targetHints":{"allow":["GET"]}}],"collection":[{"href":"https:\/\/tonfraedi.is\/index.php\/wp-json\/wp\/v2\/pages"}],"about":[{"href":"https:\/\/tonfraedi.is\/index.php\/wp-json\/wp\/v2\/types\/page"}],"author":[{"embeddable":true,"href":"https:\/\/tonfraedi.is\/index.php\/wp-json\/wp\/v2\/users\/1"}],"replies":[{"embeddable":true,"href":"https:\/\/tonfraedi.is\/index.php\/wp-json\/wp\/v2\/comments?post=3983"}],"version-history":[{"count":20,"href":"https:\/\/tonfraedi.is\/index.php\/wp-json\/wp\/v2\/pages\/3983\/revisions"}],"predecessor-version":[{"id":4311,"href":"https:\/\/tonfraedi.is\/index.php\/wp-json\/wp\/v2\/pages\/3983\/revisions\/4311"}],"wp:attachment":[{"href":"https:\/\/tonfraedi.is\/index.php\/wp-json\/wp\/v2\/media?parent=3983"}],"curies":[{"name":"wp","href":"https:\/\/api.w.org\/{rel}","templated":true}]}}