{"id":4082,"date":"2022-10-08T01:13:10","date_gmt":"2022-10-08T01:13:10","guid":{"rendered":"http:\/\/tonfraedi.is\/?page_id=4082"},"modified":"2022-10-09T18:11:09","modified_gmt":"2022-10-09T18:11:09","slug":"oppogforrit_tonfraedi","status":"publish","type":"page","link":"https:\/\/tonfraedi.is\/index.php\/oppogforrit_tonfraedi\/","title":{"rendered":"\u00d6pp og forrit &#8211; T\u00f3nfr\u00e6\u00f0i"},"content":{"rendered":"\t\t<div data-elementor-type=\"wp-page\" data-elementor-id=\"4082\" class=\"elementor elementor-4082\">\n\t\t\t\t\t\t<section class=\"elementor-section elementor-top-section elementor-element elementor-element-b6567a6 elementor-section-boxed elementor-section-height-default elementor-section-height-default qodef-elementor-content-no\" data-id=\"b6567a6\" data-element_type=\"section\" data-e-type=\"section\">\n\t\t\t\t\t\t<div class=\"elementor-container elementor-column-gap-default\">\n\t\t\t\t\t<div class=\"elementor-column elementor-col-100 elementor-top-column elementor-element elementor-element-9df5b84\" data-id=\"9df5b84\" data-element_type=\"column\" data-e-type=\"column\">\n\t\t\t<div class=\"elementor-widget-wrap elementor-element-populated\">\n\t\t\t\t\t\t<div class=\"elementor-element elementor-element-b7e8392 elementor-widget elementor-widget-heading\" data-id=\"b7e8392\" data-element_type=\"widget\" data-e-type=\"widget\" data-widget_type=\"heading.default\">\n\t\t\t\t<div class=\"elementor-widget-container\">\n\t\t\t\t\t<h2 class=\"elementor-heading-title elementor-size-default\">\u00d6pp og forrit - t\u00f3nfr\u00e6\u00f0i<\/h2>\t\t\t\t<\/div>\n\t\t\t\t<\/div>\n\t\t\t\t\t<\/div>\n\t\t<\/div>\n\t\t\t\t\t<\/div>\n\t\t<\/section>\n\t\t\t\t<section class=\"elementor-section elementor-top-section elementor-element elementor-element-a34aeb2 elementor-section-boxed elementor-section-height-default elementor-section-height-default qodef-elementor-content-no\" data-id=\"a34aeb2\" data-element_type=\"section\" data-e-type=\"section\">\n\t\t\t\t\t\t<div class=\"elementor-container elementor-column-gap-default\">\n\t\t\t\t\t<div class=\"elementor-column elementor-col-100 elementor-top-column elementor-element elementor-element-91aaaa0\" data-id=\"91aaaa0\" data-element_type=\"column\" data-e-type=\"column\">\n\t\t\t<div class=\"elementor-widget-wrap elementor-element-populated\">\n\t\t\t\t\t\t<div class=\"elementor-element elementor-element-385db05 elementor-widget elementor-widget-text-editor\" data-id=\"385db05\" data-element_type=\"widget\" data-e-type=\"widget\" data-widget_type=\"text-editor.default\">\n\t\t\t\t<div class=\"elementor-widget-container\">\n\t\t\t\t\t\t\t\t\t<p>H\u00e9r kemur listi yfir allskyns \u00f6pp, forrit og vefsv\u00e6\u00f0i sem kenna og \u00fej\u00e1lfa t\u00f3nfr\u00e6\u00f0i.<\/p>\t\t\t\t\t\t\t\t<\/div>\n\t\t\t\t<\/div>\n\t\t\t\t\t<\/div>\n\t\t<\/div>\n\t\t\t\t\t<\/div>\n\t\t<\/section>\n\t\t\t\t<\/div>\n\t\t","protected":false},"excerpt":{"rendered":"<p>\u00d6pp og forrit &#8211; t\u00f3nfr\u00e6\u00f0i H\u00e9r kemur listi yfir allskyns \u00f6pp, forrit og vefsv\u00e6\u00f0i sem kenna og \u00fej\u00e1lfa t\u00f3nfr\u00e6\u00f0i.<\/p>\n","protected":false},"author":1,"featured_media":0,"parent":0,"menu_order":0,"comment_status":"closed","ping_status":"closed","template":"page-full-width.php","meta":{"footnotes":""},"class_list":["post-4082","page","type-page","status-publish","hentry"],"_links":{"self":[{"href":"https:\/\/tonfraedi.is\/index.php\/wp-json\/wp\/v2\/pages\/4082","targetHints":{"allow":["GET"]}}],"collection":[{"href":"https:\/\/tonfraedi.is\/index.php\/wp-json\/wp\/v2\/pages"}],"about":[{"href":"https:\/\/tonfraedi.is\/index.php\/wp-json\/wp\/v2\/types\/page"}],"author":[{"embeddable":true,"href":"https:\/\/tonfraedi.is\/index.php\/wp-json\/wp\/v2\/users\/1"}],"replies":[{"embeddable":true,"href":"https:\/\/tonfraedi.is\/index.php\/wp-json\/wp\/v2\/comments?post=4082"}],"version-history":[{"count":5,"href":"https:\/\/tonfraedi.is\/index.php\/wp-json\/wp\/v2\/pages\/4082\/revisions"}],"predecessor-version":[{"id":4534,"href":"https:\/\/tonfraedi.is\/index.php\/wp-json\/wp\/v2\/pages\/4082\/revisions\/4534"}],"wp:attachment":[{"href":"https:\/\/tonfraedi.is\/index.php\/wp-json\/wp\/v2\/media?parent=4082"}],"curies":[{"name":"wp","href":"https:\/\/api.w.org\/{rel}","templated":true}]}}