{"id":4087,"date":"2022-10-08T01:16:32","date_gmt":"2022-10-08T01:16:32","guid":{"rendered":"http:\/\/tonfraedi.is\/?page_id=4087"},"modified":"2023-02-01T10:09:30","modified_gmt":"2023-02-01T10:09:30","slug":"oppogforrit_tonheyrn","status":"publish","type":"page","link":"https:\/\/tonfraedi.is\/index.php\/oppogforrit_tonheyrn\/","title":{"rendered":"\u00d6pp og forrit &#8211; T\u00f3nheyrn"},"content":{"rendered":"\t\t<div data-elementor-type=\"wp-page\" data-elementor-id=\"4087\" class=\"elementor elementor-4087\">\n\t\t\t\t\t\t<section class=\"elementor-section elementor-top-section elementor-element elementor-element-b6567a6 elementor-section-boxed elementor-section-height-default elementor-section-height-default qodef-elementor-content-no\" data-id=\"b6567a6\" data-element_type=\"section\" data-e-type=\"section\">\n\t\t\t\t\t\t<div class=\"elementor-container elementor-column-gap-default\">\n\t\t\t\t\t<div class=\"elementor-column elementor-col-100 elementor-top-column elementor-element elementor-element-9df5b84\" data-id=\"9df5b84\" data-element_type=\"column\" data-e-type=\"column\">\n\t\t\t<div class=\"elementor-widget-wrap elementor-element-populated\">\n\t\t\t\t\t\t<div class=\"elementor-element elementor-element-b7e8392 elementor-widget elementor-widget-heading\" data-id=\"b7e8392\" data-element_type=\"widget\" data-e-type=\"widget\" data-widget_type=\"heading.default\">\n\t\t\t\t<div class=\"elementor-widget-container\">\n\t\t\t\t\t<h2 class=\"elementor-heading-title elementor-size-default\">\u00d6pp og forrit - t\u00f3nheyrn<\/h2>\t\t\t\t<\/div>\n\t\t\t\t<\/div>\n\t\t\t\t\t<\/div>\n\t\t<\/div>\n\t\t\t\t\t<\/div>\n\t\t<\/section>\n\t\t\t\t<section class=\"elementor-section elementor-top-section elementor-element elementor-element-a34aeb2 elementor-section-boxed elementor-section-height-default elementor-section-height-default qodef-elementor-content-no\" data-id=\"a34aeb2\" data-element_type=\"section\" data-e-type=\"section\">\n\t\t\t\t\t\t<div class=\"elementor-container elementor-column-gap-default\">\n\t\t\t\t\t<div class=\"elementor-column elementor-col-100 elementor-top-column elementor-element elementor-element-91aaaa0\" data-id=\"91aaaa0\" data-element_type=\"column\" data-e-type=\"column\">\n\t\t\t<div class=\"elementor-widget-wrap elementor-element-populated\">\n\t\t\t\t\t\t<div class=\"elementor-element elementor-element-385db05 elementor-widget elementor-widget-text-editor\" data-id=\"385db05\" data-element_type=\"widget\" data-e-type=\"widget\" data-widget_type=\"text-editor.default\">\n\t\t\t\t<div class=\"elementor-widget-container\">\n\t\t\t\t\t\t\t\t\t<p>H\u00e9r kemur listi yfir allskyns \u00f6pp, forrit og vefsv\u00e6\u00f0i sem \u00fej\u00e1lfa t\u00f3nheyrn. \u00d6ll forritin og vefsv\u00e6\u00f0in eru \u00e1 ensku og n\u00f3tnan\u00f6fn eru \u00fev\u00ed a\u00f0 einhverju leyti \u00f6\u00f0ruv\u00edsi en \u00ed \u00edslenska n\u00f3tnanafnakerfinu.<\/p>\t\t\t\t\t\t\t\t<\/div>\n\t\t\t\t<\/div>\n\t\t\t\t\t<\/div>\n\t\t<\/div>\n\t\t\t\t\t<\/div>\n\t\t<\/section>\n\t\t\t\t<section class=\"elementor-section elementor-top-section elementor-element elementor-element-06bb1d4 elementor-section-boxed elementor-section-height-default elementor-section-height-default qodef-elementor-content-no\" data-id=\"06bb1d4\" data-element_type=\"section\" data-e-type=\"section\">\n\t\t\t\t\t\t<div class=\"elementor-container elementor-column-gap-default\">\n\t\t\t\t\t<div class=\"elementor-column elementor-col-50 elementor-top-column elementor-element elementor-element-7505a95\" data-id=\"7505a95\" data-element_type=\"column\" data-e-type=\"column\">\n\t\t\t<div class=\"elementor-widget-wrap elementor-element-populated\">\n\t\t\t\t\t\t<div class=\"elementor-element elementor-element-e7fce8a elementor-widget elementor-widget-heading\" data-id=\"e7fce8a\" data-element_type=\"widget\" data-e-type=\"widget\" data-widget_type=\"heading.default\">\n\t\t\t\t<div class=\"elementor-widget-container\">\n\t\t\t\t\t<h4 class=\"elementor-heading-title elementor-size-default\">\u00d6pp fyrir Android<\/h4>\t\t\t\t<\/div>\n\t\t\t\t<\/div>\n\t\t\t\t<div class=\"elementor-element elementor-element-61decc3 elementor-widget elementor-widget-text-editor\" data-id=\"61decc3\" data-element_type=\"widget\" data-e-type=\"widget\" data-widget_type=\"text-editor.default\">\n\t\t\t\t<div class=\"elementor-widget-container\">\n\t\t\t\t\t\t\t\t\t<p><strong>EarMaster<\/strong> &#8211; <a href=\"https:\/\/play.google.com\/store\/apps\/details?id=com.earmaster.android&amp;pli=1\" target=\"_blank\" rel=\"noopener\">s\u00e6kja \u00e1 Google Play<\/a>.<\/p><p><img fetchpriority=\"high\" decoding=\"async\" class=\"alignnone size-medium wp-image-5312\" src=\"https:\/\/tonfraedi.is\/wp-content\/uploads\/2023\/01\/EarMaster-graphic-1-300x169.png\" alt=\"\" width=\"300\" height=\"169\" srcset=\"https:\/\/tonfraedi.is\/wp-content\/uploads\/2023\/01\/EarMaster-graphic-1-300x169.png 300w, https:\/\/tonfraedi.is\/wp-content\/uploads\/2023\/01\/EarMaster-graphic-1-1024x576.png 1024w, https:\/\/tonfraedi.is\/wp-content\/uploads\/2023\/01\/EarMaster-graphic-1-768x432.png 768w, https:\/\/tonfraedi.is\/wp-content\/uploads\/2023\/01\/EarMaster-graphic-1.png 1052w\" sizes=\"(max-width: 300px) 100vw, 300px\" \/><\/p><p><span style=\"color: var( --e-global-color-text ); font-family: inherit; font-size: inherit; font-style: inherit; letter-spacing: inherit; text-transform: inherit;\">\u00d6flugt forrit sem inniheldur allskyns gagnvirkar t\u00f3nfr\u00e6\u00f0i- og t\u00f3nheyrnar\u00e6fingar. H\u00e6gt a\u00f0 hla\u00f0a ni\u00f0ur \u00f3keypis en til f\u00e1 fullan a\u00f0gang \u00fearf a\u00f0 borga m\u00e1na\u00f0argjald sem \u00ed jan\u00faar 2023 er $5.50 \u00e1 m\u00e1nu\u00f0i e\u00f0a $3.30 \u00e1 m\u00e1nu\u00f0i ef tekin er \u00e1rs\u00e1skrift.\u00a0<\/span><\/p><p><span style=\"color: var( --e-global-color-text ); font-family: inherit; font-size: inherit; font-style: inherit; letter-spacing: inherit; text-transform: inherit;\">\u00a0<\/span><\/p><p><strong>Functional Ear Trainer<\/strong> &#8211; <a href=\"https:\/\/play.google.com\/store\/apps\/details?id=com.kaizen9.fet.android\" target=\"_blank\" rel=\"noopener\">s\u00e6kja \u00e1 Google Play<\/a>.<\/p><p><img decoding=\"async\" class=\"alignnone size-medium wp-image-5325\" src=\"https:\/\/tonfraedi.is\/wp-content\/uploads\/2023\/01\/functional-ear-trainer-android-198x300.png\" alt=\"\" width=\"198\" height=\"300\" srcset=\"https:\/\/tonfraedi.is\/wp-content\/uploads\/2023\/01\/functional-ear-trainer-android-198x300.png 198w, https:\/\/tonfraedi.is\/wp-content\/uploads\/2023\/01\/functional-ear-trainer-android.png 390w\" sizes=\"(max-width: 198px) 100vw, 198px\" \/><\/p><p>Forrit sem er hanna\u00f0 til \u00feess a\u00f0 \u00fej\u00e1lfa notendur sem stefna \u00e1 a\u00f0 geta skrifa\u00f0 lagl\u00ednur ni\u00f0ur eftir heyrn og l\u00e6ra l\u00f6g eftir heyrn. Forriti\u00f0 f\u00e6r mj\u00f6g g\u00f3\u00f0a d\u00f3ma hj\u00e1 notendum og vir\u00f0ist vera alveg \u00f3keypis.<\/p><p>\u00a0<\/p><p><strong>Perfect Ear: Music &amp; Rhythm<\/strong> &#8211; <a href=\"https:\/\/play.google.com\/store\/apps\/details?id=com.evilduck.musiciankit&amp;hl=en\" target=\"_blank\" rel=\"noopener\">S\u00e6kja \u00e1 Google Play<\/a>.<\/p><p><img decoding=\"async\" class=\"alignnone size-medium wp-image-5327\" src=\"https:\/\/tonfraedi.is\/wp-content\/uploads\/2023\/01\/perfect-ear-188x300.png\" alt=\"\" width=\"188\" height=\"300\" srcset=\"https:\/\/tonfraedi.is\/wp-content\/uploads\/2023\/01\/perfect-ear-188x300.png 188w, https:\/\/tonfraedi.is\/wp-content\/uploads\/2023\/01\/perfect-ear.png 370w\" sizes=\"(max-width: 188px) 100vw, 188px\" \/><\/p><p>Hlj\u00f3mar, t\u00f3nstigar, t\u00f3nbil og n\u00f3tnalestur. \u00d3keypis a\u00f0 hla\u00f0a ni\u00f0ur en grei\u00f0a \u00fearf til a\u00f0 opna fyrir alla m\u00f6guleika appsins.<\/p>\t\t\t\t\t\t\t\t<\/div>\n\t\t\t\t<\/div>\n\t\t\t\t\t<\/div>\n\t\t<\/div>\n\t\t\t\t<div class=\"elementor-column elementor-col-50 elementor-top-column elementor-element elementor-element-06ddde8\" data-id=\"06ddde8\" data-element_type=\"column\" data-e-type=\"column\">\n\t\t\t<div class=\"elementor-widget-wrap elementor-element-populated\">\n\t\t\t\t\t\t<div class=\"elementor-element elementor-element-8a760fb elementor-widget elementor-widget-heading\" data-id=\"8a760fb\" data-element_type=\"widget\" data-e-type=\"widget\" data-widget_type=\"heading.default\">\n\t\t\t\t<div class=\"elementor-widget-container\">\n\t\t\t\t\t<h4 class=\"elementor-heading-title elementor-size-default\">\u00d6pp fyrir iOS (Apple)<\/h4>\t\t\t\t<\/div>\n\t\t\t\t<\/div>\n\t\t\t\t<div class=\"elementor-element elementor-element-a69f4a0 elementor-widget elementor-widget-text-editor\" data-id=\"a69f4a0\" data-element_type=\"widget\" data-e-type=\"widget\" data-widget_type=\"text-editor.default\">\n\t\t\t\t<div class=\"elementor-widget-container\">\n\t\t\t\t\t\t\t\t\t<p><strong>EarMaster<\/strong>. <a href=\"https:\/\/apps.apple.com\/app\/id1105030163\" target=\"_blank\" rel=\"noopener\">S\u00e6kja \u00e1 App Store<\/a>.<\/p><p><img loading=\"lazy\" decoding=\"async\" src=\"https:\/\/tonfraedi.is\/wp-content\/uploads\/2023\/01\/EarMaster-graphic-2-300x169.png\" alt=\"\" width=\"300\" height=\"169\" \/><\/p><p>\u00d6flugt forrit sem inniheldur allskyns gagnvirkar t\u00f3nfr\u00e6\u00f0i- og t\u00f3nheyrnar\u00e6fingar. H\u00e6gt a\u00f0 hla\u00f0a ni\u00f0ur \u00f3keypis en til f\u00e1 fullan a\u00f0gang \u00fearf a\u00f0 borga m\u00e1na\u00f0argjald sem \u00ed jan\u00faar 2023 er $5.50 \u00e1 m\u00e1nu\u00f0i e\u00f0a $3.30 \u00e1 m\u00e1nu\u00f0i ef tekin er \u00e1rs\u00e1skrift.<\/p><p>\u00a0<\/p><p><strong>Tenuto &#8211;<\/strong>\u00a0<a href=\"https:\/\/apps.apple.com\/us\/app\/tenuto\/id459313476\" target=\"_blank\" rel=\"noopener\">S\u00e6kja \u00e1 App Store<\/a>.<\/p><p><img loading=\"lazy\" decoding=\"async\" src=\"https:\/\/tonfraedi.is\/wp-content\/uploads\/2023\/01\/Tenuto-141x300.png\" alt=\"\" width=\"141\" height=\"300\" \/><\/p><p>Forrit fr\u00e1 \u00feeim s\u00f6mu og eru me\u00f0 vefinn Musictheory.net. \u00ddmsar g\u00f3\u00f0ar t\u00f3nfr\u00e6\u00f0i- og t\u00f3nheyrnar\u00e6fingar. \u00dea\u00f0 kostar $5 a\u00f0 kaupa \u00feetta app (ver\u00f0 \u00ed jan\u00faar 2023).<\/p><p>\u00a0<\/p><p><strong>Functional Ear Trainer<\/strong> &#8211; <a href=\"https:\/\/apps.apple.com\/us\/app\/functional-ear-trainer\/id1088761926\" target=\"_blank\" rel=\"noopener\">s\u00e6kja \u00e1 App Store<\/a>.<\/p><p><img loading=\"lazy\" decoding=\"async\" src=\"https:\/\/tonfraedi.is\/wp-content\/uploads\/2023\/01\/functional-ear-trainer-android-198x300.png\" alt=\"\" width=\"198\" height=\"300\" \/><\/p><p>Forrit sem er hanna\u00f0 til \u00feess a\u00f0 \u00fej\u00e1lfa notendur sem stefna \u00e1 a\u00f0 geta skrifa\u00f0 lagl\u00ednur ni\u00f0ur eftir heyrn og l\u00e6ra l\u00f6g eftir heyrn.\u00a0<span style=\"background-color: #ffffff; color: var( --e-global-color-text ); font-family: inherit; font-size: inherit; font-style: inherit; letter-spacing: inherit; text-transform: inherit;\">Forriti\u00f0 f\u00e6r mj\u00f6g g\u00f3\u00f0a d\u00f3ma hj\u00e1 notendum og vir\u00f0ist vera alveg \u00f3keypis.<\/span><\/p>\t\t\t\t\t\t\t\t<\/div>\n\t\t\t\t<\/div>\n\t\t\t\t\t<\/div>\n\t\t<\/div>\n\t\t\t\t\t<\/div>\n\t\t<\/section>\n\t\t\t\t<section class=\"elementor-section elementor-top-section elementor-element elementor-element-96bbd5e elementor-section-boxed elementor-section-height-default elementor-section-height-default qodef-elementor-content-no\" data-id=\"96bbd5e\" data-element_type=\"section\" data-e-type=\"section\">\n\t\t\t\t\t\t<div class=\"elementor-container elementor-column-gap-default\">\n\t\t\t\t\t<div class=\"elementor-column elementor-col-50 elementor-top-column elementor-element elementor-element-848ad90\" data-id=\"848ad90\" data-element_type=\"column\" data-e-type=\"column\">\n\t\t\t<div class=\"elementor-widget-wrap elementor-element-populated\">\n\t\t\t\t\t\t<div class=\"elementor-element elementor-element-3a6b031 elementor-widget elementor-widget-heading\" data-id=\"3a6b031\" data-element_type=\"widget\" data-e-type=\"widget\" data-widget_type=\"heading.default\">\n\t\t\t\t<div class=\"elementor-widget-container\">\n\t\t\t\t\t<h4 class=\"elementor-heading-title elementor-size-default\">T\u00f3nheyrnarvefsv\u00e6\u00f0i<\/h4>\t\t\t\t<\/div>\n\t\t\t\t<\/div>\n\t\t\t\t<div class=\"elementor-element elementor-element-cae2014 elementor-widget elementor-widget-text-editor\" data-id=\"cae2014\" data-element_type=\"widget\" data-e-type=\"widget\" data-widget_type=\"text-editor.default\">\n\t\t\t\t<div class=\"elementor-widget-container\">\n\t\t\t\t\t\t\t\t\t<p><a href=\"https:\/\/www.musictheory.net\" target=\"_blank\" rel=\"noopener\">Musictheory.net<\/a> &#8211; t\u00f6luvert af kennsluefni (\u00ed textaformi) og \u00f3keypis \u00e6fingum sem kenna og \u00e6fa til d\u00e6mis n\u00f3tnan\u00f6fn, t\u00f3nbil, hlj\u00f3ma, t\u00f3nstiga og hlj\u00f3ma \u00e1 g\u00edtarh\u00e1lsi.\u00a0<\/p><p><a href=\"https:\/\/tonesavvy.com\" target=\"_blank\" rel=\"noopener\">Tonesavvy.com<\/a> &#8211; mj\u00f6g g\u00f3\u00f0ur vefur me\u00f0 miki\u00f0 af gagnvirkum \u00e6fingum \u00ed t\u00f3nfr\u00e6\u00f0i og t\u00f3nheyrn. \u00dea\u00f0 er bo\u00f0i\u00f0 upp \u00e1 miki\u00f0 af allskyns stillingum fyrir verkefnin og \u00fea\u00f0 getur veri\u00f0 ruglandi fyrir byrjendur, s\u00e9rstaklega \u00feau sem ekki \u00feekkja t\u00f3nlistaror\u00f0in \u00e1 ensku.<\/p>\t\t\t\t\t\t\t\t<\/div>\n\t\t\t\t<\/div>\n\t\t\t\t\t<\/div>\n\t\t<\/div>\n\t\t\t\t<div class=\"elementor-column elementor-col-50 elementor-top-column elementor-element elementor-element-04edf03\" data-id=\"04edf03\" data-element_type=\"column\" data-e-type=\"column\">\n\t\t\t<div class=\"elementor-widget-wrap\">\n\t\t\t\t\t\t\t<\/div>\n\t\t<\/div>\n\t\t\t\t\t<\/div>\n\t\t<\/section>\n\t\t\t\t<\/div>\n\t\t","protected":false},"excerpt":{"rendered":"<p>\u00d6pp og forrit &#8211; t\u00f3nheyrn H\u00e9r kemur listi yfir allskyns \u00f6pp, forrit og vefsv\u00e6\u00f0i sem \u00fej\u00e1lfa t\u00f3nheyrn. \u00d6ll forritin og vefsv\u00e6\u00f0in eru \u00e1 ensku og n\u00f3tnan\u00f6fn eru \u00fev\u00ed a\u00f0 einhverju leyti \u00f6\u00f0ruv\u00edsi en \u00ed \u00edslenska n\u00f3tnanafnakerfinu. \u00d6pp fyrir Android EarMaster &#8211; s\u00e6kja \u00e1 Google Play. \u00d6flugt forrit sem inniheldur allskyns gagnvirkar t\u00f3nfr\u00e6\u00f0i- og t\u00f3nheyrnar\u00e6fingar. H\u00e6gt [&hellip;]<\/p>\n","protected":false},"author":1,"featured_media":0,"parent":0,"menu_order":0,"comment_status":"closed","ping_status":"closed","template":"page-full-width.php","meta":{"footnotes":""},"class_list":["post-4087","page","type-page","status-publish","hentry"],"_links":{"self":[{"href":"https:\/\/tonfraedi.is\/index.php\/wp-json\/wp\/v2\/pages\/4087","targetHints":{"allow":["GET"]}}],"collection":[{"href":"https:\/\/tonfraedi.is\/index.php\/wp-json\/wp\/v2\/pages"}],"about":[{"href":"https:\/\/tonfraedi.is\/index.php\/wp-json\/wp\/v2\/types\/page"}],"author":[{"embeddable":true,"href":"https:\/\/tonfraedi.is\/index.php\/wp-json\/wp\/v2\/users\/1"}],"replies":[{"embeddable":true,"href":"https:\/\/tonfraedi.is\/index.php\/wp-json\/wp\/v2\/comments?post=4087"}],"version-history":[{"count":32,"href":"https:\/\/tonfraedi.is\/index.php\/wp-json\/wp\/v2\/pages\/4087\/revisions"}],"predecessor-version":[{"id":5459,"href":"https:\/\/tonfraedi.is\/index.php\/wp-json\/wp\/v2\/pages\/4087\/revisions\/5459"}],"wp:attachment":[{"href":"https:\/\/tonfraedi.is\/index.php\/wp-json\/wp\/v2\/media?parent=4087"}],"curies":[{"name":"wp","href":"https:\/\/api.w.org\/{rel}","templated":true}]}}