{"id":4089,"date":"2022-10-08T01:17:02","date_gmt":"2022-10-08T01:17:02","guid":{"rendered":"http:\/\/tonfraedi.is\/?page_id=4089"},"modified":"2023-02-17T14:20:12","modified_gmt":"2023-02-17T14:20:12","slug":"oppogforrit_upptokur","status":"publish","type":"page","link":"https:\/\/tonfraedi.is\/index.php\/oppogforrit_upptokur\/","title":{"rendered":"\u00d6pp og forrit &#8211; Uppt\u00f6kur"},"content":{"rendered":"\t\t<div data-elementor-type=\"wp-page\" data-elementor-id=\"4089\" class=\"elementor elementor-4089\">\n\t\t\t\t\t\t<section class=\"elementor-section elementor-top-section elementor-element elementor-element-b6567a6 elementor-section-boxed elementor-section-height-default elementor-section-height-default qodef-elementor-content-no\" data-id=\"b6567a6\" data-element_type=\"section\" data-e-type=\"section\">\n\t\t\t\t\t\t<div class=\"elementor-container elementor-column-gap-default\">\n\t\t\t\t\t<div class=\"elementor-column elementor-col-100 elementor-top-column elementor-element elementor-element-9df5b84\" data-id=\"9df5b84\" data-element_type=\"column\" data-e-type=\"column\">\n\t\t\t<div class=\"elementor-widget-wrap elementor-element-populated\">\n\t\t\t\t\t\t<div class=\"elementor-element elementor-element-b7e8392 elementor-widget elementor-widget-heading\" data-id=\"b7e8392\" data-element_type=\"widget\" data-e-type=\"widget\" data-widget_type=\"heading.default\">\n\t\t\t\t<div class=\"elementor-widget-container\">\n\t\t\t\t\t<h2 class=\"elementor-heading-title elementor-size-default\">\u00d6pp og forrit - uppt\u00f6kur<\/h2>\t\t\t\t<\/div>\n\t\t\t\t<\/div>\n\t\t\t\t\t<\/div>\n\t\t<\/div>\n\t\t\t\t\t<\/div>\n\t\t<\/section>\n\t\t\t\t<section class=\"elementor-section elementor-top-section elementor-element elementor-element-a34aeb2 elementor-section-boxed elementor-section-height-default elementor-section-height-default qodef-elementor-content-no\" data-id=\"a34aeb2\" data-element_type=\"section\" data-e-type=\"section\">\n\t\t\t\t\t\t<div class=\"elementor-container elementor-column-gap-default\">\n\t\t\t\t\t<div class=\"elementor-column elementor-col-100 elementor-top-column elementor-element elementor-element-91aaaa0\" data-id=\"91aaaa0\" data-element_type=\"column\" data-e-type=\"column\">\n\t\t\t<div class=\"elementor-widget-wrap elementor-element-populated\">\n\t\t\t\t\t\t<div class=\"elementor-element elementor-element-385db05 elementor-widget elementor-widget-text-editor\" data-id=\"385db05\" data-element_type=\"widget\" data-e-type=\"widget\" data-widget_type=\"text-editor.default\">\n\t\t\t\t<div class=\"elementor-widget-container\">\n\t\t\t\t\t\t\t\t\t<p>N\u00fa \u00ed dag er h\u00e6gt a\u00f0 nota t\u00f6lvur til a\u00f0 taka upp mj\u00f6g fl\u00f3kin uppt\u00f6kuverkefni me\u00f0 fj\u00f6lm\u00f6rgum r\u00e1sum. Til a\u00f0 n\u00e1 sem mestum g\u00e6\u00f0um er \u00fe\u00f3 mikilv\u00e6gt a\u00f0 eiga annan b\u00fana\u00f0, eins og til d\u00e6mis g\u00f3\u00f0a hlj\u00f3\u00f0nema og utan\u00e1liggjandi hlj\u00f3\u00f0kort. \u00deegar \u00fe\u00fa leitar \u00e1 netinu a\u00f0 uppt\u00f6kuforritum er gott a\u00f0 vita a\u00f0 \u00feau heita \u00e1 ensku &#8222;Digital Audio Workstation&#8220; sem er oft skammstafa\u00f0 &#8222;DAW&#8220;.\u00a0<\/p><p>Ef fr\u00e1 er tali\u00f0 Garageband er almennt tali\u00f0 best a\u00f0 nota uppt\u00f6kuforrit sem eru h\u00f6nnu\u00f0 fyrir t\u00f6lvur (en ekki spjaldt\u00f6lvur e\u00f0a snjalls\u00edma).<\/p><p>\u00a0<\/p><p>Sem d\u00e6mi um upt\u00f6kuforrit m\u00e1 nefna Garageband, Logic Pro, Nuendo, FL Studio, Ableton Live, Cubase, ProTools, Reaper og Studio One<\/p>\t\t\t\t\t\t\t\t<\/div>\n\t\t\t\t<\/div>\n\t\t\t\t\t<\/div>\n\t\t<\/div>\n\t\t\t\t\t<\/div>\n\t\t<\/section>\n\t\t\t\t<section class=\"elementor-section elementor-top-section elementor-element elementor-element-e68df0a elementor-section-boxed elementor-section-height-default elementor-section-height-default qodef-elementor-content-no\" data-id=\"e68df0a\" data-element_type=\"section\" data-e-type=\"section\">\n\t\t\t\t\t\t<div class=\"elementor-container elementor-column-gap-default\">\n\t\t\t\t\t<div class=\"elementor-column elementor-col-50 elementor-top-column elementor-element elementor-element-faa7f13\" data-id=\"faa7f13\" data-element_type=\"column\" data-e-type=\"column\">\n\t\t\t<div class=\"elementor-widget-wrap elementor-element-populated\">\n\t\t\t\t\t\t<div class=\"elementor-element elementor-element-4ac097c elementor-widget elementor-widget-heading\" data-id=\"4ac097c\" data-element_type=\"widget\" data-e-type=\"widget\" data-widget_type=\"heading.default\">\n\t\t\t\t<div class=\"elementor-widget-container\">\n\t\t\t\t\t<h4 class=\"elementor-heading-title elementor-size-default\">Garageband<\/h4>\t\t\t\t<\/div>\n\t\t\t\t<\/div>\n\t\t\t\t<div class=\"elementor-element elementor-element-e7d3dea elementor-widget elementor-widget-text-editor\" data-id=\"e7d3dea\" data-element_type=\"widget\" data-e-type=\"widget\" data-widget_type=\"text-editor.default\">\n\t\t\t\t<div class=\"elementor-widget-container\">\n\t\t\t\t\t\t\t\t\t<p>Garageband er l\u00edklega \u00feekktasta uppt\u00f6kuforriti\u00f0. \u00dea\u00f0 er einfalt \u00ed notkun og er gjarnan nota\u00f0 sem fyrsta uppt\u00f6kuforriti\u00f0 sem ungir nemendur eru \u00fej\u00e1lfa\u00f0ir \u00ed a\u00f0 nota. Garageband er eing\u00f6ngu til fyrir iOS t\u00e6ki (iPad og iPhone) og Apple t\u00f6lvur. \u00dea\u00f0 er h\u00e6gt a\u00f0 gera margt flott me\u00f0 Garageband en \u00fe\u00f3 er \u00fea\u00f0 of takmarka\u00f0 fyrir flesta sem hafa \u00e1huga \u00e1 \u00fev\u00ed a\u00f0 gera fullar uppt\u00f6kur og gefa \u00fe\u00e6r \u00fat.<\/p><p>Ver\u00f0 (febr\u00faar 2023): \u00d3keypis<\/p>\t\t\t\t\t\t\t\t<\/div>\n\t\t\t\t<\/div>\n\t\t\t\t<div class=\"elementor-element elementor-element-ac510ab elementor-widget elementor-widget-video\" data-id=\"ac510ab\" data-element_type=\"widget\" data-e-type=\"widget\" data-settings=\"{&quot;youtube_url&quot;:&quot;https:\\\/\\\/www.youtube.com\\\/watch?v=8sTGbWGrlds&quot;,&quot;video_type&quot;:&quot;youtube&quot;,&quot;controls&quot;:&quot;yes&quot;}\" data-widget_type=\"video.default\">\n\t\t\t\t<div class=\"elementor-widget-container\">\n\t\t\t\t\t\t\t<div class=\"elementor-wrapper elementor-open-inline\">\n\t\t\t<div class=\"elementor-video\"><\/div>\t\t<\/div>\n\t\t\t\t\t\t<\/div>\n\t\t\t\t<\/div>\n\t\t\t\t\t<\/div>\n\t\t<\/div>\n\t\t\t\t<div class=\"elementor-column elementor-col-50 elementor-top-column elementor-element elementor-element-f8a8790\" data-id=\"f8a8790\" data-element_type=\"column\" data-e-type=\"column\">\n\t\t\t<div class=\"elementor-widget-wrap elementor-element-populated\">\n\t\t\t\t\t\t<div class=\"elementor-element elementor-element-803eddc elementor-widget elementor-widget-heading\" data-id=\"803eddc\" data-element_type=\"widget\" data-e-type=\"widget\" data-widget_type=\"heading.default\">\n\t\t\t\t<div class=\"elementor-widget-container\">\n\t\t\t\t\t<h4 class=\"elementor-heading-title elementor-size-default\">Logic Pro X<\/h4>\t\t\t\t<\/div>\n\t\t\t\t<\/div>\n\t\t\t\t<div class=\"elementor-element elementor-element-110599d elementor-widget elementor-widget-text-editor\" data-id=\"110599d\" data-element_type=\"widget\" data-e-type=\"widget\" data-widget_type=\"text-editor.default\">\n\t\t\t\t<div class=\"elementor-widget-container\">\n\t\t\t\t\t\t\t\t\t<p>Logic Pro X er framleitt af Apple og er eing\u00f6ngu h\u00e6gt a\u00f0 nota \u00e1 Apple t\u00f6lvum. Um er a\u00f0 r\u00e6\u00f0a uppt\u00f6kuforrit \u00ed fullri st\u00e6r\u00f0, \u00fea\u00f0 er a\u00f0 segja a\u00f0 \u00fea\u00f0 \u00e6tti a\u00f0 vera h\u00e6gt a\u00f0 gera allt me\u00f0 \u00feessu uppt\u00f6kuforriti til \u00feess a\u00f0 gera uppt\u00f6kur og ganga fr\u00e1 \u00feeim til \u00fatg\u00e1fu. Kostur fyrir f\u00f3lk sem \u00feekkir Garageband er s\u00e1 a\u00f0 notendaumhverfi\u00f0 \u00ed forritunum tveimur er a\u00f0 m\u00f6rgu leyti svipa\u00f0.<\/p><p>Ver\u00f0 (febr\u00faar 2023): $200<\/p>\t\t\t\t\t\t\t\t<\/div>\n\t\t\t\t<\/div>\n\t\t\t\t<div class=\"elementor-element elementor-element-6cc384b elementor-widget elementor-widget-video\" data-id=\"6cc384b\" data-element_type=\"widget\" data-e-type=\"widget\" data-settings=\"{&quot;youtube_url&quot;:&quot;https:\\\/\\\/www.youtube.com\\\/watch?v=xKWdaSf9y5U&quot;,&quot;video_type&quot;:&quot;youtube&quot;,&quot;controls&quot;:&quot;yes&quot;}\" data-widget_type=\"video.default\">\n\t\t\t\t<div class=\"elementor-widget-container\">\n\t\t\t\t\t\t\t<div class=\"elementor-wrapper elementor-open-inline\">\n\t\t\t<div class=\"elementor-video\"><\/div>\t\t<\/div>\n\t\t\t\t\t\t<\/div>\n\t\t\t\t<\/div>\n\t\t\t\t\t<\/div>\n\t\t<\/div>\n\t\t\t\t\t<\/div>\n\t\t<\/section>\n\t\t\t\t<section class=\"elementor-section elementor-top-section elementor-element elementor-element-063c3b1 elementor-section-boxed elementor-section-height-default elementor-section-height-default qodef-elementor-content-no\" data-id=\"063c3b1\" data-element_type=\"section\" data-e-type=\"section\">\n\t\t\t\t\t\t<div class=\"elementor-container elementor-column-gap-default\">\n\t\t\t\t\t<div class=\"elementor-column elementor-col-50 elementor-top-column elementor-element elementor-element-05991a6\" data-id=\"05991a6\" data-element_type=\"column\" data-e-type=\"column\">\n\t\t\t<div class=\"elementor-widget-wrap elementor-element-populated\">\n\t\t\t\t\t\t<div class=\"elementor-element elementor-element-d1794eb elementor-widget elementor-widget-spacer\" data-id=\"d1794eb\" data-element_type=\"widget\" data-e-type=\"widget\" data-widget_type=\"spacer.default\">\n\t\t\t\t<div class=\"elementor-widget-container\">\n\t\t\t\t\t\t\t<div class=\"elementor-spacer\">\n\t\t\t<div class=\"elementor-spacer-inner\"><\/div>\n\t\t<\/div>\n\t\t\t\t\t\t<\/div>\n\t\t\t\t<\/div>\n\t\t\t\t<div class=\"elementor-element elementor-element-edfbae8 elementor-widget elementor-widget-heading\" data-id=\"edfbae8\" data-element_type=\"widget\" data-e-type=\"widget\" data-widget_type=\"heading.default\">\n\t\t\t\t<div class=\"elementor-widget-container\">\n\t\t\t\t\t<h4 class=\"elementor-heading-title elementor-size-default\">Studio one<\/h4>\t\t\t\t<\/div>\n\t\t\t\t<\/div>\n\t\t\t\t<div class=\"elementor-element elementor-element-66f2d38 elementor-widget elementor-widget-text-editor\" data-id=\"66f2d38\" data-element_type=\"widget\" data-e-type=\"widget\" data-widget_type=\"text-editor.default\">\n\t\t\t\t<div class=\"elementor-widget-container\">\n\t\t\t\t\t\t\t\t\t<p>Studio One er mj\u00f6g vins\u00e6lt uppt\u00f6kuforrit og tr\u00f3nir \u00e1 toppnum \u00e1 nokkrum listum yfir \u00feau uppt\u00f6kuforrit sem talin eru best.\u00a0<\/p><p>\u00a0<\/p><p>Ver\u00f0 (febr\u00faar 2023): $399<\/p>\t\t\t\t\t\t\t\t<\/div>\n\t\t\t\t<\/div>\n\t\t\t\t<div class=\"elementor-element elementor-element-1e4b9e0 elementor-widget elementor-widget-video\" data-id=\"1e4b9e0\" data-element_type=\"widget\" data-e-type=\"widget\" data-settings=\"{&quot;youtube_url&quot;:&quot;https:\\\/\\\/www.youtube.com\\\/watch?v=iIg5ngjPp-g&quot;,&quot;video_type&quot;:&quot;youtube&quot;,&quot;controls&quot;:&quot;yes&quot;}\" data-widget_type=\"video.default\">\n\t\t\t\t<div class=\"elementor-widget-container\">\n\t\t\t\t\t\t\t<div class=\"elementor-wrapper elementor-open-inline\">\n\t\t\t<div class=\"elementor-video\"><\/div>\t\t<\/div>\n\t\t\t\t\t\t<\/div>\n\t\t\t\t<\/div>\n\t\t\t\t\t<\/div>\n\t\t<\/div>\n\t\t\t\t<div class=\"elementor-column elementor-col-50 elementor-top-column elementor-element elementor-element-3898ad1\" data-id=\"3898ad1\" data-element_type=\"column\" data-e-type=\"column\">\n\t\t\t<div class=\"elementor-widget-wrap elementor-element-populated\">\n\t\t\t\t\t\t<div class=\"elementor-element elementor-element-bc2ec47 elementor-widget elementor-widget-spacer\" data-id=\"bc2ec47\" data-element_type=\"widget\" data-e-type=\"widget\" data-widget_type=\"spacer.default\">\n\t\t\t\t<div class=\"elementor-widget-container\">\n\t\t\t\t\t\t\t<div class=\"elementor-spacer\">\n\t\t\t<div class=\"elementor-spacer-inner\"><\/div>\n\t\t<\/div>\n\t\t\t\t\t\t<\/div>\n\t\t\t\t<\/div>\n\t\t\t\t<div class=\"elementor-element elementor-element-2eeda2f elementor-widget elementor-widget-heading\" data-id=\"2eeda2f\" data-element_type=\"widget\" data-e-type=\"widget\" data-widget_type=\"heading.default\">\n\t\t\t\t<div class=\"elementor-widget-container\">\n\t\t\t\t\t<h4 class=\"elementor-heading-title elementor-size-default\">FL studio<\/h4>\t\t\t\t<\/div>\n\t\t\t\t<\/div>\n\t\t\t\t<div class=\"elementor-element elementor-element-d122087 elementor-widget elementor-widget-text-editor\" data-id=\"d122087\" data-element_type=\"widget\" data-e-type=\"widget\" data-widget_type=\"text-editor.default\">\n\t\t\t\t<div class=\"elementor-widget-container\">\n\t\t\t\t\t\t\t\t\t<p>FL Studio er s\u00e9rstaklega \u00e1hugavert fyrir \u00feau sem langar a\u00f0 b\u00faa til s\u00edna eigin trommutakta og vinna me\u00f0 endurtekna takta (&#8222;l\u00fappur&#8220;). \u00dea\u00f0 er einnig h\u00e6gt a\u00f0 taka upp hlj\u00f3\u00f0 \u00ed \u00fev\u00ed og \u00fe\u00f3 \u00fea\u00f0 s\u00e9 kannski ekki jafn \u00f6flugt \u00ed sl\u00edku og sum \u00f6nnur forrit h\u00e9r \u00e1 listanum er umhverfi\u00f0 mj\u00f6g \u00e1hugavert fyrir f\u00f3lk sem vill vinna a\u00f0eins \u00f6\u00f0ruv\u00edsi og s\u00e9rstaklega f\u00f3lk sem vinnur miki\u00f0 me\u00f0 takt.<\/p><p>Ver\u00f0 (febr\u00faar 2023): fr\u00e1 $99<\/p>\t\t\t\t\t\t\t\t<\/div>\n\t\t\t\t<\/div>\n\t\t\t\t<div class=\"elementor-element elementor-element-328538a elementor-widget elementor-widget-video\" data-id=\"328538a\" data-element_type=\"widget\" data-e-type=\"widget\" data-settings=\"{&quot;youtube_url&quot;:&quot;https:\\\/\\\/www.youtube.com\\\/watch?v=pDIsEZsalAo&quot;,&quot;video_type&quot;:&quot;youtube&quot;,&quot;controls&quot;:&quot;yes&quot;}\" data-widget_type=\"video.default\">\n\t\t\t\t<div class=\"elementor-widget-container\">\n\t\t\t\t\t\t\t<div class=\"elementor-wrapper elementor-open-inline\">\n\t\t\t<div class=\"elementor-video\"><\/div>\t\t<\/div>\n\t\t\t\t\t\t<\/div>\n\t\t\t\t<\/div>\n\t\t\t\t\t<\/div>\n\t\t<\/div>\n\t\t\t\t\t<\/div>\n\t\t<\/section>\n\t\t\t\t<section class=\"elementor-section elementor-top-section elementor-element elementor-element-6ba4daf elementor-section-boxed elementor-section-height-default elementor-section-height-default qodef-elementor-content-no\" data-id=\"6ba4daf\" data-element_type=\"section\" data-e-type=\"section\">\n\t\t\t\t\t\t<div class=\"elementor-container elementor-column-gap-default\">\n\t\t\t\t\t<div class=\"elementor-column elementor-col-50 elementor-top-column elementor-element elementor-element-c3fa42e\" data-id=\"c3fa42e\" data-element_type=\"column\" data-e-type=\"column\">\n\t\t\t<div class=\"elementor-widget-wrap elementor-element-populated\">\n\t\t\t\t\t\t<div class=\"elementor-element elementor-element-87c1126 elementor-widget elementor-widget-spacer\" data-id=\"87c1126\" data-element_type=\"widget\" data-e-type=\"widget\" data-widget_type=\"spacer.default\">\n\t\t\t\t<div class=\"elementor-widget-container\">\n\t\t\t\t\t\t\t<div class=\"elementor-spacer\">\n\t\t\t<div class=\"elementor-spacer-inner\"><\/div>\n\t\t<\/div>\n\t\t\t\t\t\t<\/div>\n\t\t\t\t<\/div>\n\t\t\t\t<div class=\"elementor-element elementor-element-d65d23f elementor-widget elementor-widget-heading\" data-id=\"d65d23f\" data-element_type=\"widget\" data-e-type=\"widget\" data-widget_type=\"heading.default\">\n\t\t\t\t<div class=\"elementor-widget-container\">\n\t\t\t\t\t<h4 class=\"elementor-heading-title elementor-size-default\">Ableton Live<\/h4>\t\t\t\t<\/div>\n\t\t\t\t<\/div>\n\t\t\t\t<div class=\"elementor-element elementor-element-d81e656 elementor-widget elementor-widget-text-editor\" data-id=\"d81e656\" data-element_type=\"widget\" data-e-type=\"widget\" data-widget_type=\"text-editor.default\">\n\t\t\t\t<div class=\"elementor-widget-container\">\n\t\t\t\t\t\t\t\t\t<p>Ableton Live kom fyrst \u00fat \u00e1ri\u00f0 2001 og hefur, eins og \u00f6nnur forrit h\u00e9r \u00e1 listanum, vaxi\u00f0 og dafna\u00f0 fr\u00e1 \u00fev\u00ed s\u00ed\u00f0an \u00fe\u00e1 og forriti\u00f0 er vins\u00e6lt. Forriti\u00f0 er selt \u00ed \u00feremur \u00fatg\u00e1fum, sem kosta (\u00ed febr\u00faar 2023) $99, $449 og $779.<\/p>\t\t\t\t\t\t\t\t<\/div>\n\t\t\t\t<\/div>\n\t\t\t\t<div class=\"elementor-element elementor-element-6118f30 elementor-widget elementor-widget-video\" data-id=\"6118f30\" data-element_type=\"widget\" data-e-type=\"widget\" data-settings=\"{&quot;youtube_url&quot;:&quot;https:\\\/\\\/www.youtube.com\\\/watch?v=G64-yM0Bs78&quot;,&quot;video_type&quot;:&quot;youtube&quot;,&quot;controls&quot;:&quot;yes&quot;}\" data-widget_type=\"video.default\">\n\t\t\t\t<div class=\"elementor-widget-container\">\n\t\t\t\t\t\t\t<div class=\"elementor-wrapper elementor-open-inline\">\n\t\t\t<div class=\"elementor-video\"><\/div>\t\t<\/div>\n\t\t\t\t\t\t<\/div>\n\t\t\t\t<\/div>\n\t\t\t\t\t<\/div>\n\t\t<\/div>\n\t\t\t\t<div class=\"elementor-column elementor-col-50 elementor-top-column elementor-element elementor-element-929d544\" data-id=\"929d544\" data-element_type=\"column\" data-e-type=\"column\">\n\t\t\t<div class=\"elementor-widget-wrap elementor-element-populated\">\n\t\t\t\t\t\t<div class=\"elementor-element elementor-element-285f884 elementor-widget elementor-widget-spacer\" data-id=\"285f884\" data-element_type=\"widget\" data-e-type=\"widget\" data-widget_type=\"spacer.default\">\n\t\t\t\t<div class=\"elementor-widget-container\">\n\t\t\t\t\t\t\t<div class=\"elementor-spacer\">\n\t\t\t<div class=\"elementor-spacer-inner\"><\/div>\n\t\t<\/div>\n\t\t\t\t\t\t<\/div>\n\t\t\t\t<\/div>\n\t\t\t\t<div class=\"elementor-element elementor-element-3955749 elementor-widget elementor-widget-heading\" data-id=\"3955749\" data-element_type=\"widget\" data-e-type=\"widget\" data-widget_type=\"heading.default\">\n\t\t\t\t<div class=\"elementor-widget-container\">\n\t\t\t\t\t<h4 class=\"elementor-heading-title elementor-size-default\">Pro tools<\/h4>\t\t\t\t<\/div>\n\t\t\t\t<\/div>\n\t\t\t\t<div class=\"elementor-element elementor-element-e6879a3 elementor-widget elementor-widget-text-editor\" data-id=\"e6879a3\" data-element_type=\"widget\" data-e-type=\"widget\" data-widget_type=\"text-editor.default\">\n\t\t\t\t<div class=\"elementor-widget-container\">\n\t\t\t\t\t\t\t\t\t<p>Pro Tools hefur lengi veri\u00f0 a\u00f0alhugb\u00fana\u00f0urinn sem er nota\u00f0ur \u00ed m\u00f6rgum atvinnuhlj\u00f3\u00f0verum um allan heim.<\/p><p>\u00a0<\/p><p>Ver\u00f0 (febr\u00faar 2023): $10 \u00e1 m\u00e1nu\u00f0i fyrir nemendur og $30 \u00e1 m\u00e1nu\u00f0i fyrir a\u00f0ra.<\/p>\t\t\t\t\t\t\t\t<\/div>\n\t\t\t\t<\/div>\n\t\t\t\t<div class=\"elementor-element elementor-element-53770dc elementor-widget elementor-widget-video\" data-id=\"53770dc\" data-element_type=\"widget\" data-e-type=\"widget\" data-settings=\"{&quot;youtube_url&quot;:&quot;https:\\\/\\\/www.youtube.com\\\/watch?v=2PPihcAHhgU&quot;,&quot;video_type&quot;:&quot;youtube&quot;,&quot;controls&quot;:&quot;yes&quot;}\" data-widget_type=\"video.default\">\n\t\t\t\t<div class=\"elementor-widget-container\">\n\t\t\t\t\t\t\t<div class=\"elementor-wrapper elementor-open-inline\">\n\t\t\t<div class=\"elementor-video\"><\/div>\t\t<\/div>\n\t\t\t\t\t\t<\/div>\n\t\t\t\t<\/div>\n\t\t\t\t\t<\/div>\n\t\t<\/div>\n\t\t\t\t\t<\/div>\n\t\t<\/section>\n\t\t\t\t<section class=\"elementor-section elementor-top-section elementor-element elementor-element-98f822d elementor-section-boxed elementor-section-height-default elementor-section-height-default qodef-elementor-content-no\" data-id=\"98f822d\" data-element_type=\"section\" data-e-type=\"section\">\n\t\t\t\t\t\t<div class=\"elementor-container elementor-column-gap-default\">\n\t\t\t\t\t<div class=\"elementor-column elementor-col-50 elementor-top-column elementor-element elementor-element-a05b6a5\" data-id=\"a05b6a5\" data-element_type=\"column\" data-e-type=\"column\">\n\t\t\t<div class=\"elementor-widget-wrap elementor-element-populated\">\n\t\t\t\t\t\t<div class=\"elementor-element elementor-element-cb73d95 elementor-widget elementor-widget-spacer\" data-id=\"cb73d95\" data-element_type=\"widget\" data-e-type=\"widget\" data-widget_type=\"spacer.default\">\n\t\t\t\t<div class=\"elementor-widget-container\">\n\t\t\t\t\t\t\t<div class=\"elementor-spacer\">\n\t\t\t<div class=\"elementor-spacer-inner\"><\/div>\n\t\t<\/div>\n\t\t\t\t\t\t<\/div>\n\t\t\t\t<\/div>\n\t\t\t\t<div class=\"elementor-element elementor-element-5415860 elementor-widget elementor-widget-heading\" data-id=\"5415860\" data-element_type=\"widget\" data-e-type=\"widget\" data-widget_type=\"heading.default\">\n\t\t\t\t<div class=\"elementor-widget-container\">\n\t\t\t\t\t<h4 class=\"elementor-heading-title elementor-size-default\">Cubase<\/h4>\t\t\t\t<\/div>\n\t\t\t\t<\/div>\n\t\t\t\t<div class=\"elementor-element elementor-element-0ef6ead elementor-widget elementor-widget-text-editor\" data-id=\"0ef6ead\" data-element_type=\"widget\" data-e-type=\"widget\" data-widget_type=\"text-editor.default\">\n\t\t\t\t<div class=\"elementor-widget-container\">\n\t\t\t\t\t\t\t\t\t<p>Cubase kom fyrst \u00e1 marka\u00f0inn \u00e1ri\u00f0 1989 og \u00fev\u00ed liggur g\u00edfurleg reynsla \u00e1 bakvi\u00f0 n\u00fdjustu \u00fatg\u00e1fur \u00feess. Forriti\u00f0 hefur alla t\u00ed\u00f0 veri\u00f0 vins\u00e6lt.<\/p><p>Cubase er til \u00ed nokkrum \u00fatg\u00e1fum. S\u00fa \u00f3d\u00fdrasta kostar (\u00ed febr\u00faar 2023) \u20ac99 en s\u00fa d\u00fdrasta kostar \u20ac579.<\/p>\t\t\t\t\t\t\t\t<\/div>\n\t\t\t\t<\/div>\n\t\t\t\t<div class=\"elementor-element elementor-element-d39d1f4 elementor-widget elementor-widget-video\" data-id=\"d39d1f4\" data-element_type=\"widget\" data-e-type=\"widget\" data-settings=\"{&quot;youtube_url&quot;:&quot;https:\\\/\\\/www.youtube.com\\\/watch?v=ubR-xvLPaY4&quot;,&quot;video_type&quot;:&quot;youtube&quot;,&quot;controls&quot;:&quot;yes&quot;}\" data-widget_type=\"video.default\">\n\t\t\t\t<div class=\"elementor-widget-container\">\n\t\t\t\t\t\t\t<div class=\"elementor-wrapper elementor-open-inline\">\n\t\t\t<div class=\"elementor-video\"><\/div>\t\t<\/div>\n\t\t\t\t\t\t<\/div>\n\t\t\t\t<\/div>\n\t\t\t\t\t<\/div>\n\t\t<\/div>\n\t\t\t\t<div class=\"elementor-column elementor-col-50 elementor-top-column elementor-element elementor-element-04635e0\" data-id=\"04635e0\" data-element_type=\"column\" data-e-type=\"column\">\n\t\t\t<div class=\"elementor-widget-wrap elementor-element-populated\">\n\t\t\t\t\t\t<div class=\"elementor-element elementor-element-f27e78d elementor-widget elementor-widget-spacer\" data-id=\"f27e78d\" data-element_type=\"widget\" data-e-type=\"widget\" data-widget_type=\"spacer.default\">\n\t\t\t\t<div class=\"elementor-widget-container\">\n\t\t\t\t\t\t\t<div class=\"elementor-spacer\">\n\t\t\t<div class=\"elementor-spacer-inner\"><\/div>\n\t\t<\/div>\n\t\t\t\t\t\t<\/div>\n\t\t\t\t<\/div>\n\t\t\t\t<div class=\"elementor-element elementor-element-ba2e74c elementor-widget elementor-widget-heading\" data-id=\"ba2e74c\" data-element_type=\"widget\" data-e-type=\"widget\" data-widget_type=\"heading.default\">\n\t\t\t\t<div class=\"elementor-widget-container\">\n\t\t\t\t\t<h4 class=\"elementor-heading-title elementor-size-default\">reaper<\/h4>\t\t\t\t<\/div>\n\t\t\t\t<\/div>\n\t\t\t\t<div class=\"elementor-element elementor-element-a1f7c5d elementor-widget elementor-widget-text-editor\" data-id=\"a1f7c5d\" data-element_type=\"widget\" data-e-type=\"widget\" data-widget_type=\"text-editor.default\">\n\t\t\t\t<div class=\"elementor-widget-container\">\n\t\t\t\t\t\t\t\t\t<p>Reaper er einnig t\u00f6luvert vins\u00e6lt hlj\u00f3\u00f0uppt\u00f6kuforrit. S\u00e1 er \u00feetta ritar hefur ekki pr\u00f3fa\u00f0 \u00fea\u00f0 en veit a\u00f0 m\u00f6rgum finnst mj\u00f6g gott a\u00f0 nota \u00feetta forrit. Ver\u00f0i\u00f0 sakar svo ekki, \u00fev\u00ed fyrir langflesta notendur kostar forriti\u00f0 ekki nema $60 og h\u00e6gt er a\u00f0 pr\u00f3fa \u00fea\u00f0 fr\u00edtt \u00ed 60 daga \u00e1\u00f0ur en \u00fea\u00f0 er keypt.<\/p>\t\t\t\t\t\t\t\t<\/div>\n\t\t\t\t<\/div>\n\t\t\t\t<div class=\"elementor-element elementor-element-7350bb7 elementor-widget elementor-widget-video\" data-id=\"7350bb7\" data-element_type=\"widget\" data-e-type=\"widget\" data-settings=\"{&quot;youtube_url&quot;:&quot;https:\\\/\\\/www.youtube.com\\\/watch?v=f6pUEjbCe5A&quot;,&quot;video_type&quot;:&quot;youtube&quot;,&quot;controls&quot;:&quot;yes&quot;}\" data-widget_type=\"video.default\">\n\t\t\t\t<div class=\"elementor-widget-container\">\n\t\t\t\t\t\t\t<div class=\"elementor-wrapper elementor-open-inline\">\n\t\t\t<div class=\"elementor-video\"><\/div>\t\t<\/div>\n\t\t\t\t\t\t<\/div>\n\t\t\t\t<\/div>\n\t\t\t\t\t<\/div>\n\t\t<\/div>\n\t\t\t\t\t<\/div>\n\t\t<\/section>\n\t\t\t\t<\/div>\n\t\t","protected":false},"excerpt":{"rendered":"<p>\u00d6pp og forrit &#8211; uppt\u00f6kur N\u00fa \u00ed dag er h\u00e6gt a\u00f0 nota t\u00f6lvur til a\u00f0 taka upp mj\u00f6g fl\u00f3kin uppt\u00f6kuverkefni me\u00f0 fj\u00f6lm\u00f6rgum r\u00e1sum. Til a\u00f0 n\u00e1 sem mestum g\u00e6\u00f0um er \u00fe\u00f3 mikilv\u00e6gt a\u00f0 eiga annan b\u00fana\u00f0, eins og til d\u00e6mis g\u00f3\u00f0a hlj\u00f3\u00f0nema og utan\u00e1liggjandi hlj\u00f3\u00f0kort. \u00deegar \u00fe\u00fa leitar \u00e1 netinu a\u00f0 uppt\u00f6kuforritum er gott a\u00f0 [&hellip;]<\/p>\n","protected":false},"author":1,"featured_media":0,"parent":0,"menu_order":0,"comment_status":"closed","ping_status":"closed","template":"page-full-width.php","meta":{"footnotes":""},"class_list":["post-4089","page","type-page","status-publish","hentry"],"_links":{"self":[{"href":"https:\/\/tonfraedi.is\/index.php\/wp-json\/wp\/v2\/pages\/4089","targetHints":{"allow":["GET"]}}],"collection":[{"href":"https:\/\/tonfraedi.is\/index.php\/wp-json\/wp\/v2\/pages"}],"about":[{"href":"https:\/\/tonfraedi.is\/index.php\/wp-json\/wp\/v2\/types\/page"}],"author":[{"embeddable":true,"href":"https:\/\/tonfraedi.is\/index.php\/wp-json\/wp\/v2\/users\/1"}],"replies":[{"embeddable":true,"href":"https:\/\/tonfraedi.is\/index.php\/wp-json\/wp\/v2\/comments?post=4089"}],"version-history":[{"count":36,"href":"https:\/\/tonfraedi.is\/index.php\/wp-json\/wp\/v2\/pages\/4089\/revisions"}],"predecessor-version":[{"id":5874,"href":"https:\/\/tonfraedi.is\/index.php\/wp-json\/wp\/v2\/pages\/4089\/revisions\/5874"}],"wp:attachment":[{"href":"https:\/\/tonfraedi.is\/index.php\/wp-json\/wp\/v2\/media?parent=4089"}],"curies":[{"name":"wp","href":"https:\/\/api.w.org\/{rel}","templated":true}]}}