{"id":4091,"date":"2022-10-08T01:17:48","date_gmt":"2022-10-08T01:17:48","guid":{"rendered":"http:\/\/tonfraedi.is\/?page_id=4091"},"modified":"2023-04-13T11:51:13","modified_gmt":"2023-04-13T11:51:13","slug":"oppogforrit_tonlistarleikir","status":"publish","type":"page","link":"https:\/\/tonfraedi.is\/index.php\/oppogforrit_tonlistarleikir\/","title":{"rendered":"\u00d6pp og forrit &#8211; T\u00f3nlistarleikir"},"content":{"rendered":"\t\t<div data-elementor-type=\"wp-page\" data-elementor-id=\"4091\" class=\"elementor elementor-4091\">\n\t\t\t\t\t\t<section class=\"elementor-section elementor-top-section elementor-element elementor-element-b6567a6 elementor-section-boxed elementor-section-height-default elementor-section-height-default qodef-elementor-content-no\" data-id=\"b6567a6\" data-element_type=\"section\" data-e-type=\"section\">\n\t\t\t\t\t\t<div class=\"elementor-container elementor-column-gap-default\">\n\t\t\t\t\t<div class=\"elementor-column elementor-col-100 elementor-top-column elementor-element elementor-element-9df5b84\" data-id=\"9df5b84\" data-element_type=\"column\" data-e-type=\"column\">\n\t\t\t<div class=\"elementor-widget-wrap elementor-element-populated\">\n\t\t\t\t\t\t<div class=\"elementor-element elementor-element-b7e8392 elementor-widget elementor-widget-heading\" data-id=\"b7e8392\" data-element_type=\"widget\" data-e-type=\"widget\" data-widget_type=\"heading.default\">\n\t\t\t\t<div class=\"elementor-widget-container\">\n\t\t\t\t\t<h2 class=\"elementor-heading-title elementor-size-default\">\u00d6pp og forrit - t\u00f3nlistarleikir<\/h2>\t\t\t\t<\/div>\n\t\t\t\t<\/div>\n\t\t\t\t\t<\/div>\n\t\t<\/div>\n\t\t\t\t\t<\/div>\n\t\t<\/section>\n\t\t\t\t<section class=\"elementor-section elementor-top-section elementor-element elementor-element-a34aeb2 elementor-section-boxed elementor-section-height-default elementor-section-height-default qodef-elementor-content-no\" data-id=\"a34aeb2\" data-element_type=\"section\" data-e-type=\"section\">\n\t\t\t\t\t\t<div class=\"elementor-container elementor-column-gap-default\">\n\t\t\t\t\t<div class=\"elementor-column elementor-col-100 elementor-top-column elementor-element elementor-element-91aaaa0\" data-id=\"91aaaa0\" data-element_type=\"column\" data-e-type=\"column\">\n\t\t\t<div class=\"elementor-widget-wrap elementor-element-populated\">\n\t\t\t\t\t\t<div class=\"elementor-element elementor-element-385db05 elementor-widget elementor-widget-text-editor\" data-id=\"385db05\" data-element_type=\"widget\" data-e-type=\"widget\" data-widget_type=\"text-editor.default\">\n\t\t\t\t<div class=\"elementor-widget-container\">\n\t\t\t\t\t\t\t\t\t<p>H\u00e9r kemur listi yfir allskyns t\u00f3nlistarleiki sem h\u00e6gt er a\u00f0 finna \u00e1 Netinu. L\u00f6g\u00f0 ver\u00f0ur \u00e1hersla \u00e1 t\u00f3nlistarleiki sem nemendur eru l\u00edklegir til a\u00f0 l\u00e6ra eitthva\u00f0 af og \u00feeir leikir sem krefjast engrar kunn\u00e1ttu e\u00f0a l\u00e6rd\u00f3ms ver\u00f0a skildir \u00fatundan.<\/p>\t\t\t\t\t\t\t\t<\/div>\n\t\t\t\t<\/div>\n\t\t\t\t<div class=\"elementor-element elementor-element-1b59497 elementor-widget elementor-widget-text-editor\" data-id=\"1b59497\" data-element_type=\"widget\" data-e-type=\"widget\" data-widget_type=\"text-editor.default\">\n\t\t\t\t<div class=\"elementor-widget-container\">\n\t\t\t\t\t\t\t\t\t<p>Nutka, Song pop party, Bagpipe, Ella, Music Crab, Musical Notes, Kindermusik, Noteworks, Smart Scales, Sight Sing Pro, Music Theory Test, ABRSM Piano Practice, Aural Wiz, ABRSM 1-5 Aural Trainer, Stave&#8217;n&#8217;Tabs, Sibelius<\/p><p>\u00a0<\/p>\t\t\t\t\t\t\t\t<\/div>\n\t\t\t\t<\/div>\n\t\t\t\t\t<\/div>\n\t\t<\/div>\n\t\t\t\t\t<\/div>\n\t\t<\/section>\n\t\t\t\t<section class=\"elementor-section elementor-top-section elementor-element elementor-element-1670234 elementor-section-boxed elementor-section-height-default elementor-section-height-default qodef-elementor-content-no\" data-id=\"1670234\" data-element_type=\"section\" data-e-type=\"section\">\n\t\t\t\t\t\t<div class=\"elementor-container elementor-column-gap-default\">\n\t\t\t\t\t<div class=\"elementor-column elementor-col-50 elementor-top-column elementor-element elementor-element-ac8370f\" data-id=\"ac8370f\" data-element_type=\"column\" data-e-type=\"column\">\n\t\t\t<div class=\"elementor-widget-wrap elementor-element-populated\">\n\t\t\t\t\t\t<div class=\"elementor-element elementor-element-796fbea elementor-widget elementor-widget-video\" data-id=\"796fbea\" data-element_type=\"widget\" data-e-type=\"widget\" data-settings=\"{&quot;youtube_url&quot;:&quot;https:\\\/\\\/youtu.be\\\/JrplPwzybps&quot;,&quot;video_type&quot;:&quot;youtube&quot;,&quot;controls&quot;:&quot;yes&quot;}\" data-widget_type=\"video.default\">\n\t\t\t\t<div class=\"elementor-widget-container\">\n\t\t\t\t\t\t\t<div class=\"elementor-wrapper elementor-open-inline\">\n\t\t\t<div class=\"elementor-video\"><\/div>\t\t<\/div>\n\t\t\t\t\t\t<\/div>\n\t\t\t\t<\/div>\n\t\t\t\t<div class=\"elementor-element elementor-element-c882919 elementor-widget elementor-widget-text-editor\" data-id=\"c882919\" data-element_type=\"widget\" data-e-type=\"widget\" data-widget_type=\"text-editor.default\">\n\t\t\t\t<div class=\"elementor-widget-container\">\n\t\t\t\t\t\t\t\t\t<p><b>Rhythm Cat Lite<\/b> &#8211; mj\u00f6g skemmtilegur og vel hanna\u00f0ur leikur \u00fear sem \u00fe\u00fa \u00e6fir \u00feig \u00ed a\u00f0 sl\u00e1 inn takt \u00e1 me\u00f0an l\u00f6g eru spilu\u00f0. H\u00e6gt er a\u00f0 kaupa fulla \u00fatg\u00e1fu af leiknum ef \u00fe\u00fa vilt halda \u00e1fram eftir a\u00f0 hafa kl\u00e1ra\u00f0 allt \u00f3keypis efni\u00f0.<\/p><p>Rhythm Cat Lite \u00e1 Google Play:\u00a0<a style=\"font-family: inherit; font-size: inherit; font-style: inherit; letter-spacing: inherit; text-transform: inherit;\" href=\"https:\/\/play.google.com\/store\/apps\/details?id=com.stockmusicboutique.rhythmcatlite\" target=\"_blank\" rel=\"noopener\">https:\/\/play.google.com\/store\/apps\/details?id=com.stockmusicboutique.rhythmcatlite<\/a><\/p><p>Rhythm Cat Lite \u00ed App Store:\u00a0<a style=\"font-family: inherit; font-size: inherit; font-style: inherit; letter-spacing: inherit; text-transform: inherit;\" href=\"https:\/\/apps.apple.com\/za\/app\/rhythm-cat-lite\/id488167475\">https:\/\/apps.apple.com\/za\/app\/rhythm-cat-lite\/id488167475<\/a><span style=\"color: var( --e-global-color-text ); font-family: inherit; font-size: inherit; font-style: inherit; letter-spacing: inherit; text-transform: inherit;\">\u00a0<\/span><\/p><p>\u00a0<\/p>\t\t\t\t\t\t\t\t<\/div>\n\t\t\t\t<\/div>\n\t\t\t\t\t<\/div>\n\t\t<\/div>\n\t\t\t\t<div class=\"elementor-column elementor-col-50 elementor-top-column elementor-element elementor-element-aac6bd6\" data-id=\"aac6bd6\" data-element_type=\"column\" data-e-type=\"column\">\n\t\t\t<div class=\"elementor-widget-wrap elementor-element-populated\">\n\t\t\t\t\t\t<div class=\"elementor-element elementor-element-746ac5f elementor-widget elementor-widget-video\" data-id=\"746ac5f\" data-element_type=\"widget\" data-e-type=\"widget\" data-settings=\"{&quot;youtube_url&quot;:&quot;https:\\\/\\\/youtu.be\\\/poT3NbjSO-o&quot;,&quot;video_type&quot;:&quot;youtube&quot;,&quot;controls&quot;:&quot;yes&quot;}\" data-widget_type=\"video.default\">\n\t\t\t\t<div class=\"elementor-widget-container\">\n\t\t\t\t\t\t\t<div class=\"elementor-wrapper elementor-open-inline\">\n\t\t\t<div class=\"elementor-video\"><\/div>\t\t<\/div>\n\t\t\t\t\t\t<\/div>\n\t\t\t\t<\/div>\n\t\t\t\t<div class=\"elementor-element elementor-element-676ad39 elementor-widget elementor-widget-text-editor\" data-id=\"676ad39\" data-element_type=\"widget\" data-e-type=\"widget\" data-widget_type=\"text-editor.default\">\n\t\t\t\t<div class=\"elementor-widget-container\">\n\t\t\t\t\t\t\t\t\t<p><b>Treble Cat<\/b><span style=\"background-color: #ffffff;\">\u00a0&#8211; Leikur fr\u00e1 sama framlei\u00f0anda og &#8222;Rhythm Cat&#8220; en h\u00e9r \u00e6fir\u00f0u \u00feig \u00ed n\u00f3tunum \u00ed G-lykli. &#8222;Lite&#8220; leikurinn er \u00f3keypis en svo er h\u00e6gt a\u00f0 kaupa fulla \u00fatg\u00e1fu ef \u00fe\u00fa vilt halda \u00e1fram eftir a\u00f0 hafa kl\u00e1ra\u00f0 allt \u00f3keypis efni\u00f0.<\/span><\/p><p><span style=\"background-color: #ffffff;\">Treble Cat Lite \u00e1 Google:\u00a0<\/span><span style=\"color: var( --e-global-color-text ); font-family: inherit; font-size: inherit; font-style: inherit; letter-spacing: inherit; text-transform: inherit;\">https:\/\/play.google.com\/store\/apps\/details?id=com.stockmusicboutique.treblecatlite<\/span><\/p><p>Treble Cat Lite \u00ed App Store:\u00a0<a style=\"font-family: inherit; font-size: inherit; font-style: inherit; letter-spacing: inherit; text-transform: inherit;\" href=\"https:\/\/apps.apple.com\/za\/app\/treble-cat-lite\/id846013030\">https:\/\/apps.apple.com\/za\/app\/treble-cat-lite\/id846013030<\/a><\/p>\t\t\t\t\t\t\t\t<\/div>\n\t\t\t\t<\/div>\n\t\t\t\t\t<\/div>\n\t\t<\/div>\n\t\t\t\t\t<\/div>\n\t\t<\/section>\n\t\t\t\t<section class=\"elementor-section elementor-top-section elementor-element elementor-element-1dd8db7 elementor-section-boxed elementor-section-height-default elementor-section-height-default qodef-elementor-content-no\" data-id=\"1dd8db7\" data-element_type=\"section\" data-e-type=\"section\">\n\t\t\t\t\t\t<div class=\"elementor-container elementor-column-gap-default\">\n\t\t\t\t\t<div class=\"elementor-column elementor-col-50 elementor-top-column elementor-element elementor-element-2326607\" data-id=\"2326607\" data-element_type=\"column\" data-e-type=\"column\">\n\t\t\t<div class=\"elementor-widget-wrap elementor-element-populated\">\n\t\t\t\t\t\t<div class=\"elementor-element elementor-element-cf9f320 elementor-widget elementor-widget-video\" data-id=\"cf9f320\" data-element_type=\"widget\" data-e-type=\"widget\" data-settings=\"{&quot;youtube_url&quot;:&quot;https:\\\/\\\/youtu.be\\\/lYku5lTl8dg&quot;,&quot;video_type&quot;:&quot;youtube&quot;,&quot;controls&quot;:&quot;yes&quot;}\" data-widget_type=\"video.default\">\n\t\t\t\t<div class=\"elementor-widget-container\">\n\t\t\t\t\t\t\t<div class=\"elementor-wrapper elementor-open-inline\">\n\t\t\t<div class=\"elementor-video\"><\/div>\t\t<\/div>\n\t\t\t\t\t\t<\/div>\n\t\t\t\t<\/div>\n\t\t\t\t<div class=\"elementor-element elementor-element-b2b8d38 elementor-widget elementor-widget-text-editor\" data-id=\"b2b8d38\" data-element_type=\"widget\" data-e-type=\"widget\" data-widget_type=\"text-editor.default\">\n\t\t\t\t<div class=\"elementor-widget-container\">\n\t\t\t\t\t\t\t\t\t<p><b>Bass Cat<\/b> &#8211; leikur sem er eins og &#8222;Treble Cat&#8220; en h\u00e9r eru n\u00f3turnar \u00ed F-lykli \u00e6f\u00f0ar.<\/p><p>Bass Cat Lite \u00e1 Google Play:\u00a0https:\/\/play.google.com\/store\/apps\/details?id=com.melodycats.basscatlite<\/p><p>Bass Cat Lite \u00e1 App Store:\u00a0<a style=\"font-family: inherit; font-size: inherit; font-style: inherit; letter-spacing: inherit; text-transform: inherit;\" href=\"https:\/\/apps.apple.com\/za\/app\/bass-cat-lite-read-music\/id1446460468\">https:\/\/apps.apple.com\/za\/app\/bass-cat-lite-read-music\/id1446460468<\/a><\/p>\t\t\t\t\t\t\t\t<\/div>\n\t\t\t\t<\/div>\n\t\t\t\t\t<\/div>\n\t\t<\/div>\n\t\t\t\t<div class=\"elementor-column elementor-col-50 elementor-top-column elementor-element elementor-element-df89d18\" data-id=\"df89d18\" data-element_type=\"column\" data-e-type=\"column\">\n\t\t\t<div class=\"elementor-widget-wrap elementor-element-populated\">\n\t\t\t\t\t\t<div class=\"elementor-element elementor-element-d1c896b elementor-widget elementor-widget-image\" data-id=\"d1c896b\" data-element_type=\"widget\" data-e-type=\"widget\" data-widget_type=\"image.default\">\n\t\t\t\t<div class=\"elementor-widget-container\">\n\t\t\t\t\t\t\t\t\t\t\t\t\t\t\t<img fetchpriority=\"high\" decoding=\"async\" width=\"289\" height=\"300\" src=\"https:\/\/tonfraedi.is\/wp-content\/uploads\/2023\/04\/Screenshot-2023-04-13-at-10.33.25-289x300.png\" class=\"attachment-medium size-medium wp-image-5893\" alt=\"\" srcset=\"https:\/\/tonfraedi.is\/wp-content\/uploads\/2023\/04\/Screenshot-2023-04-13-at-10.33.25-289x300.png 289w, https:\/\/tonfraedi.is\/wp-content\/uploads\/2023\/04\/Screenshot-2023-04-13-at-10.33.25.png 470w\" sizes=\"(max-width: 289px) 100vw, 289px\" \/>\t\t\t\t\t\t\t\t\t\t\t\t\t\t\t<\/div>\n\t\t\t\t<\/div>\n\t\t\t\t<div class=\"elementor-element elementor-element-de56d93 elementor-widget elementor-widget-text-editor\" data-id=\"de56d93\" data-element_type=\"widget\" data-e-type=\"widget\" data-widget_type=\"text-editor.default\">\n\t\t\t\t<div class=\"elementor-widget-container\">\n\t\t\t\t\t\t\t\t\t<p>Epic Orchestra &#8211; skemmtilegur leikur sem krakkar hafa gaman af og a\u00f0 reyna a\u00f0 gera betur \u00ed hvert skipti. \u00de\u00fa \u00fearft a\u00f0 n\u00e1 a\u00f0 &#8222;stj\u00f3rna&#8220; hlj\u00f3msveitinni r\u00e9tt me\u00f0 \u00fev\u00ed a\u00f0 renna fingrinum upp, ni\u00f0ur, til vinstri og til h\u00e6gri til \u00feess a\u00f0 hlj\u00f3\u00f0f\u00e6raleikararnir \u00e1 skj\u00e1num m\u00f3\u00f0gist ekki og h\u00e6tti \u00ed hlj\u00f3msveitinni!<\/p><p>Epic Orchestra \u00e1 App Store:\u00a0<a style=\"font-family: inherit; font-size: inherit; font-style: inherit; letter-spacing: inherit; text-transform: inherit;\" href=\"https:\/\/apps.apple.com\/za\/app\/epic-orchestra\/id1063781546\">https:\/\/apps.apple.com\/za\/app\/epic-orchestra\/id1063781546<\/a><\/p>\t\t\t\t\t\t\t\t<\/div>\n\t\t\t\t<\/div>\n\t\t\t\t\t<\/div>\n\t\t<\/div>\n\t\t\t\t\t<\/div>\n\t\t<\/section>\n\t\t\t\t<section class=\"elementor-section elementor-top-section elementor-element elementor-element-2f4bcb3 elementor-section-boxed elementor-section-height-default elementor-section-height-default qodef-elementor-content-no\" data-id=\"2f4bcb3\" data-element_type=\"section\" data-e-type=\"section\">\n\t\t\t\t\t\t<div class=\"elementor-container elementor-column-gap-default\">\n\t\t\t\t\t<div class=\"elementor-column elementor-col-50 elementor-top-column elementor-element elementor-element-128eb10\" data-id=\"128eb10\" data-element_type=\"column\" data-e-type=\"column\">\n\t\t\t<div class=\"elementor-widget-wrap elementor-element-populated\">\n\t\t\t\t\t\t<div class=\"elementor-element elementor-element-dbb1762 elementor-widget elementor-widget-image\" data-id=\"dbb1762\" data-element_type=\"widget\" data-e-type=\"widget\" data-widget_type=\"image.default\">\n\t\t\t\t<div class=\"elementor-widget-container\">\n\t\t\t\t\t\t\t\t\t\t\t\t\t\t\t<img decoding=\"async\" width=\"300\" height=\"229\" src=\"https:\/\/tonfraedi.is\/wp-content\/uploads\/2023\/04\/Screenshot-2023-04-13-at-11.28.54-300x229.png\" class=\"attachment-medium size-medium wp-image-5903\" alt=\"\" srcset=\"https:\/\/tonfraedi.is\/wp-content\/uploads\/2023\/04\/Screenshot-2023-04-13-at-11.28.54-300x229.png 300w, https:\/\/tonfraedi.is\/wp-content\/uploads\/2023\/04\/Screenshot-2023-04-13-at-11.28.54-650x498.png 650w, https:\/\/tonfraedi.is\/wp-content\/uploads\/2023\/04\/Screenshot-2023-04-13-at-11.28.54.png 652w\" sizes=\"(max-width: 300px) 100vw, 300px\" \/>\t\t\t\t\t\t\t\t\t\t\t\t\t\t\t<\/div>\n\t\t\t\t<\/div>\n\t\t\t\t<div class=\"elementor-element elementor-element-387a54e elementor-widget elementor-widget-text-editor\" data-id=\"387a54e\" data-element_type=\"widget\" data-e-type=\"widget\" data-widget_type=\"text-editor.default\">\n\t\t\t\t<div class=\"elementor-widget-container\">\n\t\t\t\t\t\t\t\t\t<p><b>SoundForest<\/b> &#8211; \u00ed \u00feessum leik ra\u00f0ar \u00fe\u00fa upp allskyns t\u00e1knum \u00ed r\u00f6\u00f0 og b\u00fdr\u00f0 me\u00f0 \u00fev\u00ed til allskyns skemmtilega takta!<\/p><p>SoundForest \u00ed App Store:\u00a0<a style=\"font-family: inherit; font-size: inherit; font-style: inherit; letter-spacing: inherit; text-transform: inherit;\" href=\"https:\/\/apps.apple.com\/za\/app\/soundforest\/id1194745290\">https:\/\/apps.apple.com\/za\/app\/soundforest\/id1194745290<\/a><\/p>\t\t\t\t\t\t\t\t<\/div>\n\t\t\t\t<\/div>\n\t\t\t\t\t<\/div>\n\t\t<\/div>\n\t\t\t\t<div class=\"elementor-column elementor-col-50 elementor-top-column elementor-element elementor-element-5128253\" data-id=\"5128253\" data-element_type=\"column\" data-e-type=\"column\">\n\t\t\t<div class=\"elementor-widget-wrap elementor-element-populated\">\n\t\t\t\t\t\t<div class=\"elementor-element elementor-element-ae5d76a elementor-widget elementor-widget-image\" data-id=\"ae5d76a\" data-element_type=\"widget\" data-e-type=\"widget\" data-widget_type=\"image.default\">\n\t\t\t\t<div class=\"elementor-widget-container\">\n\t\t\t\t\t\t\t\t\t\t\t\t\t\t\t<img decoding=\"async\" width=\"169\" height=\"300\" src=\"https:\/\/tonfraedi.is\/wp-content\/uploads\/2023\/04\/Screenshot-2023-04-13-at-11.35.24-169x300.png\" class=\"attachment-medium size-medium wp-image-5905\" alt=\"\" srcset=\"https:\/\/tonfraedi.is\/wp-content\/uploads\/2023\/04\/Screenshot-2023-04-13-at-11.35.24-169x300.png 169w, https:\/\/tonfraedi.is\/wp-content\/uploads\/2023\/04\/Screenshot-2023-04-13-at-11.35.24.png 392w\" sizes=\"(max-width: 169px) 100vw, 169px\" \/>\t\t\t\t\t\t\t\t\t\t\t\t\t\t\t<\/div>\n\t\t\t\t<\/div>\n\t\t\t\t<div class=\"elementor-element elementor-element-8ccd812 elementor-widget elementor-widget-text-editor\" data-id=\"8ccd812\" data-element_type=\"widget\" data-e-type=\"widget\" data-widget_type=\"text-editor.default\">\n\t\t\t\t<div class=\"elementor-widget-container\">\n\t\t\t\t\t\t\t\t\t<p>\u00cd <b>Bagpipe<\/b> \u00fearftu a\u00f0 bl\u00e1sa inn \u00ed hlj\u00f3\u00f0nema s\u00edmans til a\u00f0 b\u00faa til loft fyrir \u00feetta bl\u00e1sturshlj\u00f3\u00f0f\u00e6ri. Svo \u00fdtir\u00f0u \u00e1 &#8222;g\u00f6tin&#8220; \u00e1 hlj\u00f3\u00f0f\u00e6rinu sem \u00fe\u00fa s\u00e9r\u00f0 \u00e1 s\u00edmaskj\u00e1num. Ekki leyfa loftinu a\u00f0 kl\u00e1rast \u00fev\u00ed \u00fe\u00e1 h\u00e6ttir hlj\u00f3\u00f0f\u00e6ri\u00f0 a\u00f0 spila t\u00f3na!<\/p><p>Bagpipe \u00ed App Store:&nbsp;<a href=\"https:\/\/apps.apple.com\/za\/app\/soundforest\/id1194745290\" style=\"font-family: inherit; font-size: inherit; font-style: inherit; letter-spacing: inherit; text-transform: inherit;\">https:\/\/apps.apple.com\/za\/app\/soundforest\/id1194745290<\/a><\/p>\t\t\t\t\t\t\t\t<\/div>\n\t\t\t\t<\/div>\n\t\t\t\t\t<\/div>\n\t\t<\/div>\n\t\t\t\t\t<\/div>\n\t\t<\/section>\n\t\t\t\t<\/div>\n\t\t","protected":false},"excerpt":{"rendered":"<p>\u00d6pp og forrit &#8211; t\u00f3nlistarleikir H\u00e9r kemur listi yfir allskyns t\u00f3nlistarleiki sem h\u00e6gt er a\u00f0 finna \u00e1 Netinu. L\u00f6g\u00f0 ver\u00f0ur \u00e1hersla \u00e1 t\u00f3nlistarleiki sem nemendur eru l\u00edklegir til a\u00f0 l\u00e6ra eitthva\u00f0 af og \u00feeir leikir sem krefjast engrar kunn\u00e1ttu e\u00f0a l\u00e6rd\u00f3ms ver\u00f0a skildir \u00fatundan. Nutka, Song pop party, Bagpipe, Ella, Music Crab, Musical Notes, Kindermusik, [&hellip;]<\/p>\n","protected":false},"author":1,"featured_media":0,"parent":0,"menu_order":0,"comment_status":"closed","ping_status":"closed","template":"page-full-width.php","meta":{"footnotes":""},"class_list":["post-4091","page","type-page","status-publish","hentry"],"_links":{"self":[{"href":"https:\/\/tonfraedi.is\/index.php\/wp-json\/wp\/v2\/pages\/4091","targetHints":{"allow":["GET"]}}],"collection":[{"href":"https:\/\/tonfraedi.is\/index.php\/wp-json\/wp\/v2\/pages"}],"about":[{"href":"https:\/\/tonfraedi.is\/index.php\/wp-json\/wp\/v2\/types\/page"}],"author":[{"embeddable":true,"href":"https:\/\/tonfraedi.is\/index.php\/wp-json\/wp\/v2\/users\/1"}],"replies":[{"embeddable":true,"href":"https:\/\/tonfraedi.is\/index.php\/wp-json\/wp\/v2\/comments?post=4091"}],"version-history":[{"count":29,"href":"https:\/\/tonfraedi.is\/index.php\/wp-json\/wp\/v2\/pages\/4091\/revisions"}],"predecessor-version":[{"id":5908,"href":"https:\/\/tonfraedi.is\/index.php\/wp-json\/wp\/v2\/pages\/4091\/revisions\/5908"}],"wp:attachment":[{"href":"https:\/\/tonfraedi.is\/index.php\/wp-json\/wp\/v2\/media?parent=4091"}],"curies":[{"name":"wp","href":"https:\/\/api.w.org\/{rel}","templated":true}]}}