{"id":4094,"date":"2022-10-08T01:18:52","date_gmt":"2022-10-08T01:18:52","guid":{"rendered":"http:\/\/tonfraedi.is\/?page_id=4094"},"modified":"2023-02-01T18:40:11","modified_gmt":"2023-02-01T18:40:11","slug":"oppogforrit_notnaskrift","status":"publish","type":"page","link":"https:\/\/tonfraedi.is\/index.php\/oppogforrit_notnaskrift\/","title":{"rendered":"\u00d6pp og forrit &#8211; N\u00f3tnaskrift"},"content":{"rendered":"\t\t<div data-elementor-type=\"wp-page\" data-elementor-id=\"4094\" class=\"elementor elementor-4094\">\n\t\t\t\t\t\t<section class=\"elementor-section elementor-top-section elementor-element elementor-element-b6567a6 elementor-section-boxed elementor-section-height-default elementor-section-height-default qodef-elementor-content-no\" data-id=\"b6567a6\" data-element_type=\"section\" data-e-type=\"section\">\n\t\t\t\t\t\t<div class=\"elementor-container elementor-column-gap-default\">\n\t\t\t\t\t<div class=\"elementor-column elementor-col-100 elementor-top-column elementor-element elementor-element-9df5b84\" data-id=\"9df5b84\" data-element_type=\"column\" data-e-type=\"column\">\n\t\t\t<div class=\"elementor-widget-wrap elementor-element-populated\">\n\t\t\t\t\t\t<div class=\"elementor-element elementor-element-b7e8392 elementor-widget elementor-widget-heading\" data-id=\"b7e8392\" data-element_type=\"widget\" data-e-type=\"widget\" data-widget_type=\"heading.default\">\n\t\t\t\t<div class=\"elementor-widget-container\">\n\t\t\t\t\t<h2 class=\"elementor-heading-title elementor-size-default\">\u00d6pp og forrit - n\u00f3tnaskrift<\/h2>\t\t\t\t<\/div>\n\t\t\t\t<\/div>\n\t\t\t\t\t<\/div>\n\t\t<\/div>\n\t\t\t\t\t<\/div>\n\t\t<\/section>\n\t\t\t\t<section class=\"elementor-section elementor-top-section elementor-element elementor-element-a34aeb2 elementor-section-boxed elementor-section-height-default elementor-section-height-default qodef-elementor-content-no\" data-id=\"a34aeb2\" data-element_type=\"section\" data-e-type=\"section\">\n\t\t\t\t\t\t<div class=\"elementor-container elementor-column-gap-default\">\n\t\t\t\t\t<div class=\"elementor-column elementor-col-100 elementor-top-column elementor-element elementor-element-91aaaa0\" data-id=\"91aaaa0\" data-element_type=\"column\" data-e-type=\"column\">\n\t\t\t<div class=\"elementor-widget-wrap elementor-element-populated\">\n\t\t\t\t\t\t<div class=\"elementor-element elementor-element-385db05 elementor-widget elementor-widget-text-editor\" data-id=\"385db05\" data-element_type=\"widget\" data-e-type=\"widget\" data-widget_type=\"text-editor.default\">\n\t\t\t\t<div class=\"elementor-widget-container\">\n\t\t\t\t\t\t\t\t\t<p>Hvort sem \u00fe\u00fa vilt skrifa \u00fat n\u00f3tur a\u00f0 eigin t\u00f3nsm\u00ed\u00f0um og l\u00f6gum e\u00f0a gera \u00fatsetningar af l\u00f6gum eftir a\u00f0ra eru h\u00e9r nokkur n\u00f3tnaskriftarforrit fyrir \u00feig a\u00f0 velja \u00far.<\/p>\t\t\t\t\t\t\t\t<\/div>\n\t\t\t\t<\/div>\n\t\t\t\t\t<\/div>\n\t\t<\/div>\n\t\t\t\t\t<\/div>\n\t\t<\/section>\n\t\t\t\t<section class=\"elementor-section elementor-top-section elementor-element elementor-element-7751297 elementor-section-boxed elementor-section-height-default elementor-section-height-default qodef-elementor-content-no\" data-id=\"7751297\" data-element_type=\"section\" data-e-type=\"section\">\n\t\t\t\t\t\t<div class=\"elementor-container elementor-column-gap-default\">\n\t\t\t\t\t<div class=\"elementor-column elementor-col-50 elementor-top-column elementor-element elementor-element-d5816a8\" data-id=\"d5816a8\" data-element_type=\"column\" data-e-type=\"column\">\n\t\t\t<div class=\"elementor-widget-wrap elementor-element-populated\">\n\t\t\t\t\t\t<div class=\"elementor-element elementor-element-aa1a0bb elementor-widget elementor-widget-heading\" data-id=\"aa1a0bb\" data-element_type=\"widget\" data-e-type=\"widget\" data-widget_type=\"heading.default\">\n\t\t\t\t<div class=\"elementor-widget-container\">\n\t\t\t\t\t<h4 class=\"elementor-heading-title elementor-size-default\"><a href=\"https:\/\/musescore.com\" target=\"_blank\">musescore<\/a><\/h4>\t\t\t\t<\/div>\n\t\t\t\t<\/div>\n\t\t\t\t<div class=\"elementor-element elementor-element-db691a2 elementor-widget elementor-widget-text-editor\" data-id=\"db691a2\" data-element_type=\"widget\" data-e-type=\"widget\" data-widget_type=\"text-editor.default\">\n\t\t\t\t<div class=\"elementor-widget-container\">\n\t\t\t\t\t\t\t\t\t<p>\u00d3keypis n\u00f3tnaskriftarforrit sem h\u00e6gt er a\u00f0 nota \u00e1 Windows og Mac t\u00f6lvum. Forriti\u00f0 er mj\u00f6g vins\u00e6lt me\u00f0al t\u00f3nlistarnemenda og annarra sem vilja geta\u00f0 skrifa\u00f0 \u00fat fallegar n\u00f3tur en vilja ekki ey\u00f0a miklum pening \u00ed forritin. N\u00fdjasta \u00fatg\u00e1fa forritsins er or\u00f0in mj\u00f6g \u00f6flug og \u00fe\u00e6gileg \u00ed notkun og m\u00f6rg ykkar \u00e6ttu ekki a\u00f0 \u00feurfa \u00f6flugra n\u00f3tnaskriftarforrit en \u00feetta. \u00dea\u00f0 er h\u00e6gt a\u00f0 hla\u00f0a forritinu ni\u00f0ur a <a href=\"https:\/\/www.musescore.com\" target=\"_blank\" rel=\"noopener\">www.musescore.com<\/a>.<\/p><p>\u00dea\u00f0 eru m\u00f6rg hj\u00e1lpleg myndb\u00f6nd \u00e1 <a href=\"https:\/\/www.youtube.com\/@musescore\/videos\" target=\"_blank\" rel=\"noopener\">Youtube-r\u00e1s framlei\u00f0andans<\/a>. H\u00e9r er eitt \u00feeirra en \u00fe\u00fa getur smellt \u00e1 hlekkinn fyrir ofan til a\u00f0 sj\u00e1 \u00f6nnur myndb\u00f6nd:<\/p>\t\t\t\t\t\t\t\t<\/div>\n\t\t\t\t<\/div>\n\t\t\t\t<div class=\"elementor-element elementor-element-675fe4a elementor-widget elementor-widget-video\" data-id=\"675fe4a\" data-element_type=\"widget\" data-e-type=\"widget\" data-settings=\"{&quot;youtube_url&quot;:&quot;https:\\\/\\\/www.youtube.com\\\/watch?v=0X8G59wJcXc&quot;,&quot;video_type&quot;:&quot;youtube&quot;,&quot;controls&quot;:&quot;yes&quot;}\" data-widget_type=\"video.default\">\n\t\t\t\t<div class=\"elementor-widget-container\">\n\t\t\t\t\t\t\t<div class=\"elementor-wrapper elementor-open-inline\">\n\t\t\t<div class=\"elementor-video\"><\/div>\t\t<\/div>\n\t\t\t\t\t\t<\/div>\n\t\t\t\t<\/div>\n\t\t\t\t\t<\/div>\n\t\t<\/div>\n\t\t\t\t<div class=\"elementor-column elementor-col-50 elementor-top-column elementor-element elementor-element-d0ceb27\" data-id=\"d0ceb27\" data-element_type=\"column\" data-e-type=\"column\">\n\t\t\t<div class=\"elementor-widget-wrap elementor-element-populated\">\n\t\t\t\t\t\t<div class=\"elementor-element elementor-element-f968cb4 elementor-widget elementor-widget-heading\" data-id=\"f968cb4\" data-element_type=\"widget\" data-e-type=\"widget\" data-widget_type=\"heading.default\">\n\t\t\t\t<div class=\"elementor-widget-container\">\n\t\t\t\t\t<h4 class=\"elementor-heading-title elementor-size-default\"><a href=\"https:\/\/www.avid.com\/sibelius\/comparison\" target=\"_blank\">Sibelius<\/a><\/h4>\t\t\t\t<\/div>\n\t\t\t\t<\/div>\n\t\t\t\t<div class=\"elementor-element elementor-element-b8e502d elementor-widget elementor-widget-text-editor\" data-id=\"b8e502d\" data-element_type=\"widget\" data-e-type=\"widget\" data-widget_type=\"text-editor.default\">\n\t\t\t\t<div class=\"elementor-widget-container\">\n\t\t\t\t\t\t\t\t\t<p>Langvins\u00e6lasta n\u00f3tnaskriftarforrit \u00ed heimi sem mj\u00f6g margir t\u00f3nlistarsk\u00f3lar og atvinnut\u00f3nsk\u00e1ld nota og til eru \u00fatg\u00e1fur b\u00e6\u00f0i fyrir t\u00f6lvur og fyrir snjallt\u00e6ki. Ver\u00f0lagningin \u00e1 forritinu er eil\u00edti\u00f0 fl\u00f3kin \u00fear sem h\u00e6gt er a\u00f0 kaupa mismunandi \u00fatg\u00e1fur &#8211; ein \u00feeirra (Sibelius First) er \u00f3keypis, \u00f6nnur heitir Sibelius Artist og leyfir \u00fe\u00e9r a\u00f0 skrifa t\u00f3nverk fyrir allt a\u00f0 16 hlj\u00f3\u00f0f\u00e6ri (a\u00f0 spila \u00ed einu) og s\u00fa \u00feri\u00f0ja heitir Sibelius Ultimate og er full \u00fatg\u00e1fa \u00e1n takmarkana. H\u00e6gt er a\u00f0 leigja Sibelius Artist fyrir $10 \u00e1 m\u00e1nu\u00f0i og Sibelius Ultimate fyrir $20 \u00e1 m\u00e1nu\u00f0i.\u00a0<a href=\"https:\/\/www.avid.com\/sibelius\/comparison\" target=\"_blank\" rel=\"noopener\">Smelli\u00f0 h\u00e9r til a\u00f0 sko\u00f0a alla m\u00f6guleikana og til a\u00f0 kaupa forriti\u00f0<\/a>.<\/p>\t\t\t\t\t\t\t\t<\/div>\n\t\t\t\t<\/div>\n\t\t\t\t<div class=\"elementor-element elementor-element-f334485 elementor-widget elementor-widget-video\" data-id=\"f334485\" data-element_type=\"widget\" data-e-type=\"widget\" data-settings=\"{&quot;youtube_url&quot;:&quot;https:\\\/\\\/www.youtube.com\\\/watch?v=pBM-yXo0TM4&amp;list=PLhCR_8aS9jOPvy871jRUESB0EdgOCD8s1&quot;,&quot;video_type&quot;:&quot;youtube&quot;,&quot;controls&quot;:&quot;yes&quot;}\" data-widget_type=\"video.default\">\n\t\t\t\t<div class=\"elementor-widget-container\">\n\t\t\t\t\t\t\t<div class=\"elementor-wrapper elementor-open-inline\">\n\t\t\t<div class=\"elementor-video\"><\/div>\t\t<\/div>\n\t\t\t\t\t\t<\/div>\n\t\t\t\t<\/div>\n\t\t\t\t\t<\/div>\n\t\t<\/div>\n\t\t\t\t\t<\/div>\n\t\t<\/section>\n\t\t\t\t<section class=\"elementor-section elementor-top-section elementor-element elementor-element-1c1e16f elementor-section-boxed elementor-section-height-default elementor-section-height-default qodef-elementor-content-no\" data-id=\"1c1e16f\" data-element_type=\"section\" data-e-type=\"section\">\n\t\t\t\t\t\t<div class=\"elementor-container elementor-column-gap-default\">\n\t\t\t\t\t<div class=\"elementor-column elementor-col-50 elementor-top-column elementor-element elementor-element-b30d67f\" data-id=\"b30d67f\" data-element_type=\"column\" data-e-type=\"column\">\n\t\t\t<div class=\"elementor-widget-wrap elementor-element-populated\">\n\t\t\t\t\t\t<div class=\"elementor-element elementor-element-49dd90e elementor-widget elementor-widget-spacer\" data-id=\"49dd90e\" data-element_type=\"widget\" data-e-type=\"widget\" data-widget_type=\"spacer.default\">\n\t\t\t\t<div class=\"elementor-widget-container\">\n\t\t\t\t\t\t\t<div class=\"elementor-spacer\">\n\t\t\t<div class=\"elementor-spacer-inner\"><\/div>\n\t\t<\/div>\n\t\t\t\t\t\t<\/div>\n\t\t\t\t<\/div>\n\t\t\t\t<div class=\"elementor-element elementor-element-cf22a22 elementor-widget elementor-widget-heading\" data-id=\"cf22a22\" data-element_type=\"widget\" data-e-type=\"widget\" data-widget_type=\"heading.default\">\n\t\t\t\t<div class=\"elementor-widget-container\">\n\t\t\t\t\t<h4 class=\"elementor-heading-title elementor-size-default\"><a href=\"https:\/\/store.makemusic.com\/Store\/default.aspx?tab=notation\" target=\"_blank\">Finale<\/a><\/h4>\t\t\t\t<\/div>\n\t\t\t\t<\/div>\n\t\t\t\t<div class=\"elementor-element elementor-element-9ee0214 elementor-widget elementor-widget-text-editor\" data-id=\"9ee0214\" data-element_type=\"widget\" data-e-type=\"widget\" data-widget_type=\"text-editor.default\">\n\t\t\t\t<div class=\"elementor-widget-container\">\n\t\t\t\t\t\t\t\t\t<p>Finale er anna\u00f0 n\u00f3tnaskriftarforrit sem hefur veri\u00f0 til lengi og er uppf\u00e6rt \u00e1 hverju \u00e1ri me\u00f0 n\u00fdjum m\u00f6guleikum. M\u00f6rg atvinnut\u00f3nsk\u00e1ld og \u00fatsetjarar nota Finale en \u00fe\u00f3 l\u00edklega mun f\u00e6rri en \u00feau sem nota Sibelius. S\u00e1 sem \u00feetta ritar hefur veri\u00f0 Finale-notandi fr\u00e1 \u00e1rinu 1993 og vill helst ekkert anna\u00f0 n\u00f3tnaskriftarforrit nota. \u00dea\u00f0 er til \u00f3keypis \u00fatg\u00e1fa sem heitir Finale Notepad (<a href=\"https:\/\/www.finalemusic.com\/products\/notepad\/\" target=\"_blank\" rel=\"noopener\">s\u00e6ki\u00f0 \u00fea\u00f0 h\u00e9r<\/a>) en forriti\u00f0 \u00ed fullri st\u00e6r\u00f0 kostar $299 fyrir flesta notendur. <a href=\"https:\/\/store.makemusic.com\/Store\/default.aspx?tab=notation\" target=\"_blank\" rel=\"noopener\">H\u00e9r er h\u00e6gt a\u00f0 kaupa \u00fea\u00f0<\/a>.<\/p>\t\t\t\t\t\t\t\t<\/div>\n\t\t\t\t<\/div>\n\t\t\t\t<div class=\"elementor-element elementor-element-959a33c elementor-widget elementor-widget-video\" data-id=\"959a33c\" data-element_type=\"widget\" data-e-type=\"widget\" data-settings=\"{&quot;youtube_url&quot;:&quot;https:\\\/\\\/www.youtube.com\\\/watch?v=Hd2CG86Ij4E&amp;list=PLoe2tmQEu2EZXAm6gacUY8KT_VbGYMJMg&quot;,&quot;video_type&quot;:&quot;youtube&quot;,&quot;controls&quot;:&quot;yes&quot;}\" data-widget_type=\"video.default\">\n\t\t\t\t<div class=\"elementor-widget-container\">\n\t\t\t\t\t\t\t<div class=\"elementor-wrapper elementor-open-inline\">\n\t\t\t<div class=\"elementor-video\"><\/div>\t\t<\/div>\n\t\t\t\t\t\t<\/div>\n\t\t\t\t<\/div>\n\t\t\t\t\t<\/div>\n\t\t<\/div>\n\t\t\t\t<div class=\"elementor-column elementor-col-50 elementor-top-column elementor-element elementor-element-aa98d03\" data-id=\"aa98d03\" data-element_type=\"column\" data-e-type=\"column\">\n\t\t\t<div class=\"elementor-widget-wrap elementor-element-populated\">\n\t\t\t\t\t\t<div class=\"elementor-element elementor-element-3b1574a elementor-widget elementor-widget-spacer\" data-id=\"3b1574a\" data-element_type=\"widget\" data-e-type=\"widget\" data-widget_type=\"spacer.default\">\n\t\t\t\t<div class=\"elementor-widget-container\">\n\t\t\t\t\t\t\t<div class=\"elementor-spacer\">\n\t\t\t<div class=\"elementor-spacer-inner\"><\/div>\n\t\t<\/div>\n\t\t\t\t\t\t<\/div>\n\t\t\t\t<\/div>\n\t\t\t\t<div class=\"elementor-element elementor-element-7e5eaeb elementor-widget elementor-widget-heading\" data-id=\"7e5eaeb\" data-element_type=\"widget\" data-e-type=\"widget\" data-widget_type=\"heading.default\">\n\t\t\t\t<div class=\"elementor-widget-container\">\n\t\t\t\t\t<h4 class=\"elementor-heading-title elementor-size-default\"><a href=\"https:\/\/www.steinberg.net\/dorico\/compare-editions\/\" target=\"_blank\">Dorico<\/a><\/h4>\t\t\t\t<\/div>\n\t\t\t\t<\/div>\n\t\t\t\t<div class=\"elementor-element elementor-element-b96d780 elementor-widget elementor-widget-text-editor\" data-id=\"b96d780\" data-element_type=\"widget\" data-e-type=\"widget\" data-widget_type=\"text-editor.default\">\n\t\t\t\t<div class=\"elementor-widget-container\">\n\t\t\t\t\t\t\t\t\t<p>Dorico er tilt\u00f6lulega n\u00fdtt \u00e1 marka\u00f0num (mi\u00f0a\u00f0 vi\u00f0 Finale og Sibelius) en er framleitt af fyrirt\u00e6ki sem hefur veri\u00f0 mj\u00f6g lengi \u00ed bransanum. Dorico fyrir t\u00f6lvur er mj\u00f6g \u00f6flugt og t\u00f6luver\u00f0ur fj\u00f6ldi atvinnut\u00f3nlistarf\u00f3lks hefur \u00e1kve\u00f0i\u00f0 a\u00f0 skipta fr\u00e1 hinum st\u00f3ru forritunum yfir \u00ed Dorico. Dorico er til \u00ed nokkrum \u00fatg\u00e1fum: Dorico SE er frekar einfalt en er \u00f3keypis. Dorico Elements er l\u00edklega n\u00f3g fyrir langflest t\u00f3nlistarf\u00f3lk (og kostar \u20ac99) en s\u00ed\u00f0an er einnig til Dorico Pro sem er hugsa\u00f0 fyrir \u00feau sem skrifa til d\u00e6mis fyrir st\u00f3rar sinf\u00f3n\u00eduhlj\u00f3msveitir. S\u00fa \u00fatg\u00e1fa kostar \u20ac579. <a href=\"https:\/\/www.steinberg.net\/dorico\/compare-editions\/\" target=\"_blank\" rel=\"noopener\">H\u00e6gt er a\u00f0 sko\u00f0a allar \u00fatg\u00e1fur og kaupa h\u00e9r<\/a>.<\/p><p>Einnig er til Dorico fyrir iPad sem er \u00f3keypis a\u00f0 nota fyrir n\u00f3tur fyrir einn hlj\u00f3\u00f0f\u00e6raleikara en svo er h\u00e6gt a\u00f0 grei\u00f0a fyrir \u00e1skrift til a\u00f0 geta skrifa\u00f0 n\u00f3tur fyrir fleiri a\u00f0 spila \u00ed einu. <a href=\"https:\/\/apps.apple.com\/us\/app\/dorico-compose-music\/id1556625090\" target=\"_blank\" rel=\"noopener\">\u00dea\u00f0 er h\u00e6gt a\u00f0 hla\u00f0a appinu ni\u00f0ur h\u00e9r<\/a>.<\/p>\t\t\t\t\t\t\t\t<\/div>\n\t\t\t\t<\/div>\n\t\t\t\t<div class=\"elementor-element elementor-element-debefdb elementor-widget elementor-widget-video\" data-id=\"debefdb\" data-element_type=\"widget\" data-e-type=\"widget\" data-settings=\"{&quot;youtube_url&quot;:&quot;https:\\\/\\\/www.youtube.com\\\/watch?v=Pzdvhej4bmU&quot;,&quot;video_type&quot;:&quot;youtube&quot;,&quot;controls&quot;:&quot;yes&quot;}\" data-widget_type=\"video.default\">\n\t\t\t\t<div class=\"elementor-widget-container\">\n\t\t\t\t\t\t\t<div class=\"elementor-wrapper elementor-open-inline\">\n\t\t\t<div class=\"elementor-video\"><\/div>\t\t<\/div>\n\t\t\t\t\t\t<\/div>\n\t\t\t\t<\/div>\n\t\t\t\t\t<\/div>\n\t\t<\/div>\n\t\t\t\t\t<\/div>\n\t\t<\/section>\n\t\t\t\t<section class=\"elementor-section elementor-top-section elementor-element elementor-element-3946811 elementor-section-boxed elementor-section-height-default elementor-section-height-default qodef-elementor-content-no\" data-id=\"3946811\" data-element_type=\"section\" data-e-type=\"section\">\n\t\t\t\t\t\t<div class=\"elementor-container elementor-column-gap-default\">\n\t\t\t\t\t<div class=\"elementor-column elementor-col-50 elementor-top-column elementor-element elementor-element-8b2973d\" data-id=\"8b2973d\" data-element_type=\"column\" data-e-type=\"column\">\n\t\t\t<div class=\"elementor-widget-wrap elementor-element-populated\">\n\t\t\t\t\t\t<div class=\"elementor-element elementor-element-4946f93 elementor-widget elementor-widget-spacer\" data-id=\"4946f93\" data-element_type=\"widget\" data-e-type=\"widget\" data-widget_type=\"spacer.default\">\n\t\t\t\t<div class=\"elementor-widget-container\">\n\t\t\t\t\t\t\t<div class=\"elementor-spacer\">\n\t\t\t<div class=\"elementor-spacer-inner\"><\/div>\n\t\t<\/div>\n\t\t\t\t\t\t<\/div>\n\t\t\t\t<\/div>\n\t\t\t\t<div class=\"elementor-element elementor-element-901c569 elementor-widget elementor-widget-heading\" data-id=\"901c569\" data-element_type=\"widget\" data-e-type=\"widget\" data-widget_type=\"heading.default\">\n\t\t\t\t<div class=\"elementor-widget-container\">\n\t\t\t\t\t<h4 class=\"elementor-heading-title elementor-size-default\"><a href=\"https:\/\/shop.presonus.com\/Notion-6\" target=\"_blank\">Notion 6<\/a><\/h4>\t\t\t\t<\/div>\n\t\t\t\t<\/div>\n\t\t\t\t<div class=\"elementor-element elementor-element-be211a0 elementor-widget elementor-widget-text-editor\" data-id=\"be211a0\" data-element_type=\"widget\" data-e-type=\"widget\" data-widget_type=\"text-editor.default\">\n\t\t\t\t<div class=\"elementor-widget-container\">\n\t\t\t\t\t\t\t\t\t<p>S\u00e1 sem \u00feetta ritar hefur ekki pr\u00f3fa\u00f0 Notion 6 en h\u00e9r vir\u00f0ist vera um a\u00f0 r\u00e6\u00f0a mj\u00f6g \u00f6flugt n\u00f3tnaskriftarforrit sem b\u00fd\u00f0ur upp \u00e1 allt sem atvinnuf\u00f3lk \u00ed t\u00f3nlist g\u00e6ti nokkurn t\u00edmann \u00feurft og gerir t\u00f3nsk\u00e1ldum til d\u00e6mis au\u00f0veldara a\u00f0 semja kvikmyndat\u00f3nlist \u00fev\u00ed h\u00e6gt a\u00f0 sam\u00fe\u00e6tta myndbandsspilun vi\u00f0 t\u00f3nlistarforriti\u00f0. Ver\u00f0i\u00f0 er einnig t\u00f6luvert l\u00e6gra en d\u00fdrustu \u00fatg\u00e1fur samkeppnisa\u00f0ilanna Finale, Sibelius og Dorico en \u00feegar ver\u00f0i\u00f0 \u00e1 Notion 6 var athuga\u00f0 \u00ed jan\u00faar 2023 var \u00fea\u00f0 a\u00f0eins 22.671 kr\u00f3nur. <a href=\"https:\/\/shop.presonus.com\/Notion-6\" target=\"_blank\" rel=\"noopener\">H\u00e9r er h\u00e6gt a\u00f0 kaupa Notion 6<\/a>.<\/p>\t\t\t\t\t\t\t\t<\/div>\n\t\t\t\t<\/div>\n\t\t\t\t<div class=\"elementor-element elementor-element-608a7e7 elementor-widget elementor-widget-video\" data-id=\"608a7e7\" data-element_type=\"widget\" data-e-type=\"widget\" data-settings=\"{&quot;youtube_url&quot;:&quot;https:\\\/\\\/www.youtube.com\\\/watch?v=1gEhDajR9YM&quot;,&quot;video_type&quot;:&quot;youtube&quot;,&quot;controls&quot;:&quot;yes&quot;}\" data-widget_type=\"video.default\">\n\t\t\t\t<div class=\"elementor-widget-container\">\n\t\t\t\t\t\t\t<div class=\"elementor-wrapper elementor-open-inline\">\n\t\t\t<div class=\"elementor-video\"><\/div>\t\t<\/div>\n\t\t\t\t\t\t<\/div>\n\t\t\t\t<\/div>\n\t\t\t\t\t<\/div>\n\t\t<\/div>\n\t\t\t\t<div class=\"elementor-column elementor-col-50 elementor-top-column elementor-element elementor-element-666a447\" data-id=\"666a447\" data-element_type=\"column\" data-e-type=\"column\">\n\t\t\t<div class=\"elementor-widget-wrap\">\n\t\t\t\t\t\t\t<\/div>\n\t\t<\/div>\n\t\t\t\t\t<\/div>\n\t\t<\/section>\n\t\t\t\t<\/div>\n\t\t","protected":false},"excerpt":{"rendered":"<p>\u00d6pp og forrit &#8211; n\u00f3tnaskrift Hvort sem \u00fe\u00fa vilt skrifa \u00fat n\u00f3tur a\u00f0 eigin t\u00f3nsm\u00ed\u00f0um og l\u00f6gum e\u00f0a gera \u00fatsetningar af l\u00f6gum eftir a\u00f0ra eru h\u00e9r nokkur n\u00f3tnaskriftarforrit fyrir \u00feig a\u00f0 velja \u00far. musescore \u00d3keypis n\u00f3tnaskriftarforrit sem h\u00e6gt er a\u00f0 nota \u00e1 Windows og Mac t\u00f6lvum. Forriti\u00f0 er mj\u00f6g vins\u00e6lt me\u00f0al t\u00f3nlistarnemenda og annarra sem [&hellip;]<\/p>\n","protected":false},"author":1,"featured_media":0,"parent":0,"menu_order":0,"comment_status":"closed","ping_status":"closed","template":"page-full-width.php","meta":{"footnotes":""},"class_list":["post-4094","page","type-page","status-publish","hentry"],"_links":{"self":[{"href":"https:\/\/tonfraedi.is\/index.php\/wp-json\/wp\/v2\/pages\/4094","targetHints":{"allow":["GET"]}}],"collection":[{"href":"https:\/\/tonfraedi.is\/index.php\/wp-json\/wp\/v2\/pages"}],"about":[{"href":"https:\/\/tonfraedi.is\/index.php\/wp-json\/wp\/v2\/types\/page"}],"author":[{"embeddable":true,"href":"https:\/\/tonfraedi.is\/index.php\/wp-json\/wp\/v2\/users\/1"}],"replies":[{"embeddable":true,"href":"https:\/\/tonfraedi.is\/index.php\/wp-json\/wp\/v2\/comments?post=4094"}],"version-history":[{"count":48,"href":"https:\/\/tonfraedi.is\/index.php\/wp-json\/wp\/v2\/pages\/4094\/revisions"}],"predecessor-version":[{"id":5471,"href":"https:\/\/tonfraedi.is\/index.php\/wp-json\/wp\/v2\/pages\/4094\/revisions\/5471"}],"wp:attachment":[{"href":"https:\/\/tonfraedi.is\/index.php\/wp-json\/wp\/v2\/media?parent=4094"}],"curies":[{"name":"wp","href":"https:\/\/api.w.org\/{rel}","templated":true}]}}