{"id":4096,"date":"2022-10-08T01:19:21","date_gmt":"2022-10-08T01:19:21","guid":{"rendered":"http:\/\/tonfraedi.is\/?page_id=4096"},"modified":"2023-02-01T18:33:11","modified_gmt":"2023-02-01T18:33:11","slug":"oppogforrit_tonlistarhlustun","status":"publish","type":"page","link":"https:\/\/tonfraedi.is\/index.php\/oppogforrit_tonlistarhlustun\/","title":{"rendered":"\u00d6pp og forrit &#8211; T\u00f3nlistarhlustun"},"content":{"rendered":"\t\t<div data-elementor-type=\"wp-page\" data-elementor-id=\"4096\" class=\"elementor elementor-4096\">\n\t\t\t\t\t\t<section class=\"elementor-section elementor-top-section elementor-element elementor-element-b6567a6 elementor-section-boxed elementor-section-height-default elementor-section-height-default qodef-elementor-content-no\" data-id=\"b6567a6\" data-element_type=\"section\" data-e-type=\"section\">\n\t\t\t\t\t\t<div class=\"elementor-container elementor-column-gap-default\">\n\t\t\t\t\t<div class=\"elementor-column elementor-col-100 elementor-top-column elementor-element elementor-element-9df5b84\" data-id=\"9df5b84\" data-element_type=\"column\" data-e-type=\"column\">\n\t\t\t<div class=\"elementor-widget-wrap elementor-element-populated\">\n\t\t\t\t\t\t<div class=\"elementor-element elementor-element-b7e8392 elementor-widget elementor-widget-heading\" data-id=\"b7e8392\" data-element_type=\"widget\" data-e-type=\"widget\" data-widget_type=\"heading.default\">\n\t\t\t\t<div class=\"elementor-widget-container\">\n\t\t\t\t\t<h2 class=\"elementor-heading-title elementor-size-default\">\u00d6pp og forrit - t\u00f3nlistarhlustun<\/h2>\t\t\t\t<\/div>\n\t\t\t\t<\/div>\n\t\t\t\t\t<\/div>\n\t\t<\/div>\n\t\t\t\t\t<\/div>\n\t\t<\/section>\n\t\t\t\t<section class=\"elementor-section elementor-top-section elementor-element elementor-element-a34aeb2 elementor-section-boxed elementor-section-height-default elementor-section-height-default qodef-elementor-content-no\" data-id=\"a34aeb2\" data-element_type=\"section\" data-e-type=\"section\">\n\t\t\t\t\t\t<div class=\"elementor-container elementor-column-gap-default\">\n\t\t\t\t\t<div class=\"elementor-column elementor-col-100 elementor-top-column elementor-element elementor-element-91aaaa0\" data-id=\"91aaaa0\" data-element_type=\"column\" data-e-type=\"column\">\n\t\t\t<div class=\"elementor-widget-wrap elementor-element-populated\">\n\t\t\t\t\t\t<div class=\"elementor-element elementor-element-385db05 elementor-widget elementor-widget-text-editor\" data-id=\"385db05\" data-element_type=\"widget\" data-e-type=\"widget\" data-widget_type=\"text-editor.default\">\n\t\t\t\t<div class=\"elementor-widget-container\">\n\t\t\t\t\t\t\t\t\t<p>Fyrir ekki l\u00f6ngu s\u00ed\u00f0an var algengt a\u00f0 f\u00f3lk hl\u00e6\u00f0i ni\u00f0ur t\u00f3nlistarskr\u00e1m og spila\u00f0i \u00fe\u00e6r svo \u00ed s\u00e9rst\u00f6kum forritum. \u00cd dag hlusta langflestir hinsvegar \u00e1 t\u00f3nlist \u00ed gegnum einhverskonar streymisveitu og h\u00e9r fyrir ne\u00f0an m\u00e1 finna lista af \u00feeim helstu.<\/p><p>Fyrir \u00feau ykkar sem m\u00e1li skiptir hversu miki\u00f0 t\u00f3nlistarf\u00f3lki\u00f0 sj\u00e1lft f\u00e6r greitt hvetjum vi\u00f0 ykkur til \u00feess a\u00f0 kynna ykkur hversu miki\u00f0 hver t\u00f3nlistarveita borgar s\u00ednu t\u00f3nlistarf\u00f3lki og velja svo \u00fe\u00e6r veitur sem borga t\u00f3nlistarf\u00f3lki mest. \u00deannig gr\u00e6\u00f0um vi\u00f0 \u00f6ll, \u00fev\u00ed vi\u00f0 viljum au\u00f0vita\u00f0 a\u00f0 t\u00f3nlistarf\u00f3lk geti haft efni \u00e1 \u00fev\u00ed a\u00f0 b\u00faa til meira efni fyrir okkur.<\/p><p>\u00c1skriftarver\u00f0in sem vi\u00f0 gefum upp h\u00e9r fyrir ne\u00f0an eru \u00fdmist \u00ed dollurum e\u00f0a Evrum \u00fev\u00ed \u00f6ppin sj\u00e1lf gefa yfirleitt \u00e1skriftarver\u00f0in s\u00edn upp \u00ed \u00feeim gjaldmi\u00f0lum.<\/p>\t\t\t\t\t\t\t\t<\/div>\n\t\t\t\t<\/div>\n\t\t\t\t\t<\/div>\n\t\t<\/div>\n\t\t\t\t\t<\/div>\n\t\t<\/section>\n\t\t\t\t<section class=\"elementor-section elementor-top-section elementor-element elementor-element-8931812 elementor-section-boxed elementor-section-height-default elementor-section-height-default qodef-elementor-content-no\" data-id=\"8931812\" data-element_type=\"section\" data-e-type=\"section\">\n\t\t\t\t\t\t<div class=\"elementor-container elementor-column-gap-default\">\n\t\t\t\t\t<div class=\"elementor-column elementor-col-50 elementor-top-column elementor-element elementor-element-8f1393a\" data-id=\"8f1393a\" data-element_type=\"column\" data-e-type=\"column\">\n\t\t\t<div class=\"elementor-widget-wrap elementor-element-populated\">\n\t\t\t\t\t\t<div class=\"elementor-element elementor-element-8922781 elementor-widget elementor-widget-heading\" data-id=\"8922781\" data-element_type=\"widget\" data-e-type=\"widget\" data-widget_type=\"heading.default\">\n\t\t\t\t<div class=\"elementor-widget-container\">\n\t\t\t\t\t<h4 class=\"elementor-heading-title elementor-size-default\"><a href=\"https:\/\/spotify.com\" target=\"_blank\">Spotify<\/a><\/h4>\t\t\t\t<\/div>\n\t\t\t\t<\/div>\n\t\t\t\t<div class=\"elementor-element elementor-element-93cd8b0 elementor-widget elementor-widget-text-editor\" data-id=\"93cd8b0\" data-element_type=\"widget\" data-e-type=\"widget\" data-widget_type=\"text-editor.default\">\n\t\t\t\t<div class=\"elementor-widget-container\">\n\t\t\t\t\t\t\t\t\t<p>Spotify er langvins\u00e6lasta t\u00f3nlistarveita \u00ed heimi en er \u00fe\u00f3 s\u00fa n\u00e6stvins\u00e6lasta \u00ed Bandar\u00edkjunum. Spotify veitan hefur veri\u00f0 gagnr\u00fdnd fyrir \u00fea\u00f0 hversu l\u00edti\u00f0 \u00feau grei\u00f0a t\u00f3nlistarf\u00f3lki og \u00feau ykkar sem \u00fea\u00f0 skiptir m\u00e1li g\u00e6tu m\u00f6gulega vilja sko\u00f0a\u00f0 a\u00f0ra m\u00f6guleika. H\u00e9r er \u00fe\u00f3 h\u00e6gt a\u00f0 finna g\u00edfurlegt magn t\u00f3nlistar til a\u00f0 hlusta \u00e1.<\/p><p>Ver\u00f0 (\u00ed febr\u00faar 2023): \u00f3keypis me\u00f0 augl\u00fdsingum e\u00f0a $9.99 \u00e1 m\u00e1nu\u00f0i.<\/p>\t\t\t\t\t\t\t\t<\/div>\n\t\t\t\t<\/div>\n\t\t\t\t<div class=\"elementor-element elementor-element-5197a65 elementor-widget elementor-widget-image\" data-id=\"5197a65\" data-element_type=\"widget\" data-e-type=\"widget\" data-widget_type=\"image.default\">\n\t\t\t\t<div class=\"elementor-widget-container\">\n\t\t\t\t\t\t\t\t\t\t\t\t\t\t\t\t<a href=\"https:\/\/spotify.com\" target=\"_blank\">\n\t\t\t\t\t\t\t<img decoding=\"async\" width=\"150\" height=\"150\" src=\"https:\/\/tonfraedi.is\/wp-content\/uploads\/2023\/02\/spotify-logo-png-7053-150x150.png\" class=\"attachment-thumbnail size-thumbnail wp-image-5436\" alt=\"\" srcset=\"https:\/\/tonfraedi.is\/wp-content\/uploads\/2023\/02\/spotify-logo-png-7053-150x150.png 150w, https:\/\/tonfraedi.is\/wp-content\/uploads\/2023\/02\/spotify-logo-png-7053.png 300w\" sizes=\"(max-width: 150px) 100vw, 150px\" \/>\t\t\t\t\t\t\t\t<\/a>\n\t\t\t\t\t\t\t\t\t\t\t\t\t\t\t<\/div>\n\t\t\t\t<\/div>\n\t\t\t\t\t<\/div>\n\t\t<\/div>\n\t\t\t\t<div class=\"elementor-column elementor-col-50 elementor-top-column elementor-element elementor-element-497e933\" data-id=\"497e933\" data-element_type=\"column\" data-e-type=\"column\">\n\t\t\t<div class=\"elementor-widget-wrap elementor-element-populated\">\n\t\t\t\t\t\t<div class=\"elementor-element elementor-element-cb9baf1 elementor-widget elementor-widget-heading\" data-id=\"cb9baf1\" data-element_type=\"widget\" data-e-type=\"widget\" data-widget_type=\"heading.default\">\n\t\t\t\t<div class=\"elementor-widget-container\">\n\t\t\t\t\t<h4 class=\"elementor-heading-title elementor-size-default\"><a href=\"https:\/\/www.apple.com\/apple-music\/\" target=\"_blank\">Apple Music<\/a><\/h4>\t\t\t\t<\/div>\n\t\t\t\t<\/div>\n\t\t\t\t<div class=\"elementor-element elementor-element-499a52b elementor-widget elementor-widget-text-editor\" data-id=\"499a52b\" data-element_type=\"widget\" data-e-type=\"widget\" data-widget_type=\"text-editor.default\">\n\t\t\t\t<div class=\"elementor-widget-container\">\n\t\t\t\t\t\t\t\t\t<p>Vins\u00e6lasta t\u00f3nlistar\u00fej\u00f3nustan \u00ed Bandar\u00edkjunum og m\u00f6gulega s\u00fa \u00fe\u00e6gilegasta til a\u00f0 nota \u00e1 Apple t\u00e6kjum en h\u00fan er einnig \u00ed bo\u00f0i \u00ed Android t\u00e6kjum. H\u00fan b\u00fd\u00f0ur upp \u00e1 \u00fdmislegt \u00e1hugavert eins og uppt\u00f6kur \u00ed fullum g\u00e6\u00f0um, s\u00f6ngtexta me\u00f0 mj\u00f6g m\u00f6rgum uppt\u00f6kum, a\u00f0 h\u00e6gt s\u00e9 a\u00f0 l\u00e6kka \u00ed s\u00f6ngnum og syngja me\u00f0.<\/p><p>Ver\u00f0 (\u00ed febr\u00faar 2023): $9.99 \u00e1 m\u00e1nu\u00f0i fyrir venjulega \u00e1skrift e\u00f0a $14.99 \u00e1 m\u00e1nu\u00f0i fyrir fj\u00f6lskyldu\u00e1skrift. Einnig er h\u00e6gt a\u00f0 kaupa Apple One \u00e1skrift sem inniheldur Apple Music, sj\u00f3nvarps\u00fe\u00e1tta- og kvikmyndaveituna Apple TV+, leikjaveituna Apple Arcade og geymslupl\u00e1ss \u00ed iCloud sk\u00fdinu. S\u00fa \u00e1skrift kostar (\u00ed febr\u00faar 2023) $16.95 \u00e1 m\u00e1nu\u00f0i fyrir einstaklings\u00e1skrift og $22.95 \u00e1 m\u00e1nu\u00f0i fyrir fj\u00f6lskyldu\u00e1skrift.<\/p>\t\t\t\t\t\t\t\t<\/div>\n\t\t\t\t<\/div>\n\t\t\t\t<div class=\"elementor-element elementor-element-449bd0d elementor-widget elementor-widget-image\" data-id=\"449bd0d\" data-element_type=\"widget\" data-e-type=\"widget\" data-widget_type=\"image.default\">\n\t\t\t\t<div class=\"elementor-widget-container\">\n\t\t\t\t\t\t\t\t\t\t\t\t\t\t\t\t<a href=\"https:\/\/www.apple.com\/apple-music\/\" target=\"_blank\">\n\t\t\t\t\t\t\t<img decoding=\"async\" width=\"150\" height=\"150\" src=\"https:\/\/tonfraedi.is\/wp-content\/uploads\/2023\/02\/Apple-Music-150x150.png\" class=\"attachment-thumbnail size-thumbnail wp-image-5437\" alt=\"\" \/>\t\t\t\t\t\t\t\t<\/a>\n\t\t\t\t\t\t\t\t\t\t\t\t\t\t\t<\/div>\n\t\t\t\t<\/div>\n\t\t\t\t\t<\/div>\n\t\t<\/div>\n\t\t\t\t\t<\/div>\n\t\t<\/section>\n\t\t\t\t<section class=\"elementor-section elementor-top-section elementor-element elementor-element-a9ebda9 elementor-section-boxed elementor-section-height-default elementor-section-height-default qodef-elementor-content-no\" data-id=\"a9ebda9\" data-element_type=\"section\" data-e-type=\"section\">\n\t\t\t\t\t\t<div class=\"elementor-container elementor-column-gap-default\">\n\t\t\t\t\t<div class=\"elementor-column elementor-col-50 elementor-top-column elementor-element elementor-element-0c48022\" data-id=\"0c48022\" data-element_type=\"column\" data-e-type=\"column\">\n\t\t\t<div class=\"elementor-widget-wrap elementor-element-populated\">\n\t\t\t\t\t\t<div class=\"elementor-element elementor-element-e5f3279 elementor-widget elementor-widget-spacer\" data-id=\"e5f3279\" data-element_type=\"widget\" data-e-type=\"widget\" data-widget_type=\"spacer.default\">\n\t\t\t\t<div class=\"elementor-widget-container\">\n\t\t\t\t\t\t\t<div class=\"elementor-spacer\">\n\t\t\t<div class=\"elementor-spacer-inner\"><\/div>\n\t\t<\/div>\n\t\t\t\t\t\t<\/div>\n\t\t\t\t<\/div>\n\t\t\t\t<div class=\"elementor-element elementor-element-35efc9c elementor-widget elementor-widget-heading\" data-id=\"35efc9c\" data-element_type=\"widget\" data-e-type=\"widget\" data-widget_type=\"heading.default\">\n\t\t\t\t<div class=\"elementor-widget-container\">\n\t\t\t\t\t<h4 class=\"elementor-heading-title elementor-size-default\"><a href=\"https:\/\/music.youtube.com\" target=\"_blank\">Youtube Music<\/a><\/h4>\t\t\t\t<\/div>\n\t\t\t\t<\/div>\n\t\t\t\t<div class=\"elementor-element elementor-element-9a56637 elementor-widget elementor-widget-text-editor\" data-id=\"9a56637\" data-element_type=\"widget\" data-e-type=\"widget\" data-widget_type=\"text-editor.default\">\n\t\t\t\t<div class=\"elementor-widget-container\">\n\t\t\t\t\t\t\t\t\t<p>Flest sem \u00feetta lesa \u00feekkja eflaust YouTube og eru v\u00f6n a\u00f0 horfa \u00e1 allskonar myndb\u00f6nd \u00fear. S\u00fa myndbanda\u00fej\u00f3nusta var \u00fe\u00f3 aldrei hugsu\u00f0 til \u00feess a\u00f0 hlusta \u00e1 t\u00f3nlist og \u00fev\u00ed b\u00fd\u00f0ur YouTube einnig upp \u00e1 \u00e1skriftar\u00fej\u00f3nustuna YouTube Music \u00fear sem h\u00e6gt er a\u00f0 hlusta \u00e1 t\u00f3nlist \u00e1n \u00feess a\u00f0 kveikt s\u00e9 \u00e1 skj\u00e1num og \u00e1n augl\u00fdsinga.<\/p><p>Ver\u00f0 (\u00ed febr\u00faar 2023): $9.99 \u00e1 m\u00e1nu\u00f0i en \u00e1skrift a\u00f0 YouTube Music fylgir \u00f3keypis me\u00f0 \u00e1skriftinni YouTube Premium (sem losar \u00feig vi\u00f0 allar augl\u00fdsingar \u00e1 YouTube).<\/p>\t\t\t\t\t\t\t\t<\/div>\n\t\t\t\t<\/div>\n\t\t\t\t<div class=\"elementor-element elementor-element-af06670 elementor-widget elementor-widget-image\" data-id=\"af06670\" data-element_type=\"widget\" data-e-type=\"widget\" data-widget_type=\"image.default\">\n\t\t\t\t<div class=\"elementor-widget-container\">\n\t\t\t\t\t\t\t\t\t\t\t\t\t\t\t\t<a href=\"https:\/\/music.youtube.com\" target=\"_blank\">\n\t\t\t\t\t\t\t<img fetchpriority=\"high\" decoding=\"async\" width=\"300\" height=\"214\" src=\"https:\/\/tonfraedi.is\/wp-content\/uploads\/2023\/02\/YouTube-Music-300x214.png\" class=\"attachment-medium size-medium wp-image-5431\" alt=\"\" srcset=\"https:\/\/tonfraedi.is\/wp-content\/uploads\/2023\/02\/YouTube-Music-300x214.png 300w, https:\/\/tonfraedi.is\/wp-content\/uploads\/2023\/02\/YouTube-Music-1024x731.png 1024w, https:\/\/tonfraedi.is\/wp-content\/uploads\/2023\/02\/YouTube-Music-768x549.png 768w, https:\/\/tonfraedi.is\/wp-content\/uploads\/2023\/02\/YouTube-Music-1536x1097.png 1536w, https:\/\/tonfraedi.is\/wp-content\/uploads\/2023\/02\/YouTube-Music-2048x1463.png 2048w\" sizes=\"(max-width: 300px) 100vw, 300px\" \/>\t\t\t\t\t\t\t\t<\/a>\n\t\t\t\t\t\t\t\t\t\t\t\t\t\t\t<\/div>\n\t\t\t\t<\/div>\n\t\t\t\t\t<\/div>\n\t\t<\/div>\n\t\t\t\t<div class=\"elementor-column elementor-col-50 elementor-top-column elementor-element elementor-element-e118f50\" data-id=\"e118f50\" data-element_type=\"column\" data-e-type=\"column\">\n\t\t\t<div class=\"elementor-widget-wrap elementor-element-populated\">\n\t\t\t\t\t\t<div class=\"elementor-element elementor-element-deb434d elementor-widget elementor-widget-spacer\" data-id=\"deb434d\" data-element_type=\"widget\" data-e-type=\"widget\" data-widget_type=\"spacer.default\">\n\t\t\t\t<div class=\"elementor-widget-container\">\n\t\t\t\t\t\t\t<div class=\"elementor-spacer\">\n\t\t\t<div class=\"elementor-spacer-inner\"><\/div>\n\t\t<\/div>\n\t\t\t\t\t\t<\/div>\n\t\t\t\t<\/div>\n\t\t\t\t<div class=\"elementor-element elementor-element-a9d8b09 elementor-widget elementor-widget-heading\" data-id=\"a9d8b09\" data-element_type=\"widget\" data-e-type=\"widget\" data-widget_type=\"heading.default\">\n\t\t\t\t<div class=\"elementor-widget-container\">\n\t\t\t\t\t<h4 class=\"elementor-heading-title elementor-size-default\"><a href=\"https:\/\/deezer.com\" target=\"_blank\">Deezer<\/a><\/h4>\t\t\t\t<\/div>\n\t\t\t\t<\/div>\n\t\t\t\t<div class=\"elementor-element elementor-element-d411e4d elementor-widget elementor-widget-text-editor\" data-id=\"d411e4d\" data-element_type=\"widget\" data-e-type=\"widget\" data-widget_type=\"text-editor.default\">\n\t\t\t\t<div class=\"elementor-widget-container\">\n\t\t\t\t\t\t\t\t\t<p>Deezer inniheldur r\u00famlega 73 millj\u00f3n l\u00f6g og tala\u00f0 er um a\u00f0 \u00feessi streymisveita geri notendum s\u00e9rstaklega au\u00f0velt a\u00f0 finna t\u00f3nlist vi\u00f0 sitt h\u00e6fi og b\u00faa til &#8222;play&#8220; lista. Ver\u00f0 (\u00ed febr\u00faar 2023): \u20ac10,99 \u00e1 m\u00e1nu\u00f0i fyrir &#8222;Deezer Premium&#8220; og \u20ac17,99 fyrir &#8222;Deezer Family&#8220; en \u00fe\u00e1 mega a\u00f0ilar innan s\u00f6mu fj\u00f6lskyldu allir nota \u00e1skriftina.<\/p>\t\t\t\t\t\t\t\t<\/div>\n\t\t\t\t<\/div>\n\t\t\t\t<div class=\"elementor-element elementor-element-0feb5b0 elementor-widget elementor-widget-image\" data-id=\"0feb5b0\" data-element_type=\"widget\" data-e-type=\"widget\" data-widget_type=\"image.default\">\n\t\t\t\t<div class=\"elementor-widget-container\">\n\t\t\t\t\t\t\t\t\t\t\t\t\t\t\t\t<a href=\"https:\/\/deezer.com\" target=\"_blank\">\n\t\t\t\t\t\t\t<img loading=\"lazy\" decoding=\"async\" width=\"300\" height=\"169\" src=\"https:\/\/tonfraedi.is\/wp-content\/uploads\/2023\/02\/Deezer-logo-300x169.png\" class=\"attachment-medium size-medium wp-image-5430\" alt=\"\" srcset=\"https:\/\/tonfraedi.is\/wp-content\/uploads\/2023\/02\/Deezer-logo-300x169.png 300w, https:\/\/tonfraedi.is\/wp-content\/uploads\/2023\/02\/Deezer-logo-1024x576.png 1024w, https:\/\/tonfraedi.is\/wp-content\/uploads\/2023\/02\/Deezer-logo-768x432.png 768w, https:\/\/tonfraedi.is\/wp-content\/uploads\/2023\/02\/Deezer-logo-1536x864.png 1536w, https:\/\/tonfraedi.is\/wp-content\/uploads\/2023\/02\/Deezer-logo-2048x1152.png 2048w\" sizes=\"(max-width: 300px) 100vw, 300px\" \/>\t\t\t\t\t\t\t\t<\/a>\n\t\t\t\t\t\t\t\t\t\t\t\t\t\t\t<\/div>\n\t\t\t\t<\/div>\n\t\t\t\t\t<\/div>\n\t\t<\/div>\n\t\t\t\t\t<\/div>\n\t\t<\/section>\n\t\t\t\t<section class=\"elementor-section elementor-top-section elementor-element elementor-element-5f9f8b4 elementor-section-boxed elementor-section-height-default elementor-section-height-default qodef-elementor-content-no\" data-id=\"5f9f8b4\" data-element_type=\"section\" data-e-type=\"section\">\n\t\t\t\t\t\t<div class=\"elementor-container elementor-column-gap-default\">\n\t\t\t\t\t<div class=\"elementor-column elementor-col-50 elementor-top-column elementor-element elementor-element-f91ee08\" data-id=\"f91ee08\" data-element_type=\"column\" data-e-type=\"column\">\n\t\t\t<div class=\"elementor-widget-wrap elementor-element-populated\">\n\t\t\t\t\t\t<div class=\"elementor-element elementor-element-ffec818 elementor-widget elementor-widget-spacer\" data-id=\"ffec818\" data-element_type=\"widget\" data-e-type=\"widget\" data-widget_type=\"spacer.default\">\n\t\t\t\t<div class=\"elementor-widget-container\">\n\t\t\t\t\t\t\t<div class=\"elementor-spacer\">\n\t\t\t<div class=\"elementor-spacer-inner\"><\/div>\n\t\t<\/div>\n\t\t\t\t\t\t<\/div>\n\t\t\t\t<\/div>\n\t\t\t\t<div class=\"elementor-element elementor-element-a7be39b elementor-widget elementor-widget-heading\" data-id=\"a7be39b\" data-element_type=\"widget\" data-e-type=\"widget\" data-widget_type=\"heading.default\">\n\t\t\t\t<div class=\"elementor-widget-container\">\n\t\t\t\t\t<h4 class=\"elementor-heading-title elementor-size-default\"><a href=\"https:\/\/tidal.com\" target=\"_blank\">Tidal<\/a><\/h4>\t\t\t\t<\/div>\n\t\t\t\t<\/div>\n\t\t\t\t<div class=\"elementor-element elementor-element-a046197 elementor-widget elementor-widget-text-editor\" data-id=\"a046197\" data-element_type=\"widget\" data-e-type=\"widget\" data-widget_type=\"text-editor.default\">\n\t\t\t\t<div class=\"elementor-widget-container\">\n\t\t\t\t\t\t\t\t\t<p>H\u00e9r m\u00e1 finna fleiri en 80 millj\u00f3n l\u00f6g og 350.000 t\u00f3nlistarmyndb\u00f6nd. Tidal b\u00fd\u00f0ur upp \u00e1 a\u00f0 hlusta \u00e1 t\u00f3nlistaruppt\u00f6kur \u00ed h\u00e6rri g\u00e6\u00f0um en margir samkeppnisa\u00f0ilarnir. Ver\u00f0 (\u00ed febr\u00faar 2023): $9.99 \u00e1 m\u00e1nu\u00f0i fyrir uppt\u00f6kur \u00ed venjulegum g\u00e6\u00f0um, $19.99 \u00e1 m\u00e1nu\u00f0i fyrir uppt\u00f6kur \u00ed h\u00e1um g\u00e6\u00f0um.<\/p>\t\t\t\t\t\t\t\t<\/div>\n\t\t\t\t<\/div>\n\t\t\t\t<div class=\"elementor-element elementor-element-9162217 elementor-widget elementor-widget-image\" data-id=\"9162217\" data-element_type=\"widget\" data-e-type=\"widget\" data-widget_type=\"image.default\">\n\t\t\t\t<div class=\"elementor-widget-container\">\n\t\t\t\t\t\t\t\t\t\t\t\t\t\t\t\t<a href=\"https:\/\/tidal.com\" target=\"_blank\">\n\t\t\t\t\t\t\t<img loading=\"lazy\" decoding=\"async\" width=\"300\" height=\"214\" src=\"https:\/\/tonfraedi.is\/wp-content\/uploads\/2023\/02\/Tidal-300x214.png\" class=\"attachment-medium size-medium wp-image-5429\" alt=\"\" srcset=\"https:\/\/tonfraedi.is\/wp-content\/uploads\/2023\/02\/Tidal-300x214.png 300w, https:\/\/tonfraedi.is\/wp-content\/uploads\/2023\/02\/Tidal-1024x731.png 1024w, https:\/\/tonfraedi.is\/wp-content\/uploads\/2023\/02\/Tidal-768x549.png 768w, https:\/\/tonfraedi.is\/wp-content\/uploads\/2023\/02\/Tidal-1536x1097.png 1536w, https:\/\/tonfraedi.is\/wp-content\/uploads\/2023\/02\/Tidal-2048x1463.png 2048w\" sizes=\"(max-width: 300px) 100vw, 300px\" \/>\t\t\t\t\t\t\t\t<\/a>\n\t\t\t\t\t\t\t\t\t\t\t\t\t\t\t<\/div>\n\t\t\t\t<\/div>\n\t\t\t\t\t<\/div>\n\t\t<\/div>\n\t\t\t\t<div class=\"elementor-column elementor-col-50 elementor-top-column elementor-element elementor-element-164db95\" data-id=\"164db95\" data-element_type=\"column\" data-e-type=\"column\">\n\t\t\t<div class=\"elementor-widget-wrap\">\n\t\t\t\t\t\t\t<\/div>\n\t\t<\/div>\n\t\t\t\t\t<\/div>\n\t\t<\/section>\n\t\t\t\t<\/div>\n\t\t","protected":false},"excerpt":{"rendered":"<p>\u00d6pp og forrit &#8211; t\u00f3nlistarhlustun Fyrir ekki l\u00f6ngu s\u00ed\u00f0an var algengt a\u00f0 f\u00f3lk hl\u00e6\u00f0i ni\u00f0ur t\u00f3nlistarskr\u00e1m og spila\u00f0i \u00fe\u00e6r svo \u00ed s\u00e9rst\u00f6kum forritum. \u00cd dag hlusta langflestir hinsvegar \u00e1 t\u00f3nlist \u00ed gegnum einhverskonar streymisveitu og h\u00e9r fyrir ne\u00f0an m\u00e1 finna lista af \u00feeim helstu. Fyrir \u00feau ykkar sem m\u00e1li skiptir hversu miki\u00f0 t\u00f3nlistarf\u00f3lki\u00f0 sj\u00e1lft f\u00e6r [&hellip;]<\/p>\n","protected":false},"author":1,"featured_media":0,"parent":0,"menu_order":0,"comment_status":"closed","ping_status":"closed","template":"page-full-width.php","meta":{"footnotes":""},"class_list":["post-4096","page","type-page","status-publish","hentry"],"_links":{"self":[{"href":"https:\/\/tonfraedi.is\/index.php\/wp-json\/wp\/v2\/pages\/4096","targetHints":{"allow":["GET"]}}],"collection":[{"href":"https:\/\/tonfraedi.is\/index.php\/wp-json\/wp\/v2\/pages"}],"about":[{"href":"https:\/\/tonfraedi.is\/index.php\/wp-json\/wp\/v2\/types\/page"}],"author":[{"embeddable":true,"href":"https:\/\/tonfraedi.is\/index.php\/wp-json\/wp\/v2\/users\/1"}],"replies":[{"embeddable":true,"href":"https:\/\/tonfraedi.is\/index.php\/wp-json\/wp\/v2\/comments?post=4096"}],"version-history":[{"count":24,"href":"https:\/\/tonfraedi.is\/index.php\/wp-json\/wp\/v2\/pages\/4096\/revisions"}],"predecessor-version":[{"id":5462,"href":"https:\/\/tonfraedi.is\/index.php\/wp-json\/wp\/v2\/pages\/4096\/revisions\/5462"}],"wp:attachment":[{"href":"https:\/\/tonfraedi.is\/index.php\/wp-json\/wp\/v2\/media?parent=4096"}],"curies":[{"name":"wp","href":"https:\/\/api.w.org\/{rel}","templated":true}]}}