{"id":4215,"date":"2022-10-08T16:30:51","date_gmt":"2022-10-08T16:30:51","guid":{"rendered":"http:\/\/tonfraedi.is\/?page_id=4215"},"modified":"2022-11-09T01:39:27","modified_gmt":"2022-11-09T01:39:27","slug":"tonlistarsaga_klassiskatimabilid","status":"publish","type":"page","link":"https:\/\/tonfraedi.is\/index.php\/tonlistarsaga_klassiskatimabilid\/","title":{"rendered":"T\u00f3nlistarsaga &#8211; Klass\u00edska t\u00edmabili\u00f0"},"content":{"rendered":"\t\t<div data-elementor-type=\"wp-page\" data-elementor-id=\"4215\" class=\"elementor elementor-4215\">\n\t\t\t\t\t\t<section class=\"elementor-section elementor-top-section elementor-element elementor-element-c11b3fa elementor-section-boxed elementor-section-height-default elementor-section-height-default qodef-elementor-content-no\" data-id=\"c11b3fa\" data-element_type=\"section\" data-e-type=\"section\">\n\t\t\t\t\t\t<div class=\"elementor-container elementor-column-gap-default\">\n\t\t\t\t\t<div class=\"elementor-column elementor-col-100 elementor-top-column elementor-element elementor-element-395b3d9\" data-id=\"395b3d9\" data-element_type=\"column\" data-e-type=\"column\">\n\t\t\t<div class=\"elementor-widget-wrap elementor-element-populated\">\n\t\t\t\t\t\t<div class=\"elementor-element elementor-element-b6cc17e elementor-widget__width-auto elementor-widget elementor-widget-songbook_core_section_title\" data-id=\"b6cc17e\" data-element_type=\"widget\" data-e-type=\"widget\" data-widget_type=\"songbook_core_section_title.default\">\n\t\t\t\t<div class=\"elementor-widget-container\">\n\t\t\t\t\t<div class=\"qodef-shortcode qodef-m  qodef-section-title qodef-alignment--center \">\n\t\t<h6 class=\"qodef-m-subtitle\" >\n\t\t<span>\n\t\t\tS\u00f6gustund\t\t<\/span>\n\t<\/h6>\n\t\t<h1 class=\"qodef-m-title\" style=\"margin-top: 11px\">\n\t\t\t\t\tT\u00f3nlistarsaga\t\t\t<\/h1>\n\t\t<\/div>\t\t\t\t<\/div>\n\t\t\t\t<\/div>\n\t\t\t\t\t<\/div>\n\t\t<\/div>\n\t\t\t\t\t<\/div>\n\t\t<\/section>\n\t\t\t\t<section class=\"elementor-section elementor-top-section elementor-element elementor-element-29a1166 elementor-section-boxed elementor-section-height-default elementor-section-height-default qodef-elementor-content-no\" data-id=\"29a1166\" data-element_type=\"section\" data-e-type=\"section\">\n\t\t\t\t\t\t<div class=\"elementor-container elementor-column-gap-default\">\n\t\t\t\t\t<div class=\"elementor-column elementor-col-50 elementor-top-column elementor-element elementor-element-8bf8371\" data-id=\"8bf8371\" data-element_type=\"column\" data-e-type=\"column\">\n\t\t\t<div class=\"elementor-widget-wrap elementor-element-populated\">\n\t\t\t\t\t\t<div class=\"elementor-element elementor-element-bc4e843 elementor-widget elementor-widget-heading\" data-id=\"bc4e843\" data-element_type=\"widget\" data-e-type=\"widget\" data-widget_type=\"heading.default\">\n\t\t\t\t<div class=\"elementor-widget-container\">\n\t\t\t\t\t<h2 class=\"elementor-heading-title elementor-size-default\">Klass\u00edska t\u00edmabili\u00f0<\/h2>\t\t\t\t<\/div>\n\t\t\t\t<\/div>\n\t\t\t\t<div class=\"elementor-element elementor-element-1f107f1 elementor-widget elementor-widget-text-editor\" data-id=\"1f107f1\" data-element_type=\"widget\" data-e-type=\"widget\" data-widget_type=\"text-editor.default\">\n\t\t\t\t<div class=\"elementor-widget-container\">\n\t\t\t\t\t\t\t\t\t<p><a href=\"https:\/\/tonfraedi.is\/index.php\/tonlistarsaga_klassiskatimabilid_upplysingar\/\">H\u00e9r eru \u00fdmsar uppl\u00fdsingar um klass\u00edska t\u00edmabili\u00f0.<\/a><\/p><p><a href=\"https:\/\/tonfraedi.is\/index.php\/tonlistarsoguverkefni_t2_klassiska_timabilid\/\">Smelli\u00f0 h\u00e9r fyrir vinnubla\u00f0 um klass\u00edska t\u00edmabili\u00f0.<\/a><\/p>\t\t\t\t\t\t\t\t<\/div>\n\t\t\t\t<\/div>\n\t\t\t\t\t<\/div>\n\t\t<\/div>\n\t\t\t\t<div class=\"elementor-column elementor-col-50 elementor-top-column elementor-element elementor-element-10012aa\" data-id=\"10012aa\" data-element_type=\"column\" data-e-type=\"column\">\n\t\t\t<div class=\"elementor-widget-wrap elementor-element-populated\">\n\t\t\t\t\t\t<div class=\"elementor-element elementor-element-d4e6082 elementor-widget elementor-widget-image\" data-id=\"d4e6082\" data-element_type=\"widget\" data-e-type=\"widget\" data-widget_type=\"image.default\">\n\t\t\t\t<div class=\"elementor-widget-container\">\n\t\t\t\t\t\t\t\t\t\t\t\t\t\t\t<img fetchpriority=\"high\" decoding=\"async\" width=\"1024\" height=\"649\" src=\"https:\/\/tonfraedi.is\/wp-content\/uploads\/2022\/10\/salzburg_classical-1024x649.jpeg\" class=\"attachment-large size-large wp-image-4185\" alt=\"\" srcset=\"https:\/\/tonfraedi.is\/wp-content\/uploads\/2022\/10\/salzburg_classical-1024x649.jpeg 1024w, https:\/\/tonfraedi.is\/wp-content\/uploads\/2022\/10\/salzburg_classical-300x190.jpeg 300w, https:\/\/tonfraedi.is\/wp-content\/uploads\/2022\/10\/salzburg_classical-768x487.jpeg 768w, https:\/\/tonfraedi.is\/wp-content\/uploads\/2022\/10\/salzburg_classical-1536x974.jpeg 1536w, https:\/\/tonfraedi.is\/wp-content\/uploads\/2022\/10\/salzburg_classical-2048x1299.jpeg 2048w\" sizes=\"(max-width: 1024px) 100vw, 1024px\" \/>\t\t\t\t\t\t\t\t\t\t\t\t\t\t\t<\/div>\n\t\t\t\t<\/div>\n\t\t\t\t\t<\/div>\n\t\t<\/div>\n\t\t\t\t\t<\/div>\n\t\t<\/section>\n\t\t\t\t<\/div>\n\t\t","protected":false},"excerpt":{"rendered":"<p>S\u00f6gustund T\u00f3nlistarsaga Klass\u00edska t\u00edmabili\u00f0 H\u00e9r eru \u00fdmsar uppl\u00fdsingar um klass\u00edska t\u00edmabili\u00f0. Smelli\u00f0 h\u00e9r fyrir vinnubla\u00f0 um klass\u00edska t\u00edmabili\u00f0.<\/p>\n","protected":false},"author":1,"featured_media":0,"parent":0,"menu_order":0,"comment_status":"closed","ping_status":"closed","template":"page-full-width.php","meta":{"footnotes":""},"class_list":["post-4215","page","type-page","status-publish","hentry"],"_links":{"self":[{"href":"https:\/\/tonfraedi.is\/index.php\/wp-json\/wp\/v2\/pages\/4215","targetHints":{"allow":["GET"]}}],"collection":[{"href":"https:\/\/tonfraedi.is\/index.php\/wp-json\/wp\/v2\/pages"}],"about":[{"href":"https:\/\/tonfraedi.is\/index.php\/wp-json\/wp\/v2\/types\/page"}],"author":[{"embeddable":true,"href":"https:\/\/tonfraedi.is\/index.php\/wp-json\/wp\/v2\/users\/1"}],"replies":[{"embeddable":true,"href":"https:\/\/tonfraedi.is\/index.php\/wp-json\/wp\/v2\/comments?post=4215"}],"version-history":[{"count":13,"href":"https:\/\/tonfraedi.is\/index.php\/wp-json\/wp\/v2\/pages\/4215\/revisions"}],"predecessor-version":[{"id":4859,"href":"https:\/\/tonfraedi.is\/index.php\/wp-json\/wp\/v2\/pages\/4215\/revisions\/4859"}],"wp:attachment":[{"href":"https:\/\/tonfraedi.is\/index.php\/wp-json\/wp\/v2\/media?parent=4215"}],"curies":[{"name":"wp","href":"https:\/\/api.w.org\/{rel}","templated":true}]}}