{"id":4244,"date":"2022-10-08T16:38:16","date_gmt":"2022-10-08T16:38:16","guid":{"rendered":"http:\/\/tonfraedi.is\/?page_id=4244"},"modified":"2022-11-12T03:28:33","modified_gmt":"2022-11-12T03:28:33","slug":"tonlistarsaga_islenskt","status":"publish","type":"page","link":"https:\/\/tonfraedi.is\/index.php\/tonlistarsaga_islenskt\/","title":{"rendered":"T\u00f3nlistarsaga &#8211; \u00edslensk t\u00f3nsk\u00e1ld og t\u00f3nsm\u00ed\u00f0ar"},"content":{"rendered":"\t\t<div data-elementor-type=\"wp-page\" data-elementor-id=\"4244\" class=\"elementor elementor-4244\">\n\t\t\t\t\t\t<section class=\"elementor-section elementor-top-section elementor-element elementor-element-c11b3fa elementor-section-boxed elementor-section-height-default elementor-section-height-default qodef-elementor-content-no\" data-id=\"c11b3fa\" data-element_type=\"section\" data-e-type=\"section\">\n\t\t\t\t\t\t<div class=\"elementor-container elementor-column-gap-default\">\n\t\t\t\t\t<div class=\"elementor-column elementor-col-100 elementor-top-column elementor-element elementor-element-395b3d9\" data-id=\"395b3d9\" data-element_type=\"column\" data-e-type=\"column\">\n\t\t\t<div class=\"elementor-widget-wrap elementor-element-populated\">\n\t\t\t\t\t\t<div class=\"elementor-element elementor-element-b6cc17e elementor-widget__width-auto elementor-widget elementor-widget-songbook_core_section_title\" data-id=\"b6cc17e\" data-element_type=\"widget\" data-e-type=\"widget\" data-widget_type=\"songbook_core_section_title.default\">\n\t\t\t\t<div class=\"elementor-widget-container\">\n\t\t\t\t\t<div class=\"qodef-shortcode qodef-m  qodef-section-title qodef-alignment--center \">\n\t\t<h6 class=\"qodef-m-subtitle\" >\n\t\t<span>\n\t\t\tS\u00f6gustund\t\t<\/span>\n\t<\/h6>\n\t\t<h1 class=\"qodef-m-title\" style=\"margin-top: 11px\">\n\t\t\t\t\tT\u00f3nlistarsaga\t\t\t<\/h1>\n\t\t<\/div>\t\t\t\t<\/div>\n\t\t\t\t<\/div>\n\t\t\t\t\t<\/div>\n\t\t<\/div>\n\t\t\t\t\t<\/div>\n\t\t<\/section>\n\t\t\t\t<section class=\"elementor-section elementor-top-section elementor-element elementor-element-3e56f02 elementor-section-boxed elementor-section-height-default elementor-section-height-default qodef-elementor-content-no\" data-id=\"3e56f02\" data-element_type=\"section\" data-e-type=\"section\">\n\t\t\t\t\t\t<div class=\"elementor-container elementor-column-gap-default\">\n\t\t\t\t\t<div class=\"elementor-column elementor-col-50 elementor-top-column elementor-element elementor-element-978ea22\" data-id=\"978ea22\" data-element_type=\"column\" data-e-type=\"column\">\n\t\t\t<div class=\"elementor-widget-wrap elementor-element-populated\">\n\t\t\t\t\t\t<div class=\"elementor-element elementor-element-9eeb237 elementor-widget elementor-widget-image\" data-id=\"9eeb237\" data-element_type=\"widget\" data-e-type=\"widget\" data-widget_type=\"image.default\">\n\t\t\t\t<div class=\"elementor-widget-container\">\n\t\t\t\t\t\t\t\t\t\t\t\t\t\t\t<img fetchpriority=\"high\" decoding=\"async\" width=\"1024\" height=\"768\" src=\"https:\/\/tonfraedi.is\/wp-content\/uploads\/2022\/10\/IMG_7357-1024x768.jpeg\" class=\"attachment-large size-large wp-image-4191\" alt=\"\" srcset=\"https:\/\/tonfraedi.is\/wp-content\/uploads\/2022\/10\/IMG_7357-1024x768.jpeg 1024w, https:\/\/tonfraedi.is\/wp-content\/uploads\/2022\/10\/IMG_7357-300x225.jpeg 300w, https:\/\/tonfraedi.is\/wp-content\/uploads\/2022\/10\/IMG_7357-768x576.jpeg 768w, https:\/\/tonfraedi.is\/wp-content\/uploads\/2022\/10\/IMG_7357-1536x1152.jpeg 1536w, https:\/\/tonfraedi.is\/wp-content\/uploads\/2022\/10\/IMG_7357-2048x1536.jpeg 2048w\" sizes=\"(max-width: 1024px) 100vw, 1024px\" \/>\t\t\t\t\t\t\t\t\t\t\t\t\t\t\t<\/div>\n\t\t\t\t<\/div>\n\t\t\t\t\t<\/div>\n\t\t<\/div>\n\t\t\t\t<div class=\"elementor-column elementor-col-50 elementor-top-column elementor-element elementor-element-4950761\" data-id=\"4950761\" data-element_type=\"column\" data-e-type=\"column\">\n\t\t\t<div class=\"elementor-widget-wrap elementor-element-populated\">\n\t\t\t\t\t\t<div class=\"elementor-element elementor-element-7e8c124 elementor-widget elementor-widget-heading\" data-id=\"7e8c124\" data-element_type=\"widget\" data-e-type=\"widget\" data-widget_type=\"heading.default\">\n\t\t\t\t<div class=\"elementor-widget-container\">\n\t\t\t\t\t<h2 class=\"elementor-heading-title elementor-size-default\">\u00edslensk t\u00f3nsk\u00e1ld og t\u00f3nverk<\/h2>\t\t\t\t<\/div>\n\t\t\t\t<\/div>\n\t\t\t\t<div class=\"elementor-element elementor-element-8f35627 elementor-widget elementor-widget-text-editor\" data-id=\"8f35627\" data-element_type=\"widget\" data-e-type=\"widget\" data-widget_type=\"text-editor.default\">\n\t\t\t\t<div class=\"elementor-widget-container\">\n\t\t\t\t\t\t\t\t\t<p>Uppl\u00fdsingar um nokkur \u00edslensk t\u00f3nsk\u00e1ld og verkin \u00feeirra: <a href=\"https:\/\/tonfraedi.is\/index.php\/tonlistarsaga_islensktonskald_upplysingar\/\">Smelli\u00f0 h\u00e9r<\/a>.<\/p>\t\t\t\t\t\t\t\t<\/div>\n\t\t\t\t<\/div>\n\t\t\t\t\t<\/div>\n\t\t<\/div>\n\t\t\t\t\t<\/div>\n\t\t<\/section>\n\t\t\t\t<section class=\"elementor-section elementor-top-section elementor-element elementor-element-0a6720e elementor-section-boxed elementor-section-height-default elementor-section-height-default qodef-elementor-content-no\" data-id=\"0a6720e\" data-element_type=\"section\" data-e-type=\"section\">\n\t\t\t\t\t\t<div class=\"elementor-container elementor-column-gap-default\">\n\t\t\t\t\t<div class=\"elementor-column elementor-col-100 elementor-top-column elementor-element elementor-element-22e178d\" data-id=\"22e178d\" data-element_type=\"column\" data-e-type=\"column\">\n\t\t\t<div class=\"elementor-widget-wrap elementor-element-populated\">\n\t\t\t\t\t\t<div class=\"elementor-element elementor-element-20eb689 elementor-widget elementor-widget-video\" data-id=\"20eb689\" data-element_type=\"widget\" data-e-type=\"widget\" data-settings=\"{&quot;video_type&quot;:&quot;vimeo&quot;}\" data-widget_type=\"video.default\">\n\t\t\t\t<div class=\"elementor-widget-container\">\n\t\t\t\t\t\t\t<div class=\"elementor-wrapper elementor-open-inline\">\n\t\t\t<iframe class=\"elementor-video-iframe\" allowfullscreen allow=\"clipboard-write\" title=\"vimeo Video Player\" src=\"https:\/\/player.vimeo.com\/video\/326539453?color&amp;autopause=0&amp;loop=0&amp;muted=0&amp;title=1&amp;portrait=1&amp;byline=1#t=\"><\/iframe>\t\t<\/div>\n\t\t\t\t\t\t<\/div>\n\t\t\t\t<\/div>\n\t\t\t\t<div class=\"elementor-element elementor-element-619f68b elementor-widget elementor-widget-text-editor\" data-id=\"619f68b\" data-element_type=\"widget\" data-e-type=\"widget\" data-widget_type=\"text-editor.default\">\n\t\t\t\t<div class=\"elementor-widget-container\">\n\t\t\t\t\t\t\t\t\t<p><em>Brenni\u00f0 \u00fei\u00f0 vitar<\/em> eftir P\u00e1l \u00cds\u00f3lfsson (1893-1974) vi\u00f0 lj\u00f3\u00f0 Dav\u00ed\u00f0s Stef\u00e1nssonar fr\u00e1 Fagrask\u00f3gi (1895-1964). Flytjendur: Ungsveit Sinf\u00f3n\u00eduhlj\u00f3msveitar \u00cdslands, Karlak\u00f3r Fjallabygg\u00f0ar, Karlak\u00f3r Dalv\u00edkur og Karlak\u00f3rinn F\u00f3stbr\u00e6\u00f0ur. Stj\u00f3rnandi: Hallfr\u00ed\u00f0ur \u00d3lafsd\u00f3ttir.<\/p><p><em>Brenni\u00f0 \u00fei\u00f0 vitar<\/em> er eitt allra \u00feekktasta \u00edslenska karlak\u00f3rst\u00f3nverki\u00f0. P\u00e1ll \u00cds\u00f3lfsson samdi verki\u00f0 \u00e1ri\u00f0 1930. Verki\u00f0 er hluti af st\u00f3ru t\u00f3nverki P\u00e1ls,\u00a0<em>Al\u00feingish\u00e1t\u00ed\u00f0arkant\u00f6tu 1930<\/em>.<\/p>\t\t\t\t\t\t\t\t<\/div>\n\t\t\t\t<\/div>\n\t\t\t\t\t<\/div>\n\t\t<\/div>\n\t\t\t\t\t<\/div>\n\t\t<\/section>\n\t\t\t\t<\/div>\n\t\t","protected":false},"excerpt":{"rendered":"<p>S\u00f6gustund T\u00f3nlistarsaga \u00edslensk t\u00f3nsk\u00e1ld og t\u00f3nverk Uppl\u00fdsingar um nokkur \u00edslensk t\u00f3nsk\u00e1ld og verkin \u00feeirra: Smelli\u00f0 h\u00e9r. https:\/\/vimeo.com\/326539453 Brenni\u00f0 \u00fei\u00f0 vitar eftir P\u00e1l \u00cds\u00f3lfsson (1893-1974) vi\u00f0 lj\u00f3\u00f0 Dav\u00ed\u00f0s Stef\u00e1nssonar fr\u00e1 Fagrask\u00f3gi (1895-1964). Flytjendur: Ungsveit Sinf\u00f3n\u00eduhlj\u00f3msveitar \u00cdslands, Karlak\u00f3r Fjallabygg\u00f0ar, Karlak\u00f3r Dalv\u00edkur og Karlak\u00f3rinn F\u00f3stbr\u00e6\u00f0ur. Stj\u00f3rnandi: Hallfr\u00ed\u00f0ur \u00d3lafsd\u00f3ttir. Brenni\u00f0 \u00fei\u00f0 vitar er eitt allra \u00feekktasta \u00edslenska karlak\u00f3rst\u00f3nverki\u00f0. P\u00e1ll [&hellip;]<\/p>\n","protected":false},"author":1,"featured_media":0,"parent":0,"menu_order":0,"comment_status":"closed","ping_status":"closed","template":"page-full-width.php","meta":{"footnotes":""},"class_list":["post-4244","page","type-page","status-publish","hentry"],"_links":{"self":[{"href":"https:\/\/tonfraedi.is\/index.php\/wp-json\/wp\/v2\/pages\/4244","targetHints":{"allow":["GET"]}}],"collection":[{"href":"https:\/\/tonfraedi.is\/index.php\/wp-json\/wp\/v2\/pages"}],"about":[{"href":"https:\/\/tonfraedi.is\/index.php\/wp-json\/wp\/v2\/types\/page"}],"author":[{"embeddable":true,"href":"https:\/\/tonfraedi.is\/index.php\/wp-json\/wp\/v2\/users\/1"}],"replies":[{"embeddable":true,"href":"https:\/\/tonfraedi.is\/index.php\/wp-json\/wp\/v2\/comments?post=4244"}],"version-history":[{"count":25,"href":"https:\/\/tonfraedi.is\/index.php\/wp-json\/wp\/v2\/pages\/4244\/revisions"}],"predecessor-version":[{"id":5023,"href":"https:\/\/tonfraedi.is\/index.php\/wp-json\/wp\/v2\/pages\/4244\/revisions\/5023"}],"wp:attachment":[{"href":"https:\/\/tonfraedi.is\/index.php\/wp-json\/wp\/v2\/media?parent=4244"}],"curies":[{"name":"wp","href":"https:\/\/api.w.org\/{rel}","templated":true}]}}