{"id":4285,"date":"2022-10-08T18:51:31","date_gmt":"2022-10-08T18:51:31","guid":{"rendered":"http:\/\/tonfraedi.is\/?page_id=4285"},"modified":"2022-10-08T18:53:15","modified_gmt":"2022-10-08T18:53:15","slug":"tonheyrn_t2","status":"publish","type":"page","link":"https:\/\/tonfraedi.is\/index.php\/tonheyrn_t2\/","title":{"rendered":"T\u00f3nheyrn T2"},"content":{"rendered":"\t\t<div data-elementor-type=\"wp-page\" data-elementor-id=\"4285\" class=\"elementor elementor-4285\">\n\t\t\t\t\t\t<section class=\"elementor-section elementor-top-section elementor-element elementor-element-e38d2ef qodef-elementor-content-grid elementor-section-boxed elementor-section-height-default elementor-section-height-default\" data-id=\"e38d2ef\" data-element_type=\"section\" data-e-type=\"section\">\n\t\t\t\t\t\t<div class=\"elementor-container elementor-column-gap-default\">\n\t\t\t\t\t<div class=\"elementor-column elementor-col-50 elementor-top-column elementor-element elementor-element-ffb9c07\" data-id=\"ffb9c07\" data-element_type=\"column\" data-e-type=\"column\" data-settings=\"{&quot;background_background&quot;:&quot;classic&quot;}\">\n\t\t\t<div class=\"elementor-widget-wrap elementor-element-populated\">\n\t\t\t\t\t\t<div class=\"elementor-element elementor-element-0cb00f8 elementor-widget elementor-widget-image\" data-id=\"0cb00f8\" data-element_type=\"widget\" data-e-type=\"widget\" data-widget_type=\"image.default\">\n\t\t\t\t<div class=\"elementor-widget-container\">\n\t\t\t\t\t\t\t\t\t\t\t\t\t\t\t<img fetchpriority=\"high\" decoding=\"async\" width=\"1000\" height=\"717\" src=\"https:\/\/tonfraedi.is\/wp-content\/uploads\/2020\/05\/service-img-2.jpg\" class=\"attachment-full size-full wp-image-1201\" alt=\"m\" srcset=\"https:\/\/tonfraedi.is\/wp-content\/uploads\/2020\/05\/service-img-2.jpg 1000w, https:\/\/tonfraedi.is\/wp-content\/uploads\/2020\/05\/service-img-2-300x215.jpg 300w, https:\/\/tonfraedi.is\/wp-content\/uploads\/2020\/05\/service-img-2-768x551.jpg 768w\" sizes=\"(max-width: 1000px) 100vw, 1000px\" \/>\t\t\t\t\t\t\t\t\t\t\t\t\t\t\t<\/div>\n\t\t\t\t<\/div>\n\t\t\t\t\t<\/div>\n\t\t<\/div>\n\t\t\t\t<div class=\"elementor-column elementor-col-50 elementor-top-column elementor-element elementor-element-5b3d7fc\" data-id=\"5b3d7fc\" data-element_type=\"column\" data-e-type=\"column\" data-settings=\"{&quot;background_background&quot;:&quot;classic&quot;}\">\n\t\t\t<div class=\"elementor-widget-wrap elementor-element-populated\">\n\t\t\t\t\t\t<div class=\"elementor-element elementor-element-9b74567 elementor-widget elementor-widget-songbook_core_section_title\" data-id=\"9b74567\" data-element_type=\"widget\" data-e-type=\"widget\" data-widget_type=\"songbook_core_section_title.default\">\n\t\t\t\t<div class=\"elementor-widget-container\">\n\t\t\t\t\t<div class=\"qodef-shortcode qodef-m  qodef-section-title qodef-alignment--left \">\n\t\t<h6 class=\"qodef-m-subtitle\" >\n\t\t<span>\n\t\t\tA\u00f0eins erfi\u00f0ari  t\u00f3nheyrnarverkefni\t\t<\/span>\n\t<\/h6>\n\t\t<h1 class=\"qodef-m-title\" style=\"margin-top: 11px\">\n\t\t\t\t\tT\u00f3nheyrn - erfi\u00f0leika-flokkur T2\t\t\t<\/h1>\n\t\t\t<p class=\"qodef-m-text\" style=\"margin-top: -9px\">H\u00e9r koma allskyns t\u00f3nheyrnarverkefni<\/p>\n<\/div>\t\t\t\t<\/div>\n\t\t\t\t<\/div>\n\t\t\t\t<div class=\"elementor-element elementor-element-67c57a7 elementor-widget elementor-widget-text-editor\" data-id=\"67c57a7\" data-element_type=\"widget\" data-e-type=\"widget\" data-widget_type=\"text-editor.default\">\n\t\t\t\t<div class=\"elementor-widget-container\">\n\t\t\t\t\t\t\t\t\t<p>\u00dear \u00e1 me\u00f0al t\u00f3nheyrnarverkefni tengd t\u00f3nbilum, s\u00f6ngheitum og t\u00f3nstigum og einnig hlustun til d\u00e6mis eftir hlj\u00f3\u00f0f\u00e6rah\u00f3pum, hlj\u00f3\u00f0f\u00e6rafj\u00f6lskyldum og fleira.<\/p>\t\t\t\t\t\t\t\t<\/div>\n\t\t\t\t<\/div>\n\t\t\t\t\t<\/div>\n\t\t<\/div>\n\t\t\t\t\t<\/div>\n\t\t<\/section>\n\t\t\t\t<\/div>\n\t\t","protected":false},"excerpt":{"rendered":"<p>A\u00f0eins erfi\u00f0ari t\u00f3nheyrnarverkefni T\u00f3nheyrn &#8211; erfi\u00f0leika-flokkur T2 H\u00e9r koma allskyns t\u00f3nheyrnarverkefni \u00dear \u00e1 me\u00f0al t\u00f3nheyrnarverkefni tengd t\u00f3nbilum, s\u00f6ngheitum og t\u00f3nstigum og einnig hlustun til d\u00e6mis eftir hlj\u00f3\u00f0f\u00e6rah\u00f3pum, hlj\u00f3\u00f0f\u00e6rafj\u00f6lskyldum og fleira.<\/p>\n","protected":false},"author":1,"featured_media":0,"parent":0,"menu_order":0,"comment_status":"closed","ping_status":"closed","template":"page-full-width.php","meta":{"footnotes":""},"class_list":["post-4285","page","type-page","status-publish","hentry"],"_links":{"self":[{"href":"https:\/\/tonfraedi.is\/index.php\/wp-json\/wp\/v2\/pages\/4285","targetHints":{"allow":["GET"]}}],"collection":[{"href":"https:\/\/tonfraedi.is\/index.php\/wp-json\/wp\/v2\/pages"}],"about":[{"href":"https:\/\/tonfraedi.is\/index.php\/wp-json\/wp\/v2\/types\/page"}],"author":[{"embeddable":true,"href":"https:\/\/tonfraedi.is\/index.php\/wp-json\/wp\/v2\/users\/1"}],"replies":[{"embeddable":true,"href":"https:\/\/tonfraedi.is\/index.php\/wp-json\/wp\/v2\/comments?post=4285"}],"version-history":[{"count":4,"href":"https:\/\/tonfraedi.is\/index.php\/wp-json\/wp\/v2\/pages\/4285\/revisions"}],"predecessor-version":[{"id":4289,"href":"https:\/\/tonfraedi.is\/index.php\/wp-json\/wp\/v2\/pages\/4285\/revisions\/4289"}],"wp:attachment":[{"href":"https:\/\/tonfraedi.is\/index.php\/wp-json\/wp\/v2\/media?parent=4285"}],"curies":[{"name":"wp","href":"https:\/\/api.w.org\/{rel}","templated":true}]}}