{"id":4314,"date":"2022-10-08T21:35:31","date_gmt":"2022-10-08T21:35:31","guid":{"rendered":"http:\/\/tonfraedi.is\/?page_id=4314"},"modified":"2022-10-08T21:59:55","modified_gmt":"2022-10-08T21:59:55","slug":"tonfraedi","status":"publish","type":"page","link":"https:\/\/tonfraedi.is\/index.php\/tonfraedi\/","title":{"rendered":"T\u00f3nfr\u00e6\u00f0i"},"content":{"rendered":"\t\t<div data-elementor-type=\"wp-page\" data-elementor-id=\"4314\" class=\"elementor elementor-4314\">\n\t\t\t\t\t\t<section class=\"elementor-section elementor-top-section elementor-element elementor-element-c11b3fa elementor-section-boxed elementor-section-height-default elementor-section-height-default qodef-elementor-content-no\" data-id=\"c11b3fa\" data-element_type=\"section\" data-e-type=\"section\">\n\t\t\t\t\t\t<div class=\"elementor-container elementor-column-gap-default\">\n\t\t\t\t\t<div class=\"elementor-column elementor-col-100 elementor-top-column elementor-element elementor-element-395b3d9\" data-id=\"395b3d9\" data-element_type=\"column\" data-e-type=\"column\">\n\t\t\t<div class=\"elementor-widget-wrap elementor-element-populated\">\n\t\t\t\t\t\t<div class=\"elementor-element elementor-element-b6cc17e elementor-widget__width-auto elementor-widget elementor-widget-songbook_core_section_title\" data-id=\"b6cc17e\" data-element_type=\"widget\" data-e-type=\"widget\" data-widget_type=\"songbook_core_section_title.default\">\n\t\t\t\t<div class=\"elementor-widget-container\">\n\t\t\t\t\t<div class=\"qodef-shortcode qodef-m  qodef-section-title qodef-alignment--center \">\n\t\t<h6 class=\"qodef-m-subtitle\" >\n\t\t<span>\n\t\t\tVerkefni \u00ed\t\t<\/span>\n\t<\/h6>\n\t\t<h1 class=\"qodef-m-title\" style=\"margin-top: 11px\">\n\t\t\t\t\tT\u00f3nfr\u00e6\u00f0i\t\t\t<\/h1>\n\t\t<\/div>\t\t\t\t<\/div>\n\t\t\t\t<\/div>\n\t\t\t\t\t<\/div>\n\t\t<\/div>\n\t\t\t\t\t<\/div>\n\t\t<\/section>\n\t\t\t\t<section class=\"elementor-section elementor-top-section elementor-element elementor-element-08a6407 elementor-section-boxed elementor-section-height-default elementor-section-height-default qodef-elementor-content-no\" data-id=\"08a6407\" data-element_type=\"section\" data-e-type=\"section\">\n\t\t\t\t\t\t<div class=\"elementor-container elementor-column-gap-default\">\n\t\t\t\t\t<div class=\"elementor-column elementor-col-50 elementor-top-column elementor-element elementor-element-19d4afc\" data-id=\"19d4afc\" data-element_type=\"column\" data-e-type=\"column\">\n\t\t\t<div class=\"elementor-widget-wrap elementor-element-populated\">\n\t\t\t\t\t\t<div class=\"elementor-element elementor-element-18d7987 elementor-widget elementor-widget-heading\" data-id=\"18d7987\" data-element_type=\"widget\" data-e-type=\"widget\" data-widget_type=\"heading.default\">\n\t\t\t\t<div class=\"elementor-widget-container\">\n\t\t\t\t\t<h2 class=\"elementor-heading-title elementor-size-default\"><a href=\"https:\/\/tonfraedi.is\/index.php\/tonfraedi_t1\/\">T\u00f3nfr\u00e6\u00f0iverkefni T1<\/a><\/h2>\t\t\t\t<\/div>\n\t\t\t\t<\/div>\n\t\t\t\t<div class=\"elementor-element elementor-element-525877b elementor-widget elementor-widget-text-editor\" data-id=\"525877b\" data-element_type=\"widget\" data-e-type=\"widget\" data-widget_type=\"text-editor.default\">\n\t\t\t\t<div class=\"elementor-widget-container\">\n\t\t\t\t\t\t\t\t\t<p><a href=\"_wp_link_placeholder\" data-wplink-edit=\"true\">Smelli\u00f0 h\u00e9r til a\u00f0 sko\u00f0a t\u00f3nfr\u00e6\u00f0iverkefni \u00ed erfi\u00f0leikaflokknum T1.<\/a><\/p>\t\t\t\t\t\t\t\t<\/div>\n\t\t\t\t<\/div>\n\t\t\t\t\t<\/div>\n\t\t<\/div>\n\t\t\t\t<div class=\"elementor-column elementor-col-50 elementor-top-column elementor-element elementor-element-3b64bc1\" data-id=\"3b64bc1\" data-element_type=\"column\" data-e-type=\"column\">\n\t\t\t<div class=\"elementor-widget-wrap elementor-element-populated\">\n\t\t\t\t\t\t<div class=\"elementor-element elementor-element-22136d0 elementor-widget elementor-widget-image\" data-id=\"22136d0\" data-element_type=\"widget\" data-e-type=\"widget\" data-widget_type=\"image.default\">\n\t\t\t\t<div class=\"elementor-widget-container\">\n\t\t\t\t\t\t\t\t\t\t\t\t\t\t\t\t<a href=\"https:\/\/tonfraedi.is\/index.php\/tonfraedi_t1\/\">\n\t\t\t\t\t\t\t<img fetchpriority=\"high\" decoding=\"async\" width=\"1024\" height=\"682\" src=\"https:\/\/tonfraedi.is\/wp-content\/uploads\/2022\/10\/pexels-photo-934067-1024x682.jpeg\" class=\"attachment-large size-large wp-image-4198\" alt=\"\" srcset=\"https:\/\/tonfraedi.is\/wp-content\/uploads\/2022\/10\/pexels-photo-934067-1024x682.jpeg 1024w, https:\/\/tonfraedi.is\/wp-content\/uploads\/2022\/10\/pexels-photo-934067-300x200.jpeg 300w, https:\/\/tonfraedi.is\/wp-content\/uploads\/2022\/10\/pexels-photo-934067-768x511.jpeg 768w, https:\/\/tonfraedi.is\/wp-content\/uploads\/2022\/10\/pexels-photo-934067-1536x1023.jpeg 1536w, https:\/\/tonfraedi.is\/wp-content\/uploads\/2022\/10\/pexels-photo-934067-2048x1364.jpeg 2048w\" sizes=\"(max-width: 1024px) 100vw, 1024px\" \/>\t\t\t\t\t\t\t\t<\/a>\n\t\t\t\t\t\t\t\t\t\t\t\t\t\t\t<\/div>\n\t\t\t\t<\/div>\n\t\t\t\t\t<\/div>\n\t\t<\/div>\n\t\t\t\t\t<\/div>\n\t\t<\/section>\n\t\t\t\t<section class=\"elementor-section elementor-top-section elementor-element elementor-element-ff49752 elementor-section-boxed elementor-section-height-default elementor-section-height-default qodef-elementor-content-no\" data-id=\"ff49752\" data-element_type=\"section\" data-e-type=\"section\">\n\t\t\t\t\t\t<div class=\"elementor-container elementor-column-gap-default\">\n\t\t\t\t\t<div class=\"elementor-column elementor-col-50 elementor-top-column elementor-element elementor-element-8279038\" data-id=\"8279038\" data-element_type=\"column\" data-e-type=\"column\">\n\t\t\t<div class=\"elementor-widget-wrap elementor-element-populated\">\n\t\t\t\t\t\t<div class=\"elementor-element elementor-element-d63879a elementor-widget elementor-widget-image\" data-id=\"d63879a\" data-element_type=\"widget\" data-e-type=\"widget\" data-widget_type=\"image.default\">\n\t\t\t\t<div class=\"elementor-widget-container\">\n\t\t\t\t\t\t\t\t\t\t\t\t\t\t\t\t<a href=\"https:\/\/tonfraedi.is\/index.php\/tonfraedi_t2\/\">\n\t\t\t\t\t\t\t<img decoding=\"async\" width=\"1024\" height=\"683\" src=\"https:\/\/tonfraedi.is\/wp-content\/uploads\/2022\/10\/music_notation-1024x683.jpeg\" class=\"attachment-large size-large wp-image-3951\" alt=\"\" srcset=\"https:\/\/tonfraedi.is\/wp-content\/uploads\/2022\/10\/music_notation-1024x683.jpeg 1024w, https:\/\/tonfraedi.is\/wp-content\/uploads\/2022\/10\/music_notation-300x200.jpeg 300w, https:\/\/tonfraedi.is\/wp-content\/uploads\/2022\/10\/music_notation-768x512.jpeg 768w, https:\/\/tonfraedi.is\/wp-content\/uploads\/2022\/10\/music_notation-1536x1024.jpeg 1536w, https:\/\/tonfraedi.is\/wp-content\/uploads\/2022\/10\/music_notation-2048x1365.jpeg 2048w\" sizes=\"(max-width: 1024px) 100vw, 1024px\" \/>\t\t\t\t\t\t\t\t<\/a>\n\t\t\t\t\t\t\t\t\t\t\t\t\t\t\t<\/div>\n\t\t\t\t<\/div>\n\t\t\t\t\t<\/div>\n\t\t<\/div>\n\t\t\t\t<div class=\"elementor-column elementor-col-50 elementor-top-column elementor-element elementor-element-412c3db\" data-id=\"412c3db\" data-element_type=\"column\" data-e-type=\"column\">\n\t\t\t<div class=\"elementor-widget-wrap elementor-element-populated\">\n\t\t\t\t\t\t<div class=\"elementor-element elementor-element-6cd37cf elementor-widget elementor-widget-heading\" data-id=\"6cd37cf\" data-element_type=\"widget\" data-e-type=\"widget\" data-widget_type=\"heading.default\">\n\t\t\t\t<div class=\"elementor-widget-container\">\n\t\t\t\t\t<h2 class=\"elementor-heading-title elementor-size-default\"><a href=\"https:\/\/tonfraedi.is\/index.php\/tonfraedi_t2\/\">T\u00f3nfr\u00e6\u00f0iverkefni T2<\/a><\/h2>\t\t\t\t<\/div>\n\t\t\t\t<\/div>\n\t\t\t\t<div class=\"elementor-element elementor-element-a18747f elementor-widget elementor-widget-text-editor\" data-id=\"a18747f\" data-element_type=\"widget\" data-e-type=\"widget\" data-widget_type=\"text-editor.default\">\n\t\t\t\t<div class=\"elementor-widget-container\">\n\t\t\t\t\t\t\t\t\t<p>Smelli\u00f0 h\u00e9r til a\u00f0 sko\u00f0a t\u00f3nfr\u00e6\u00f0iverkefni \u00ed erfi\u00f0leikaflokknum T2.<\/p>\t\t\t\t\t\t\t\t<\/div>\n\t\t\t\t<\/div>\n\t\t\t\t\t<\/div>\n\t\t<\/div>\n\t\t\t\t\t<\/div>\n\t\t<\/section>\n\t\t\t\t<\/div>\n\t\t","protected":false},"excerpt":{"rendered":"<p>Verkefni \u00ed T\u00f3nfr\u00e6\u00f0i T\u00f3nfr\u00e6\u00f0iverkefni T1 Smelli\u00f0 h\u00e9r til a\u00f0 sko\u00f0a t\u00f3nfr\u00e6\u00f0iverkefni \u00ed erfi\u00f0leikaflokknum T1. T\u00f3nfr\u00e6\u00f0iverkefni T2 Smelli\u00f0 h\u00e9r til a\u00f0 sko\u00f0a t\u00f3nfr\u00e6\u00f0iverkefni \u00ed erfi\u00f0leikaflokknum T2.<\/p>\n","protected":false},"author":1,"featured_media":0,"parent":0,"menu_order":0,"comment_status":"closed","ping_status":"closed","template":"page-full-width.php","meta":{"footnotes":""},"class_list":["post-4314","page","type-page","status-publish","hentry"],"_links":{"self":[{"href":"https:\/\/tonfraedi.is\/index.php\/wp-json\/wp\/v2\/pages\/4314","targetHints":{"allow":["GET"]}}],"collection":[{"href":"https:\/\/tonfraedi.is\/index.php\/wp-json\/wp\/v2\/pages"}],"about":[{"href":"https:\/\/tonfraedi.is\/index.php\/wp-json\/wp\/v2\/types\/page"}],"author":[{"embeddable":true,"href":"https:\/\/tonfraedi.is\/index.php\/wp-json\/wp\/v2\/users\/1"}],"replies":[{"embeddable":true,"href":"https:\/\/tonfraedi.is\/index.php\/wp-json\/wp\/v2\/comments?post=4314"}],"version-history":[{"count":9,"href":"https:\/\/tonfraedi.is\/index.php\/wp-json\/wp\/v2\/pages\/4314\/revisions"}],"predecessor-version":[{"id":4339,"href":"https:\/\/tonfraedi.is\/index.php\/wp-json\/wp\/v2\/pages\/4314\/revisions\/4339"}],"wp:attachment":[{"href":"https:\/\/tonfraedi.is\/index.php\/wp-json\/wp\/v2\/media?parent=4314"}],"curies":[{"name":"wp","href":"https:\/\/api.w.org\/{rel}","templated":true}]}}