{"id":4322,"date":"2022-10-08T21:42:47","date_gmt":"2022-10-08T21:42:47","guid":{"rendered":"http:\/\/tonfraedi.is\/?page_id=4322"},"modified":"2023-02-07T11:44:55","modified_gmt":"2023-02-07T11:44:55","slug":"tonfraedi_t1","status":"publish","type":"page","link":"https:\/\/tonfraedi.is\/index.php\/tonfraedi_t1\/","title":{"rendered":"T\u00f3nfr\u00e6\u00f0i T1"},"content":{"rendered":"\t\t<div data-elementor-type=\"wp-page\" data-elementor-id=\"4322\" class=\"elementor elementor-4322\">\n\t\t\t\t\t\t<section class=\"elementor-section elementor-top-section elementor-element elementor-element-c01322c elementor-section-boxed elementor-section-height-default elementor-section-height-default qodef-elementor-content-no\" data-id=\"c01322c\" data-element_type=\"section\" data-e-type=\"section\">\n\t\t\t\t\t\t<div class=\"elementor-container elementor-column-gap-default\">\n\t\t\t\t\t<div class=\"elementor-column elementor-col-33 elementor-top-column elementor-element elementor-element-ff5ba3c\" data-id=\"ff5ba3c\" data-element_type=\"column\" data-e-type=\"column\">\n\t\t\t<div class=\"elementor-widget-wrap elementor-element-populated\">\n\t\t\t\t\t\t<div class=\"elementor-element elementor-element-25449d2 elementor-widget elementor-widget-image\" data-id=\"25449d2\" data-element_type=\"widget\" data-e-type=\"widget\" data-widget_type=\"image.default\">\n\t\t\t\t<div class=\"elementor-widget-container\">\n\t\t\t\t\t\t\t\t\t\t\t\t\t\t\t\t<a href=\"https:\/\/tonfraedi.is\/index.php\/tonfraediverkefni_t1_notnanofnahljombordi\/\">\n\t\t\t\t\t\t\t<img fetchpriority=\"high\" decoding=\"async\" width=\"212\" height=\"300\" src=\"https:\/\/tonfraedi.is\/wp-content\/uploads\/2022\/11\/IMG_4253-212x300.jpg\" class=\"attachment-medium size-medium wp-image-4756\" alt=\"\" srcset=\"https:\/\/tonfraedi.is\/wp-content\/uploads\/2022\/11\/IMG_4253-212x300.jpg 212w, https:\/\/tonfraedi.is\/wp-content\/uploads\/2022\/11\/IMG_4253-724x1024.jpg 724w, https:\/\/tonfraedi.is\/wp-content\/uploads\/2022\/11\/IMG_4253-768x1086.jpg 768w, https:\/\/tonfraedi.is\/wp-content\/uploads\/2022\/11\/IMG_4253-1086x1536.jpg 1086w, https:\/\/tonfraedi.is\/wp-content\/uploads\/2022\/11\/IMG_4253-1448x2048.jpg 1448w, https:\/\/tonfraedi.is\/wp-content\/uploads\/2022\/11\/IMG_4253-scaled.jpg 1810w\" sizes=\"(max-width: 212px) 100vw, 212px\" \/>\t\t\t\t\t\t\t\t<\/a>\n\t\t\t\t\t\t\t\t\t\t\t\t\t\t\t<\/div>\n\t\t\t\t<\/div>\n\t\t\t\t<div class=\"elementor-element elementor-element-7e5c25e elementor-widget elementor-widget-text-editor\" data-id=\"7e5c25e\" data-element_type=\"widget\" data-e-type=\"widget\" data-widget_type=\"text-editor.default\">\n\t\t\t\t<div class=\"elementor-widget-container\">\n\t\t\t\t\t\t\t\t\t<p style=\"text-align: center;\"><a href=\"https:\/\/tonfraedi.is\/index.php\/tonfraediverkefni_t1_notnanofnahljombordi\/\">N\u00f3tur \u00e1 hlj\u00f3mbor\u00f0i<\/a><\/p>\t\t\t\t\t\t\t\t<\/div>\n\t\t\t\t<\/div>\n\t\t\t\t\t<\/div>\n\t\t<\/div>\n\t\t\t\t<div class=\"elementor-column elementor-col-33 elementor-top-column elementor-element elementor-element-930f68a\" data-id=\"930f68a\" data-element_type=\"column\" data-e-type=\"column\">\n\t\t\t<div class=\"elementor-widget-wrap elementor-element-populated\">\n\t\t\t\t\t\t<div class=\"elementor-element elementor-element-0299249 elementor-widget elementor-widget-image\" data-id=\"0299249\" data-element_type=\"widget\" data-e-type=\"widget\" data-widget_type=\"image.default\">\n\t\t\t\t<div class=\"elementor-widget-container\">\n\t\t\t\t\t\t\t\t\t\t\t\t\t\t\t\t<a href=\"https:\/\/tonfraedi.is\/index.php\/tonfraediverkefni_t1_notnanofnanotnastreng\/\">\n\t\t\t\t\t\t\t<img decoding=\"async\" width=\"212\" height=\"300\" src=\"https:\/\/tonfraedi.is\/wp-content\/uploads\/2022\/11\/IMG_4255-212x300.jpg\" class=\"attachment-medium size-medium wp-image-4749\" alt=\"\" srcset=\"https:\/\/tonfraedi.is\/wp-content\/uploads\/2022\/11\/IMG_4255-212x300.jpg 212w, https:\/\/tonfraedi.is\/wp-content\/uploads\/2022\/11\/IMG_4255-724x1024.jpg 724w, https:\/\/tonfraedi.is\/wp-content\/uploads\/2022\/11\/IMG_4255-768x1086.jpg 768w, https:\/\/tonfraedi.is\/wp-content\/uploads\/2022\/11\/IMG_4255-1086x1536.jpg 1086w, https:\/\/tonfraedi.is\/wp-content\/uploads\/2022\/11\/IMG_4255-1448x2048.jpg 1448w, https:\/\/tonfraedi.is\/wp-content\/uploads\/2022\/11\/IMG_4255-scaled.jpg 1810w\" sizes=\"(max-width: 212px) 100vw, 212px\" \/>\t\t\t\t\t\t\t\t<\/a>\n\t\t\t\t\t\t\t\t\t\t\t\t\t\t\t<\/div>\n\t\t\t\t<\/div>\n\t\t\t\t<div class=\"elementor-element elementor-element-84e3f21 elementor-widget elementor-widget-text-editor\" data-id=\"84e3f21\" data-element_type=\"widget\" data-e-type=\"widget\" data-widget_type=\"text-editor.default\">\n\t\t\t\t<div class=\"elementor-widget-container\">\n\t\t\t\t\t\t\t\t\t<p style=\"text-align: center;\"><a href=\"https:\/\/tonfraedi.is\/index.php\/tonfraediverkefni_t1_notnanofnanotnastreng\/\">N\u00f3tur \u00e1 n\u00f3tnastreng<\/a><\/p>\t\t\t\t\t\t\t\t<\/div>\n\t\t\t\t<\/div>\n\t\t\t\t\t<\/div>\n\t\t<\/div>\n\t\t\t\t<div class=\"elementor-column elementor-col-33 elementor-top-column elementor-element elementor-element-5ee3af7\" data-id=\"5ee3af7\" data-element_type=\"column\" data-e-type=\"column\">\n\t\t\t<div class=\"elementor-widget-wrap elementor-element-populated\">\n\t\t\t\t\t\t<div class=\"elementor-element elementor-element-76e8c22 elementor-widget elementor-widget-image\" data-id=\"76e8c22\" data-element_type=\"widget\" data-e-type=\"widget\" data-widget_type=\"image.default\">\n\t\t\t\t<div class=\"elementor-widget-container\">\n\t\t\t\t\t\t\t\t\t\t\t\t\t\t\t\t<a href=\"https:\/\/tonfraedi.is\/index.php\/tonfraediverkefni_t1_hrynheiti\/\">\n\t\t\t\t\t\t\t<img decoding=\"async\" width=\"212\" height=\"300\" src=\"https:\/\/tonfraedi.is\/wp-content\/uploads\/2022\/11\/Tengdu-rett-hrynheiti-212x300.jpg\" class=\"attachment-medium size-medium wp-image-4764\" alt=\"\" srcset=\"https:\/\/tonfraedi.is\/wp-content\/uploads\/2022\/11\/Tengdu-rett-hrynheiti-212x300.jpg 212w, https:\/\/tonfraedi.is\/wp-content\/uploads\/2022\/11\/Tengdu-rett-hrynheiti-724x1024.jpg 724w, https:\/\/tonfraedi.is\/wp-content\/uploads\/2022\/11\/Tengdu-rett-hrynheiti-768x1086.jpg 768w, https:\/\/tonfraedi.is\/wp-content\/uploads\/2022\/11\/Tengdu-rett-hrynheiti-1086x1536.jpg 1086w, https:\/\/tonfraedi.is\/wp-content\/uploads\/2022\/11\/Tengdu-rett-hrynheiti-1448x2048.jpg 1448w, https:\/\/tonfraedi.is\/wp-content\/uploads\/2022\/11\/Tengdu-rett-hrynheiti-scaled.jpg 1810w\" sizes=\"(max-width: 212px) 100vw, 212px\" \/>\t\t\t\t\t\t\t\t<\/a>\n\t\t\t\t\t\t\t\t\t\t\t\t\t\t\t<\/div>\n\t\t\t\t<\/div>\n\t\t\t\t<div class=\"elementor-element elementor-element-f7ed11b elementor-widget elementor-widget-text-editor\" data-id=\"f7ed11b\" data-element_type=\"widget\" data-e-type=\"widget\" data-widget_type=\"text-editor.default\">\n\t\t\t\t<div class=\"elementor-widget-container\">\n\t\t\t\t\t\t\t\t\t<p style=\"text-align: center;\"><a href=\"https:\/\/tonfraedi.is\/index.php\/tonfraediverkefni_t1_notnanofnanotnastreng\/\">Hrynheiti<\/a><\/p>\t\t\t\t\t\t\t\t<\/div>\n\t\t\t\t<\/div>\n\t\t\t\t\t<\/div>\n\t\t<\/div>\n\t\t\t\t\t<\/div>\n\t\t<\/section>\n\t\t\t\t<section class=\"elementor-section elementor-top-section elementor-element elementor-element-f490ff3 elementor-section-boxed elementor-section-height-default elementor-section-height-default qodef-elementor-content-no\" data-id=\"f490ff3\" data-element_type=\"section\" data-e-type=\"section\">\n\t\t\t\t\t\t<div class=\"elementor-container elementor-column-gap-default\">\n\t\t\t\t\t<div class=\"elementor-column elementor-col-33 elementor-top-column elementor-element elementor-element-d66d4c6\" data-id=\"d66d4c6\" data-element_type=\"column\" data-e-type=\"column\">\n\t\t\t<div class=\"elementor-widget-wrap elementor-element-populated\">\n\t\t\t\t\t\t<div class=\"elementor-element elementor-element-f71e8a4 elementor-widget elementor-widget-image\" data-id=\"f71e8a4\" data-element_type=\"widget\" data-e-type=\"widget\" data-widget_type=\"image.default\">\n\t\t\t\t<div class=\"elementor-widget-container\">\n\t\t\t\t\t\t\t\t\t\t\t\t\t\t\t\t<a href=\"https:\/\/tonfraedi.is\/index.php\/tonfraediverkefni_t1_lengdargildi\/\">\n\t\t\t\t\t\t\t<img loading=\"lazy\" decoding=\"async\" width=\"212\" height=\"300\" src=\"https:\/\/tonfraedi.is\/wp-content\/uploads\/2022\/10\/Tengdu-rett-lengdargildi-212x300.jpg\" class=\"attachment-medium size-medium wp-image-4443\" alt=\"\" srcset=\"https:\/\/tonfraedi.is\/wp-content\/uploads\/2022\/10\/Tengdu-rett-lengdargildi-212x300.jpg 212w, https:\/\/tonfraedi.is\/wp-content\/uploads\/2022\/10\/Tengdu-rett-lengdargildi-724x1024.jpg 724w, https:\/\/tonfraedi.is\/wp-content\/uploads\/2022\/10\/Tengdu-rett-lengdargildi-768x1086.jpg 768w, https:\/\/tonfraedi.is\/wp-content\/uploads\/2022\/10\/Tengdu-rett-lengdargildi-1086x1536.jpg 1086w, https:\/\/tonfraedi.is\/wp-content\/uploads\/2022\/10\/Tengdu-rett-lengdargildi-1448x2048.jpg 1448w, https:\/\/tonfraedi.is\/wp-content\/uploads\/2022\/10\/Tengdu-rett-lengdargildi-scaled.jpg 1810w\" sizes=\"(max-width: 212px) 100vw, 212px\" \/>\t\t\t\t\t\t\t\t<\/a>\n\t\t\t\t\t\t\t\t\t\t\t\t\t\t\t<\/div>\n\t\t\t\t<\/div>\n\t\t\t\t<div class=\"elementor-element elementor-element-0bcaaa5 elementor-widget elementor-widget-text-editor\" data-id=\"0bcaaa5\" data-element_type=\"widget\" data-e-type=\"widget\" data-widget_type=\"text-editor.default\">\n\t\t\t\t<div class=\"elementor-widget-container\">\n\t\t\t\t\t\t\t\t\t<p style=\"text-align: center;\"><a href=\"https:\/\/tonfraedi.is\/index.php\/tonfraediverkefni_t1_lengdargildi\/\">Lengdargildi<\/a><\/p>\t\t\t\t\t\t\t\t<\/div>\n\t\t\t\t<\/div>\n\t\t\t\t\t<\/div>\n\t\t<\/div>\n\t\t\t\t<div class=\"elementor-column elementor-col-33 elementor-top-column elementor-element elementor-element-4a54e1a\" data-id=\"4a54e1a\" data-element_type=\"column\" data-e-type=\"column\">\n\t\t\t<div class=\"elementor-widget-wrap elementor-element-populated\">\n\t\t\t\t\t\t<div class=\"elementor-element elementor-element-02fc253 elementor-widget elementor-widget-image\" data-id=\"02fc253\" data-element_type=\"widget\" data-e-type=\"widget\" data-widget_type=\"image.default\">\n\t\t\t\t<div class=\"elementor-widget-container\">\n\t\t\t\t\t\t\t\t\t\t\t\t\t\t\t\t<a href=\"https:\/\/tonfraedi.is\/index.php\/tonfraediverkefni_t1_hljodfaeri\/\">\n\t\t\t\t\t\t\t<img loading=\"lazy\" decoding=\"async\" width=\"212\" height=\"300\" src=\"https:\/\/tonfraedi.is\/wp-content\/uploads\/2023\/01\/IMG_4618-212x300.jpg\" class=\"attachment-medium size-medium wp-image-5109\" alt=\"\" srcset=\"https:\/\/tonfraedi.is\/wp-content\/uploads\/2023\/01\/IMG_4618-212x300.jpg 212w, https:\/\/tonfraedi.is\/wp-content\/uploads\/2023\/01\/IMG_4618-724x1024.jpg 724w, https:\/\/tonfraedi.is\/wp-content\/uploads\/2023\/01\/IMG_4618-768x1086.jpg 768w, https:\/\/tonfraedi.is\/wp-content\/uploads\/2023\/01\/IMG_4618-1086x1536.jpg 1086w, https:\/\/tonfraedi.is\/wp-content\/uploads\/2023\/01\/IMG_4618-1448x2048.jpg 1448w, https:\/\/tonfraedi.is\/wp-content\/uploads\/2023\/01\/IMG_4618-scaled.jpg 1810w\" sizes=\"(max-width: 212px) 100vw, 212px\" \/>\t\t\t\t\t\t\t\t<\/a>\n\t\t\t\t\t\t\t\t\t\t\t\t\t\t\t<\/div>\n\t\t\t\t<\/div>\n\t\t\t\t<div class=\"elementor-element elementor-element-258acee elementor-widget elementor-widget-text-editor\" data-id=\"258acee\" data-element_type=\"widget\" data-e-type=\"widget\" data-widget_type=\"text-editor.default\">\n\t\t\t\t<div class=\"elementor-widget-container\">\n\t\t\t\t\t\t\t\t\t<p style=\"text-align: center;\"><a href=\"https:\/\/tonfraedi.is\/index.php\/tonfraediverkefni_t1_hljodfaeri\/\">Hlj\u00f3\u00f0f\u00e6ri<\/a><\/p>\t\t\t\t\t\t\t\t<\/div>\n\t\t\t\t<\/div>\n\t\t\t\t\t<\/div>\n\t\t<\/div>\n\t\t\t\t<div class=\"elementor-column elementor-col-33 elementor-top-column elementor-element elementor-element-fe7feaf\" data-id=\"fe7feaf\" data-element_type=\"column\" data-e-type=\"column\">\n\t\t\t<div class=\"elementor-widget-wrap elementor-element-populated\">\n\t\t\t\t\t\t<div class=\"elementor-element elementor-element-719d832 elementor-widget elementor-widget-image\" data-id=\"719d832\" data-element_type=\"widget\" data-e-type=\"widget\" data-widget_type=\"image.default\">\n\t\t\t\t<div class=\"elementor-widget-container\">\n\t\t\t\t\t\t\t\t\t\t\t\t\t\t\t\t<a href=\"https:\/\/tonfraedi.is\/index.php\/tonfraediverkefni_t1_taktstrik\/\">\n\t\t\t\t\t\t\t<img loading=\"lazy\" decoding=\"async\" width=\"212\" height=\"300\" src=\"https:\/\/tonfraedi.is\/wp-content\/uploads\/2023\/01\/IMG_4615-212x300.jpg\" class=\"attachment-medium size-medium wp-image-5096\" alt=\"\" srcset=\"https:\/\/tonfraedi.is\/wp-content\/uploads\/2023\/01\/IMG_4615-212x300.jpg 212w, https:\/\/tonfraedi.is\/wp-content\/uploads\/2023\/01\/IMG_4615-724x1024.jpg 724w, https:\/\/tonfraedi.is\/wp-content\/uploads\/2023\/01\/IMG_4615-768x1086.jpg 768w, https:\/\/tonfraedi.is\/wp-content\/uploads\/2023\/01\/IMG_4615-1086x1536.jpg 1086w, https:\/\/tonfraedi.is\/wp-content\/uploads\/2023\/01\/IMG_4615-1448x2048.jpg 1448w, https:\/\/tonfraedi.is\/wp-content\/uploads\/2023\/01\/IMG_4615-scaled.jpg 1810w\" sizes=\"(max-width: 212px) 100vw, 212px\" \/>\t\t\t\t\t\t\t\t<\/a>\n\t\t\t\t\t\t\t\t\t\t\t\t\t\t\t<\/div>\n\t\t\t\t<\/div>\n\t\t\t\t<div class=\"elementor-element elementor-element-8b40ecf elementor-widget elementor-widget-text-editor\" data-id=\"8b40ecf\" data-element_type=\"widget\" data-e-type=\"widget\" data-widget_type=\"text-editor.default\">\n\t\t\t\t<div class=\"elementor-widget-container\">\n\t\t\t\t\t\t\t\t\t<p style=\"text-align: center;\"><a href=\"https:\/\/tonfraedi.is\/index.php\/tonfraediverkefni_t1_taktstrik\/\">Taktstrik<\/a><\/p>\t\t\t\t\t\t\t\t<\/div>\n\t\t\t\t<\/div>\n\t\t\t\t\t<\/div>\n\t\t<\/div>\n\t\t\t\t\t<\/div>\n\t\t<\/section>\n\t\t\t\t<section class=\"elementor-section elementor-top-section elementor-element elementor-element-b287a28 elementor-section-boxed elementor-section-height-default elementor-section-height-default qodef-elementor-content-no\" data-id=\"b287a28\" data-element_type=\"section\" data-e-type=\"section\">\n\t\t\t\t\t\t<div class=\"elementor-container elementor-column-gap-default\">\n\t\t\t\t\t<div class=\"elementor-column elementor-col-33 elementor-top-column elementor-element elementor-element-b3e03aa\" data-id=\"b3e03aa\" data-element_type=\"column\" data-e-type=\"column\">\n\t\t\t<div class=\"elementor-widget-wrap elementor-element-populated\">\n\t\t\t\t\t\t<div class=\"elementor-element elementor-element-134a060 elementor-widget elementor-widget-image\" data-id=\"134a060\" data-element_type=\"widget\" data-e-type=\"widget\" data-widget_type=\"image.default\">\n\t\t\t\t<div class=\"elementor-widget-container\">\n\t\t\t\t\t\t\t\t\t\t\t\t\t\t\t\t<a href=\"https:\/\/tonfraedi.is\/index.php\/tonfraediverkefni_t1_taktbodar\/\">\n\t\t\t\t\t\t\t<img loading=\"lazy\" decoding=\"async\" width=\"212\" height=\"300\" src=\"https:\/\/tonfraedi.is\/wp-content\/uploads\/2023\/01\/IMG_4657-212x300.jpg\" class=\"attachment-medium size-medium wp-image-5170\" alt=\"\" srcset=\"https:\/\/tonfraedi.is\/wp-content\/uploads\/2023\/01\/IMG_4657-212x300.jpg 212w, https:\/\/tonfraedi.is\/wp-content\/uploads\/2023\/01\/IMG_4657-724x1024.jpg 724w, https:\/\/tonfraedi.is\/wp-content\/uploads\/2023\/01\/IMG_4657-768x1086.jpg 768w, https:\/\/tonfraedi.is\/wp-content\/uploads\/2023\/01\/IMG_4657-1086x1536.jpg 1086w, https:\/\/tonfraedi.is\/wp-content\/uploads\/2023\/01\/IMG_4657-1448x2048.jpg 1448w, https:\/\/tonfraedi.is\/wp-content\/uploads\/2023\/01\/IMG_4657-scaled.jpg 1810w\" sizes=\"(max-width: 212px) 100vw, 212px\" \/>\t\t\t\t\t\t\t\t<\/a>\n\t\t\t\t\t\t\t\t\t\t\t\t\t\t\t<\/div>\n\t\t\t\t<\/div>\n\t\t\t\t<div class=\"elementor-element elementor-element-6424070 elementor-widget elementor-widget-text-editor\" data-id=\"6424070\" data-element_type=\"widget\" data-e-type=\"widget\" data-widget_type=\"text-editor.default\">\n\t\t\t\t<div class=\"elementor-widget-container\">\n\t\t\t\t\t\t\t\t\t<p style=\"text-align: center;\"><a href=\"https:\/\/tonfraedi.is\/index.php\/tonfraediverkefni_t1_taktbodar\/\">Taktbo\u00f0ar<\/a><\/p>\t\t\t\t\t\t\t\t<\/div>\n\t\t\t\t<\/div>\n\t\t\t\t\t<\/div>\n\t\t<\/div>\n\t\t\t\t<div class=\"elementor-column elementor-col-33 elementor-top-column elementor-element elementor-element-82fc9af\" data-id=\"82fc9af\" data-element_type=\"column\" data-e-type=\"column\">\n\t\t\t<div class=\"elementor-widget-wrap elementor-element-populated\">\n\t\t\t\t\t\t<div class=\"elementor-element elementor-element-f990fe5 elementor-widget elementor-widget-image\" data-id=\"f990fe5\" data-element_type=\"widget\" data-e-type=\"widget\" data-widget_type=\"image.default\">\n\t\t\t\t<div class=\"elementor-widget-container\">\n\t\t\t\t\t\t\t\t\t\t\t\t\t\t\t\t<a href=\"https:\/\/tonfraedi.is\/index.php\/tonfraediverkefni_t1_ordogtakn\/\">\n\t\t\t\t\t\t\t<img loading=\"lazy\" decoding=\"async\" width=\"212\" height=\"300\" src=\"https:\/\/tonfraedi.is\/wp-content\/uploads\/2023\/01\/IMG_4699_fixed-212x300.jpg\" class=\"attachment-medium size-medium wp-image-5295\" alt=\"\" srcset=\"https:\/\/tonfraedi.is\/wp-content\/uploads\/2023\/01\/IMG_4699_fixed-212x300.jpg 212w, https:\/\/tonfraedi.is\/wp-content\/uploads\/2023\/01\/IMG_4699_fixed-724x1024.jpg 724w, https:\/\/tonfraedi.is\/wp-content\/uploads\/2023\/01\/IMG_4699_fixed-768x1086.jpg 768w, https:\/\/tonfraedi.is\/wp-content\/uploads\/2023\/01\/IMG_4699_fixed-1086x1536.jpg 1086w, https:\/\/tonfraedi.is\/wp-content\/uploads\/2023\/01\/IMG_4699_fixed-1448x2048.jpg 1448w, https:\/\/tonfraedi.is\/wp-content\/uploads\/2023\/01\/IMG_4699_fixed-scaled.jpg 1810w\" sizes=\"(max-width: 212px) 100vw, 212px\" \/>\t\t\t\t\t\t\t\t<\/a>\n\t\t\t\t\t\t\t\t\t\t\t\t\t\t\t<\/div>\n\t\t\t\t<\/div>\n\t\t\t\t<div class=\"elementor-element elementor-element-4043ce6 elementor-widget elementor-widget-text-editor\" data-id=\"4043ce6\" data-element_type=\"widget\" data-e-type=\"widget\" data-widget_type=\"text-editor.default\">\n\t\t\t\t<div class=\"elementor-widget-container\">\n\t\t\t\t\t\t\t\t\t<p style=\"text-align: center;\"><a href=\"https:\/\/tonfraedi.is\/index.php\/tonfraediverkefni_t1_ordogtakn\/\">Or\u00f0 og t\u00e1kn<\/a><\/p>\t\t\t\t\t\t\t\t<\/div>\n\t\t\t\t<\/div>\n\t\t\t\t\t<\/div>\n\t\t<\/div>\n\t\t\t\t<div class=\"elementor-column elementor-col-33 elementor-top-column elementor-element elementor-element-93e4a00\" data-id=\"93e4a00\" data-element_type=\"column\" data-e-type=\"column\">\n\t\t\t<div class=\"elementor-widget-wrap elementor-element-populated\">\n\t\t\t\t\t\t<div class=\"elementor-element elementor-element-f79e67c elementor-widget elementor-widget-image\" data-id=\"f79e67c\" data-element_type=\"widget\" data-e-type=\"widget\" data-widget_type=\"image.default\">\n\t\t\t\t<div class=\"elementor-widget-container\">\n\t\t\t\t\t\t\t\t\t\t\t\t\t\t\t\t<a href=\"https:\/\/tonfraedi.is\/index.php\/tonfraediverkefni_t1_songheiti\/\">\n\t\t\t\t\t\t\t<img loading=\"lazy\" decoding=\"async\" width=\"212\" height=\"300\" src=\"https:\/\/tonfraedi.is\/wp-content\/uploads\/2022\/11\/veldu-rett-songheiti-T1-212x300.jpg\" class=\"attachment-medium size-medium wp-image-4771\" alt=\"\" srcset=\"https:\/\/tonfraedi.is\/wp-content\/uploads\/2022\/11\/veldu-rett-songheiti-T1-212x300.jpg 212w, https:\/\/tonfraedi.is\/wp-content\/uploads\/2022\/11\/veldu-rett-songheiti-T1-724x1024.jpg 724w, https:\/\/tonfraedi.is\/wp-content\/uploads\/2022\/11\/veldu-rett-songheiti-T1-768x1086.jpg 768w, https:\/\/tonfraedi.is\/wp-content\/uploads\/2022\/11\/veldu-rett-songheiti-T1-1086x1536.jpg 1086w, https:\/\/tonfraedi.is\/wp-content\/uploads\/2022\/11\/veldu-rett-songheiti-T1-1448x2048.jpg 1448w, https:\/\/tonfraedi.is\/wp-content\/uploads\/2022\/11\/veldu-rett-songheiti-T1-scaled.jpg 1810w\" sizes=\"(max-width: 212px) 100vw, 212px\" \/>\t\t\t\t\t\t\t\t<\/a>\n\t\t\t\t\t\t\t\t\t\t\t\t\t\t\t<\/div>\n\t\t\t\t<\/div>\n\t\t\t\t<div class=\"elementor-element elementor-element-6be6ce1 elementor-widget elementor-widget-text-editor\" data-id=\"6be6ce1\" data-element_type=\"widget\" data-e-type=\"widget\" data-widget_type=\"text-editor.default\">\n\t\t\t\t<div class=\"elementor-widget-container\">\n\t\t\t\t\t\t\t\t\t<p style=\"text-align: center;\"><a href=\"https:\/\/tonfraedi.is\/index.php\/tonfraediverkefni_t1_songheiti\/\">S\u00f6ngheiti<\/a><\/p>\t\t\t\t\t\t\t\t<\/div>\n\t\t\t\t<\/div>\n\t\t\t\t\t<\/div>\n\t\t<\/div>\n\t\t\t\t\t<\/div>\n\t\t<\/section>\n\t\t\t\t<\/div>\n\t\t","protected":false},"excerpt":{"rendered":"<p>N\u00f3tur \u00e1 hlj\u00f3mbor\u00f0i N\u00f3tur \u00e1 n\u00f3tnastreng Hrynheiti Lengdargildi Hlj\u00f3\u00f0f\u00e6ri Taktstrik Taktbo\u00f0ar Or\u00f0 og t\u00e1kn S\u00f6ngheiti<\/p>\n","protected":false},"author":1,"featured_media":0,"parent":0,"menu_order":0,"comment_status":"closed","ping_status":"closed","template":"page-full-width.php","meta":{"footnotes":""},"class_list":["post-4322","page","type-page","status-publish","hentry"],"_links":{"self":[{"href":"https:\/\/tonfraedi.is\/index.php\/wp-json\/wp\/v2\/pages\/4322","targetHints":{"allow":["GET"]}}],"collection":[{"href":"https:\/\/tonfraedi.is\/index.php\/wp-json\/wp\/v2\/pages"}],"about":[{"href":"https:\/\/tonfraedi.is\/index.php\/wp-json\/wp\/v2\/types\/page"}],"author":[{"embeddable":true,"href":"https:\/\/tonfraedi.is\/index.php\/wp-json\/wp\/v2\/users\/1"}],"replies":[{"embeddable":true,"href":"https:\/\/tonfraedi.is\/index.php\/wp-json\/wp\/v2\/comments?post=4322"}],"version-history":[{"count":37,"href":"https:\/\/tonfraedi.is\/index.php\/wp-json\/wp\/v2\/pages\/4322\/revisions"}],"predecessor-version":[{"id":5596,"href":"https:\/\/tonfraedi.is\/index.php\/wp-json\/wp\/v2\/pages\/4322\/revisions\/5596"}],"wp:attachment":[{"href":"https:\/\/tonfraedi.is\/index.php\/wp-json\/wp\/v2\/media?parent=4322"}],"curies":[{"name":"wp","href":"https:\/\/api.w.org\/{rel}","templated":true}]}}