{"id":4365,"date":"2022-10-08T23:24:04","date_gmt":"2022-10-08T23:24:04","guid":{"rendered":"http:\/\/tonfraedi.is\/?page_id=4365"},"modified":"2023-02-06T17:38:21","modified_gmt":"2023-02-06T17:38:21","slug":"tonfraediverkefni_t1_hrynheiti","status":"publish","type":"page","link":"https:\/\/tonfraedi.is\/index.php\/tonfraediverkefni_t1_hrynheiti\/","title":{"rendered":"T\u00f3nfr\u00e6\u00f0iverkefni T1 &#8211; Hrynheiti"},"content":{"rendered":"\t\t<div data-elementor-type=\"wp-page\" data-elementor-id=\"4365\" class=\"elementor elementor-4365\">\n\t\t\t\t\t\t<section class=\"elementor-section elementor-top-section elementor-element elementor-element-cccc328 elementor-section-boxed elementor-section-height-default elementor-section-height-default qodef-elementor-content-no\" data-id=\"cccc328\" data-element_type=\"section\" data-e-type=\"section\">\n\t\t\t\t\t\t<div class=\"elementor-container elementor-column-gap-default\">\n\t\t\t\t\t<div class=\"elementor-column elementor-col-33 elementor-top-column elementor-element elementor-element-9872ab2\" data-id=\"9872ab2\" data-element_type=\"column\" data-e-type=\"column\">\n\t\t\t<div class=\"elementor-widget-wrap elementor-element-populated\">\n\t\t\t\t\t\t<div class=\"elementor-element elementor-element-8668ea0 elementor-widget elementor-widget-image\" data-id=\"8668ea0\" data-element_type=\"widget\" data-e-type=\"widget\" data-widget_type=\"image.default\">\n\t\t\t\t<div class=\"elementor-widget-container\">\n\t\t\t\t\t\t\t\t\t\t\t\t\t\t\t\t<a href=\"https:\/\/tonfraedi.is\/?page_id=4539\">\n\t\t\t\t\t\t\t<img fetchpriority=\"high\" decoding=\"async\" width=\"212\" height=\"300\" src=\"https:\/\/tonfraedi.is\/wp-content\/uploads\/2022\/11\/Tengdu-rett-hrynheiti-212x300.jpg\" class=\"attachment-medium size-medium wp-image-4764\" alt=\"\" srcset=\"https:\/\/tonfraedi.is\/wp-content\/uploads\/2022\/11\/Tengdu-rett-hrynheiti-212x300.jpg 212w, https:\/\/tonfraedi.is\/wp-content\/uploads\/2022\/11\/Tengdu-rett-hrynheiti-724x1024.jpg 724w, https:\/\/tonfraedi.is\/wp-content\/uploads\/2022\/11\/Tengdu-rett-hrynheiti-768x1086.jpg 768w, https:\/\/tonfraedi.is\/wp-content\/uploads\/2022\/11\/Tengdu-rett-hrynheiti-1086x1536.jpg 1086w, https:\/\/tonfraedi.is\/wp-content\/uploads\/2022\/11\/Tengdu-rett-hrynheiti-1448x2048.jpg 1448w, https:\/\/tonfraedi.is\/wp-content\/uploads\/2022\/11\/Tengdu-rett-hrynheiti-scaled.jpg 1810w\" sizes=\"(max-width: 212px) 100vw, 212px\" \/>\t\t\t\t\t\t\t\t<\/a>\n\t\t\t\t\t\t\t\t\t\t\t\t\t\t\t<\/div>\n\t\t\t\t<\/div>\n\t\t\t\t<div class=\"elementor-element elementor-element-8fae90c elementor-widget elementor-widget-text-editor\" data-id=\"8fae90c\" data-element_type=\"widget\" data-e-type=\"widget\" data-widget_type=\"text-editor.default\">\n\t\t\t\t<div class=\"elementor-widget-container\">\n\t\t\t\t\t\t\t\t\t<center><a href=\"https:\/\/tonfraedi.is\/?page_id=4539\">Tengdu r\u00e9tt hrynheiti vi\u00f0 n\u00f3turnar<\/a><\/center>\t\t\t\t\t\t\t\t<\/div>\n\t\t\t\t<\/div>\n\t\t\t\t\t<\/div>\n\t\t<\/div>\n\t\t\t\t<div class=\"elementor-column elementor-col-33 elementor-top-column elementor-element elementor-element-b57c0fb\" data-id=\"b57c0fb\" data-element_type=\"column\" data-e-type=\"column\">\n\t\t\t<div class=\"elementor-widget-wrap elementor-element-populated\">\n\t\t\t\t\t\t<div class=\"elementor-element elementor-element-7307e80 elementor-widget elementor-widget-image\" data-id=\"7307e80\" data-element_type=\"widget\" data-e-type=\"widget\" data-widget_type=\"image.default\">\n\t\t\t\t<div class=\"elementor-widget-container\">\n\t\t\t\t\t\t\t\t\t\t\t\t\t\t\t\t<a href=\"https:\/\/tonfraedi.is\/index.php\/tonfraediverkefni_t1_hrynheiti_verkefni2\/\">\n\t\t\t\t\t\t\t<img decoding=\"async\" width=\"212\" height=\"300\" src=\"https:\/\/tonfraedi.is\/wp-content\/uploads\/2023\/01\/IMG_4591-212x300.jpg\" class=\"attachment-medium size-medium wp-image-5072\" alt=\"\" srcset=\"https:\/\/tonfraedi.is\/wp-content\/uploads\/2023\/01\/IMG_4591-212x300.jpg 212w, https:\/\/tonfraedi.is\/wp-content\/uploads\/2023\/01\/IMG_4591-724x1024.jpg 724w, https:\/\/tonfraedi.is\/wp-content\/uploads\/2023\/01\/IMG_4591-768x1086.jpg 768w, https:\/\/tonfraedi.is\/wp-content\/uploads\/2023\/01\/IMG_4591-1086x1536.jpg 1086w, https:\/\/tonfraedi.is\/wp-content\/uploads\/2023\/01\/IMG_4591-1448x2048.jpg 1448w, https:\/\/tonfraedi.is\/wp-content\/uploads\/2023\/01\/IMG_4591-scaled.jpg 1810w\" sizes=\"(max-width: 212px) 100vw, 212px\" \/>\t\t\t\t\t\t\t\t<\/a>\n\t\t\t\t\t\t\t\t\t\t\t\t\t\t\t<\/div>\n\t\t\t\t<\/div>\n\t\t\t\t<div class=\"elementor-element elementor-element-bd84e09 elementor-widget elementor-widget-text-editor\" data-id=\"bd84e09\" data-element_type=\"widget\" data-e-type=\"widget\" data-widget_type=\"text-editor.default\">\n\t\t\t\t<div class=\"elementor-widget-container\">\n\t\t\t\t\t\t\t\t\t<center><a href=\"https:\/\/tonfraedi.is\/index.php\/tonfraediverkefni_t1_hrynheiti_verkefni2\/\">Veldu r\u00e9tt hrynheiti<\/a><\/center>\t\t\t\t\t\t\t\t<\/div>\n\t\t\t\t<\/div>\n\t\t\t\t\t<\/div>\n\t\t<\/div>\n\t\t\t\t<div class=\"elementor-column elementor-col-33 elementor-top-column elementor-element elementor-element-9b763ac\" data-id=\"9b763ac\" data-element_type=\"column\" data-e-type=\"column\">\n\t\t\t<div class=\"elementor-widget-wrap\">\n\t\t\t\t\t\t\t<\/div>\n\t\t<\/div>\n\t\t\t\t\t<\/div>\n\t\t<\/section>\n\t\t\t\t<\/div>\n\t\t","protected":false},"excerpt":{"rendered":"<p>Tengdu r\u00e9tt hrynheiti vi\u00f0 n\u00f3turnar Veldu r\u00e9tt hrynheiti<\/p>\n","protected":false},"author":1,"featured_media":0,"parent":0,"menu_order":0,"comment_status":"closed","ping_status":"closed","template":"page-full-width.php","meta":{"footnotes":""},"class_list":["post-4365","page","type-page","status-publish","hentry"],"_links":{"self":[{"href":"https:\/\/tonfraedi.is\/index.php\/wp-json\/wp\/v2\/pages\/4365","targetHints":{"allow":["GET"]}}],"collection":[{"href":"https:\/\/tonfraedi.is\/index.php\/wp-json\/wp\/v2\/pages"}],"about":[{"href":"https:\/\/tonfraedi.is\/index.php\/wp-json\/wp\/v2\/types\/page"}],"author":[{"embeddable":true,"href":"https:\/\/tonfraedi.is\/index.php\/wp-json\/wp\/v2\/users\/1"}],"replies":[{"embeddable":true,"href":"https:\/\/tonfraedi.is\/index.php\/wp-json\/wp\/v2\/comments?post=4365"}],"version-history":[{"count":22,"href":"https:\/\/tonfraedi.is\/index.php\/wp-json\/wp\/v2\/pages\/4365\/revisions"}],"predecessor-version":[{"id":5564,"href":"https:\/\/tonfraedi.is\/index.php\/wp-json\/wp\/v2\/pages\/4365\/revisions\/5564"}],"wp:attachment":[{"href":"https:\/\/tonfraedi.is\/index.php\/wp-json\/wp\/v2\/media?parent=4365"}],"curies":[{"name":"wp","href":"https:\/\/api.w.org\/{rel}","templated":true}]}}