{"id":4451,"date":"2022-10-09T15:35:31","date_gmt":"2022-10-09T15:35:31","guid":{"rendered":"http:\/\/tonfraedi.is\/?page_id=4451"},"modified":"2022-11-08T14:42:55","modified_gmt":"2022-11-08T14:42:55","slug":"tonfraediverkefni_t1_lengdargildi_verkefni1","status":"publish","type":"page","link":"https:\/\/tonfraedi.is\/index.php\/tonfraediverkefni_t1_lengdargildi_verkefni1\/","title":{"rendered":"T\u00f3nfr\u00e6\u00f0iverkefni T1 &#8211; Lengdargildi &#8211; tengdu r\u00e9tt lengdargildi vi\u00f0 n\u00f3turnar"},"content":{"rendered":"\t\t<div data-elementor-type=\"wp-page\" data-elementor-id=\"4451\" class=\"elementor elementor-4451\">\n\t\t\t\t\t\t<section class=\"elementor-section elementor-top-section elementor-element elementor-element-f9e3d45 elementor-section-boxed elementor-section-height-default elementor-section-height-default qodef-elementor-content-no\" data-id=\"f9e3d45\" data-element_type=\"section\" data-e-type=\"section\">\n\t\t\t\t\t\t<div class=\"elementor-container elementor-column-gap-default\">\n\t\t\t\t\t<div class=\"elementor-column elementor-col-100 elementor-top-column elementor-element elementor-element-413b303\" data-id=\"413b303\" data-element_type=\"column\" data-e-type=\"column\">\n\t\t\t<div class=\"elementor-widget-wrap elementor-element-populated\">\n\t\t\t\t\t\t<div class=\"elementor-element elementor-element-0bfbbc7 elementor-widget elementor-widget-html\" data-id=\"0bfbbc7\" data-element_type=\"widget\" data-e-type=\"widget\" data-widget_type=\"html.default\">\n\t\t\t\t<div class=\"elementor-widget-container\">\n\t\t\t\t\t<div style=\"width: 100%; background-color: white;\"><div style=\"position: relative; padding-bottom: 150.00%; padding-top: 0; height: 0; border: solid 1px #ddd;\"><iframe frameborder=\"0\" width=\"1000\" height=\"1413\" style=\"position: absolute; top: 0; left: 0; width: 100%; height: 100%;\" src=\"https:\/\/www.topworksheets.com\/embed\/t%C3%B3nfr%C3%A6%C3%B0i-t1-tengdu-r%C3%A9tt-lengdargildi-vi%C3%B0-n%C3%B3turnar-635e6635b6b9d?language=is&action=check\" \" type=\"text\/html\" allowscriptaccess=\"always\" allowfullscreen=\"true\" scrolling=\"yes\" allownetworking=\"all\"><\/iframe><\/div><\/div>\n\n<div align=\"center\">\n<a href=\"https:\/\/tonfraedi.is\/index.php\/tonfraediverkefni_t1_lengdargildi_verkefni1\/\"><strong>Reyna aftur<\/strong><\/a> | <a href=\"https:\/\/tonfraedi.is\/index.php\/tonfraediverkefni_t1_lengdargildi\/\"><strong>Til baka<\/strong><\/a>\n<\/div>\t\t\t\t<\/div>\n\t\t\t\t<\/div>\n\t\t\t\t\t<\/div>\n\t\t<\/div>\n\t\t\t\t\t<\/div>\n\t\t<\/section>\n\t\t\t\t<\/div>\n\t\t","protected":false},"excerpt":{"rendered":"","protected":false},"author":1,"featured_media":0,"parent":0,"menu_order":0,"comment_status":"closed","ping_status":"closed","template":"page-full-width.php","meta":{"footnotes":""},"class_list":["post-4451","page","type-page","status-publish","hentry"],"_links":{"self":[{"href":"https:\/\/tonfraedi.is\/index.php\/wp-json\/wp\/v2\/pages\/4451","targetHints":{"allow":["GET"]}}],"collection":[{"href":"https:\/\/tonfraedi.is\/index.php\/wp-json\/wp\/v2\/pages"}],"about":[{"href":"https:\/\/tonfraedi.is\/index.php\/wp-json\/wp\/v2\/types\/page"}],"author":[{"embeddable":true,"href":"https:\/\/tonfraedi.is\/index.php\/wp-json\/wp\/v2\/users\/1"}],"replies":[{"embeddable":true,"href":"https:\/\/tonfraedi.is\/index.php\/wp-json\/wp\/v2\/comments?post=4451"}],"version-history":[{"count":20,"href":"https:\/\/tonfraedi.is\/index.php\/wp-json\/wp\/v2\/pages\/4451\/revisions"}],"predecessor-version":[{"id":4739,"href":"https:\/\/tonfraedi.is\/index.php\/wp-json\/wp\/v2\/pages\/4451\/revisions\/4739"}],"wp:attachment":[{"href":"https:\/\/tonfraedi.is\/index.php\/wp-json\/wp\/v2\/media?parent=4451"}],"curies":[{"name":"wp","href":"https:\/\/api.w.org\/{rel}","templated":true}]}}