{"id":4484,"date":"2022-10-09T16:15:58","date_gmt":"2022-10-09T16:15:58","guid":{"rendered":"http:\/\/tonfraedi.is\/?page_id=4484"},"modified":"2023-09-23T13:13:54","modified_gmt":"2023-09-23T13:13:54","slug":"hlustunarverkefni_t1_hljodfaerathekking","status":"publish","type":"page","link":"https:\/\/tonfraedi.is\/index.php\/hlustunarverkefni_t1_hljodfaerathekking\/","title":{"rendered":"Hlustunarverkefni T1 &#8211; Hlj\u00f3\u00f0f\u00e6ra\u00feekking"},"content":{"rendered":"\t\t<div data-elementor-type=\"wp-page\" data-elementor-id=\"4484\" class=\"elementor elementor-4484\">\n\t\t\t\t\t\t<section class=\"elementor-section elementor-top-section elementor-element elementor-element-cccc328 elementor-section-boxed elementor-section-height-default elementor-section-height-default qodef-elementor-content-no\" data-id=\"cccc328\" data-element_type=\"section\" data-e-type=\"section\">\n\t\t\t\t\t\t<div class=\"elementor-container elementor-column-gap-default\">\n\t\t\t\t\t<div class=\"elementor-column elementor-col-33 elementor-top-column elementor-element elementor-element-9872ab2\" data-id=\"9872ab2\" data-element_type=\"column\" data-e-type=\"column\">\n\t\t\t<div class=\"elementor-widget-wrap elementor-element-populated\">\n\t\t\t\t\t\t<div class=\"elementor-element elementor-element-8668ea0 elementor-widget elementor-widget-image\" data-id=\"8668ea0\" data-element_type=\"widget\" data-e-type=\"widget\" data-widget_type=\"image.default\">\n\t\t\t\t<div class=\"elementor-widget-container\">\n\t\t\t\t\t\t\t\t\t\t\t\t\t\t\t\t<a href=\"https:\/\/tonfraedi.is\/?page_id=4493\">\n\t\t\t\t\t\t\t<img fetchpriority=\"high\" decoding=\"async\" width=\"212\" height=\"300\" src=\"https:\/\/tonfraedi.is\/wp-content\/uploads\/2023\/01\/IMG_4700-212x300.jpg\" class=\"attachment-medium size-medium wp-image-5251\" alt=\"\" srcset=\"https:\/\/tonfraedi.is\/wp-content\/uploads\/2023\/01\/IMG_4700-212x300.jpg 212w, https:\/\/tonfraedi.is\/wp-content\/uploads\/2023\/01\/IMG_4700-724x1024.jpg 724w, https:\/\/tonfraedi.is\/wp-content\/uploads\/2023\/01\/IMG_4700-768x1086.jpg 768w, https:\/\/tonfraedi.is\/wp-content\/uploads\/2023\/01\/IMG_4700-1086x1536.jpg 1086w, https:\/\/tonfraedi.is\/wp-content\/uploads\/2023\/01\/IMG_4700-1448x2048.jpg 1448w, https:\/\/tonfraedi.is\/wp-content\/uploads\/2023\/01\/IMG_4700-scaled.jpg 1810w\" sizes=\"(max-width: 212px) 100vw, 212px\" \/>\t\t\t\t\t\t\t\t<\/a>\n\t\t\t\t\t\t\t\t\t\t\t\t\t\t\t<\/div>\n\t\t\t\t<\/div>\n\t\t\t\t<div class=\"elementor-element elementor-element-8fae90c elementor-widget elementor-widget-text-editor\" data-id=\"8fae90c\" data-element_type=\"widget\" data-e-type=\"widget\" data-widget_type=\"text-editor.default\">\n\t\t\t\t<div class=\"elementor-widget-container\">\n\t\t\t\t\t\t\t\t\t<center><a href=\"https:\/\/tonfraedi.is\/?page_id=4493\">\u00deekkir\u00f0u hlj\u00f3\u00f0f\u00e6rin?<\/a><\/center>\t\t\t\t\t\t\t\t<\/div>\n\t\t\t\t<\/div>\n\t\t\t\t\t<\/div>\n\t\t<\/div>\n\t\t\t\t<div class=\"elementor-column elementor-col-33 elementor-top-column elementor-element elementor-element-b57c0fb\" data-id=\"b57c0fb\" data-element_type=\"column\" data-e-type=\"column\">\n\t\t\t<div class=\"elementor-widget-wrap\">\n\t\t\t\t\t\t\t<\/div>\n\t\t<\/div>\n\t\t\t\t<div class=\"elementor-column elementor-col-33 elementor-top-column elementor-element elementor-element-9b763ac\" data-id=\"9b763ac\" data-element_type=\"column\" data-e-type=\"column\">\n\t\t\t<div class=\"elementor-widget-wrap\">\n\t\t\t\t\t\t\t<\/div>\n\t\t<\/div>\n\t\t\t\t\t<\/div>\n\t\t<\/section>\n\t\t\t\t<\/div>\n\t\t","protected":false},"excerpt":{"rendered":"<p>\u00deekkir\u00f0u hlj\u00f3\u00f0f\u00e6rin?<\/p>\n","protected":false},"author":1,"featured_media":0,"parent":0,"menu_order":0,"comment_status":"closed","ping_status":"closed","template":"page-full-width.php","meta":{"footnotes":""},"class_list":["post-4484","page","type-page","status-publish","hentry"],"_links":{"self":[{"href":"https:\/\/tonfraedi.is\/index.php\/wp-json\/wp\/v2\/pages\/4484","targetHints":{"allow":["GET"]}}],"collection":[{"href":"https:\/\/tonfraedi.is\/index.php\/wp-json\/wp\/v2\/pages"}],"about":[{"href":"https:\/\/tonfraedi.is\/index.php\/wp-json\/wp\/v2\/types\/page"}],"author":[{"embeddable":true,"href":"https:\/\/tonfraedi.is\/index.php\/wp-json\/wp\/v2\/users\/1"}],"replies":[{"embeddable":true,"href":"https:\/\/tonfraedi.is\/index.php\/wp-json\/wp\/v2\/comments?post=4484"}],"version-history":[{"count":24,"href":"https:\/\/tonfraedi.is\/index.php\/wp-json\/wp\/v2\/pages\/4484\/revisions"}],"predecessor-version":[{"id":5956,"href":"https:\/\/tonfraedi.is\/index.php\/wp-json\/wp\/v2\/pages\/4484\/revisions\/5956"}],"wp:attachment":[{"href":"https:\/\/tonfraedi.is\/index.php\/wp-json\/wp\/v2\/media?parent=4484"}],"curies":[{"name":"wp","href":"https:\/\/api.w.org\/{rel}","templated":true}]}}