{"id":4508,"date":"2022-10-09T16:58:21","date_gmt":"2022-10-09T16:58:21","guid":{"rendered":"http:\/\/tonfraedi.is\/?page_id=4508"},"modified":"2022-10-09T17:00:54","modified_gmt":"2022-10-09T17:00:54","slug":"styrkja-tonfraedi-is","status":"publish","type":"page","link":"https:\/\/tonfraedi.is\/index.php\/styrkja-tonfraedi-is\/","title":{"rendered":"Styrkja t\u00f3nfr\u00e6\u00f0i.is"},"content":{"rendered":"\t\t<div data-elementor-type=\"wp-page\" data-elementor-id=\"4508\" class=\"elementor elementor-4508\">\n\t\t\t\t\t\t<section class=\"elementor-section elementor-top-section elementor-element elementor-element-4d1156a elementor-section-boxed elementor-section-height-default elementor-section-height-default qodef-elementor-content-no\" data-id=\"4d1156a\" data-element_type=\"section\" data-e-type=\"section\">\n\t\t\t\t\t\t<div class=\"elementor-container elementor-column-gap-default\">\n\t\t\t\t\t<div class=\"elementor-column elementor-col-50 elementor-top-column elementor-element elementor-element-c1972b0\" data-id=\"c1972b0\" data-element_type=\"column\" data-e-type=\"column\">\n\t\t\t<div class=\"elementor-widget-wrap elementor-element-populated\">\n\t\t\t\t\t\t<div class=\"elementor-element elementor-element-5f5d735 elementor-widget elementor-widget-heading\" data-id=\"5f5d735\" data-element_type=\"widget\" data-e-type=\"widget\" data-widget_type=\"heading.default\">\n\t\t\t\t<div class=\"elementor-widget-container\">\n\t\t\t\t\t<h2 class=\"elementor-heading-title elementor-size-default\">Styrkja t\u00f3nfr\u00e6\u00f0i.is<\/h2>\t\t\t\t<\/div>\n\t\t\t\t<\/div>\n\t\t\t\t<div class=\"elementor-element elementor-element-9f0f484 elementor-widget elementor-widget-text-editor\" data-id=\"9f0f484\" data-element_type=\"widget\" data-e-type=\"widget\" data-widget_type=\"text-editor.default\">\n\t\t\t\t<div class=\"elementor-widget-container\">\n\t\t\t\t\t\t\t\t\t<p>Vi\u00f0 \u00fe\u00f6kkum \u00e1hugann \u00e1 a\u00f0 styrkja okkur til frekari framkv\u00e6mda. Vinsamlegast <a href=\"mailto:tonfraedi@tonfraedi.is\">sendu okkur t\u00f6lvup\u00f3st \u00e1 netfangi\u00f0 tonfraedi@tonfraedi.is<\/a> til a\u00f0 r\u00e6\u00f0a m\u00e1lin.<\/p>\t\t\t\t\t\t\t\t<\/div>\n\t\t\t\t<\/div>\n\t\t\t\t\t<\/div>\n\t\t<\/div>\n\t\t\t\t<div class=\"elementor-column elementor-col-50 elementor-top-column elementor-element elementor-element-fd6d5ba\" data-id=\"fd6d5ba\" data-element_type=\"column\" data-e-type=\"column\">\n\t\t\t<div class=\"elementor-widget-wrap elementor-element-populated\">\n\t\t\t\t\t\t<div class=\"elementor-element elementor-element-97cda4b elementor-widget elementor-widget-image\" data-id=\"97cda4b\" data-element_type=\"widget\" data-e-type=\"widget\" data-widget_type=\"image.default\">\n\t\t\t\t<div class=\"elementor-widget-container\">\n\t\t\t\t\t\t\t\t\t\t\t\t\t\t\t<img fetchpriority=\"high\" decoding=\"async\" width=\"1024\" height=\"683\" src=\"https:\/\/tonfraedi.is\/wp-content\/uploads\/2022\/10\/pexels_money-1024x683.jpeg\" class=\"attachment-large size-large wp-image-4509\" alt=\"\" srcset=\"https:\/\/tonfraedi.is\/wp-content\/uploads\/2022\/10\/pexels_money-1024x683.jpeg 1024w, https:\/\/tonfraedi.is\/wp-content\/uploads\/2022\/10\/pexels_money-300x200.jpeg 300w, https:\/\/tonfraedi.is\/wp-content\/uploads\/2022\/10\/pexels_money-768x512.jpeg 768w, https:\/\/tonfraedi.is\/wp-content\/uploads\/2022\/10\/pexels_money-1536x1024.jpeg 1536w, https:\/\/tonfraedi.is\/wp-content\/uploads\/2022\/10\/pexels_money-2048x1365.jpeg 2048w\" sizes=\"(max-width: 1024px) 100vw, 1024px\" \/>\t\t\t\t\t\t\t\t\t\t\t\t\t\t\t<\/div>\n\t\t\t\t<\/div>\n\t\t\t\t\t<\/div>\n\t\t<\/div>\n\t\t\t\t\t<\/div>\n\t\t<\/section>\n\t\t\t\t<\/div>\n\t\t","protected":false},"excerpt":{"rendered":"<p>Styrkja t\u00f3nfr\u00e6\u00f0i.is Vi\u00f0 \u00fe\u00f6kkum \u00e1hugann \u00e1 a\u00f0 styrkja okkur til frekari framkv\u00e6mda. Vinsamlegast sendu okkur t\u00f6lvup\u00f3st \u00e1 netfangi\u00f0 tonfraedi@tonfraedi.is til a\u00f0 r\u00e6\u00f0a m\u00e1lin.<\/p>\n","protected":false},"author":1,"featured_media":0,"parent":0,"menu_order":0,"comment_status":"closed","ping_status":"closed","template":"","meta":{"footnotes":""},"class_list":["post-4508","page","type-page","status-publish","hentry"],"_links":{"self":[{"href":"https:\/\/tonfraedi.is\/index.php\/wp-json\/wp\/v2\/pages\/4508","targetHints":{"allow":["GET"]}}],"collection":[{"href":"https:\/\/tonfraedi.is\/index.php\/wp-json\/wp\/v2\/pages"}],"about":[{"href":"https:\/\/tonfraedi.is\/index.php\/wp-json\/wp\/v2\/types\/page"}],"author":[{"embeddable":true,"href":"https:\/\/tonfraedi.is\/index.php\/wp-json\/wp\/v2\/users\/1"}],"replies":[{"embeddable":true,"href":"https:\/\/tonfraedi.is\/index.php\/wp-json\/wp\/v2\/comments?post=4508"}],"version-history":[{"count":3,"href":"https:\/\/tonfraedi.is\/index.php\/wp-json\/wp\/v2\/pages\/4508\/revisions"}],"predecessor-version":[{"id":4512,"href":"https:\/\/tonfraedi.is\/index.php\/wp-json\/wp\/v2\/pages\/4508\/revisions\/4512"}],"wp:attachment":[{"href":"https:\/\/tonfraedi.is\/index.php\/wp-json\/wp\/v2\/media?parent=4508"}],"curies":[{"name":"wp","href":"https:\/\/api.w.org\/{rel}","templated":true}]}}