{"id":4807,"date":"2022-11-08T23:10:02","date_gmt":"2022-11-08T23:10:02","guid":{"rendered":"http:\/\/tonfraedi.is\/?page_id=4807"},"modified":"2023-02-09T00:08:29","modified_gmt":"2023-02-09T00:08:29","slug":"tonlistarsaga_klassiskatimabilid_upplysingar","status":"publish","type":"page","link":"https:\/\/tonfraedi.is\/index.php\/tonlistarsaga_klassiskatimabilid_upplysingar\/","title":{"rendered":"T\u00f3nlistarsaga &#8211; Klass\u00edska t\u00edmabili\u00f0 &#8211; Uppl\u00fdsingar"},"content":{"rendered":"\t\t<div data-elementor-type=\"wp-page\" data-elementor-id=\"4807\" class=\"elementor elementor-4807\">\n\t\t\t\t\t\t<section class=\"elementor-section elementor-top-section elementor-element elementor-element-c11b3fa elementor-section-boxed elementor-section-height-default elementor-section-height-default qodef-elementor-content-no\" data-id=\"c11b3fa\" data-element_type=\"section\" data-e-type=\"section\">\n\t\t\t\t\t\t<div class=\"elementor-container elementor-column-gap-default\">\n\t\t\t\t\t<div class=\"elementor-column elementor-col-100 elementor-top-column elementor-element elementor-element-395b3d9\" data-id=\"395b3d9\" data-element_type=\"column\" data-e-type=\"column\">\n\t\t\t<div class=\"elementor-widget-wrap elementor-element-populated\">\n\t\t\t\t\t\t<div class=\"elementor-element elementor-element-b6cc17e elementor-widget__width-auto elementor-widget elementor-widget-songbook_core_section_title\" data-id=\"b6cc17e\" data-element_type=\"widget\" data-e-type=\"widget\" data-widget_type=\"songbook_core_section_title.default\">\n\t\t\t\t<div class=\"elementor-widget-container\">\n\t\t\t\t\t<div class=\"qodef-shortcode qodef-m  qodef-section-title qodef-alignment--center \">\n\t\t<h6 class=\"qodef-m-subtitle\" >\n\t\t<span>\n\t\t\tS\u00f6gustund\t\t<\/span>\n\t<\/h6>\n\t\t<h1 class=\"qodef-m-title\" style=\"margin-top: 11px\">\n\t\t\t\t\tT\u00f3nlistarsaga\t\t\t<\/h1>\n\t\t<\/div>\t\t\t\t<\/div>\n\t\t\t\t<\/div>\n\t\t\t\t\t<\/div>\n\t\t<\/div>\n\t\t\t\t\t<\/div>\n\t\t<\/section>\n\t\t\t\t<section class=\"elementor-section elementor-top-section elementor-element elementor-element-29a1166 elementor-section-boxed elementor-section-height-default elementor-section-height-default qodef-elementor-content-no\" data-id=\"29a1166\" data-element_type=\"section\" data-e-type=\"section\">\n\t\t\t\t\t\t<div class=\"elementor-container elementor-column-gap-default\">\n\t\t\t\t\t<div class=\"elementor-column elementor-col-50 elementor-top-column elementor-element elementor-element-8bf8371\" data-id=\"8bf8371\" data-element_type=\"column\" data-e-type=\"column\">\n\t\t\t<div class=\"elementor-widget-wrap elementor-element-populated\">\n\t\t\t\t\t\t<div class=\"elementor-element elementor-element-bc4e843 elementor-widget elementor-widget-heading\" data-id=\"bc4e843\" data-element_type=\"widget\" data-e-type=\"widget\" data-widget_type=\"heading.default\">\n\t\t\t\t<div class=\"elementor-widget-container\">\n\t\t\t\t\t<h2 class=\"elementor-heading-title elementor-size-default\">Klass\u00edska t\u00edmabili\u00f0<\/h2>\t\t\t\t<\/div>\n\t\t\t\t<\/div>\n\t\t\t\t<div class=\"elementor-element elementor-element-1f107f1 elementor-widget elementor-widget-text-editor\" data-id=\"1f107f1\" data-element_type=\"widget\" data-e-type=\"widget\" data-widget_type=\"text-editor.default\">\n\t\t\t\t<div class=\"elementor-widget-container\">\n\t\t\t\t\t\t\t\t\t<p>Klass\u00edska t\u00edmabili\u00f0: Fr\u00e1 um \u00fea\u00f0 bil \u00e1rinu 1750 til \u00e1rsins 1830.<\/p><p>Klass\u00edska t\u00edmabili\u00f0 kom \u00e1 eftir barokkt\u00edmabilinu og n\u00e6sta t\u00edmabil \u00e1 eftir er kalla\u00f0 r\u00f3mant\u00edska t\u00edmabili\u00f0.<\/p><p>\u00c1 \u00feessu t\u00edmabili \u00fer\u00f3u\u00f0ust m\u00f6rg eldri hlj\u00f3\u00f0f\u00e6ri t\u00f6luvert og eins voru fundin upp alveg n\u00fd hlj\u00f3\u00f0f\u00e6ri. \u00deess vegna var mikilv\u00e6gt a\u00f0 h\u00e6gt v\u00e6ri a\u00f0 stilla hlj\u00f3\u00f0f\u00e6rin \u00feannig a\u00f0 \u00feau spilu\u00f0u \u00f6ll t\u00f3na \u00ed s\u00f6mu t\u00f3nh\u00e6\u00f0 (\u00fev\u00ed annars myndu \u00feau hlj\u00f3ma falskt mi\u00f0a\u00f0 vi\u00f0 \u00f6nnur hlj\u00f3\u00f0f\u00e6ri). \u00dev\u00ed var fundin upp svok\u00f6llu\u00f0 jafnstilling (k\u00f6llu\u00f0 &#8222;equal temperament&#8220; \u00e1 ensku).\u00a0<\/p><p>Hlj\u00f3mbor\u00f0shlj\u00f3\u00f0f\u00e6ri\u00f0 sem t\u00f3k vi\u00f0 \u00e1 \u00feessu t\u00edmabili af sembalnum h\u00e9t fortepiano (sem \u00fe\u00fd\u00f0ir &#8222;sterktveikt&#8220;). \u00dea\u00f0 hlj\u00f3\u00f0f\u00e6ri nota\u00f0i hamra til a\u00f0 sl\u00e1 \u00e1 strengina, \u00ed sta\u00f0inn fyrir b\u00fana\u00f0inn sem haf\u00f0i plokka\u00f0 strengina \u00e1 sembalnum.<\/p><p>Vins\u00e6ll st\u00edll \u00ed t\u00f3nlist \u00e1 klass\u00edska t\u00edmabilinu er kalla\u00f0ur <i>galant st\u00edllinn<\/i>. T\u00f3nlist \u00ed \u00feeim st\u00edl var h\u00f3m\u00f3f\u00f3n\u00edsk (lagl\u00edna me\u00f0 undirleik), oft skreytt me\u00f0 allskyns skrautn\u00f3tum eins og til d\u00e6mis trillum og svo var h\u00fan oft l\u00e9tt og hressileg. T\u00f3nlist \u00ed <i>galant st\u00edlnum<\/i> nota\u00f0i oft Alberti bassa, var me\u00f0 sk\u00fdra ni\u00f0urlagshlj\u00f3ma (til d\u00e6mis h\u00e1lfenda, fullkomna enda og gabbenda). Eins var yfirleitt mj\u00f6g sk\u00fdr munur \u00e1 milli einleikara og hlj\u00f3msveitar.<\/p><p>Hlj\u00f3msveitir h\u00f6f\u00f0u n\u00fana st\u00e6kka\u00f0 mi\u00f0a\u00f0 vi\u00f0 hlj\u00f3msveitir \u00e1 barokkt\u00edmabilinu. Hlj\u00f3\u00f0f\u00e6rum haf\u00f0i semsagt fj\u00f6lga\u00f0 og \u00fea\u00f0 voru fj\u00f6lbreyttari hlj\u00f3\u00f0f\u00e6ri \u00ed hlj\u00f3msveitinni. \u00deetta ger\u00f0i \u00fea\u00f0 a\u00f0 verkum a\u00f0 t\u00f3nstyrkur hlj\u00f3msveitarinnar var meiri og einnig haf\u00f0i h\u00fan n\u00fa v\u00ed\u00f0ara t\u00f3nsvi\u00f0, enda b\u00fain a\u00f0 eignast hlj\u00f3\u00f0f\u00e6ri sem g\u00e1tu spila\u00f0 mj\u00f6g dj\u00fapa t\u00f3na og \u00f6nnur hlj\u00f3\u00f0f\u00e6ri sem g\u00e1tu spila\u00f0 mj\u00f6g h\u00e1a t\u00f3na.<\/p>\t\t\t\t\t\t\t\t<\/div>\n\t\t\t\t<\/div>\n\t\t\t\t\t<\/div>\n\t\t<\/div>\n\t\t\t\t<div class=\"elementor-column elementor-col-50 elementor-top-column elementor-element elementor-element-10012aa\" data-id=\"10012aa\" data-element_type=\"column\" data-e-type=\"column\">\n\t\t\t<div class=\"elementor-widget-wrap elementor-element-populated\">\n\t\t\t\t\t\t<div class=\"elementor-element elementor-element-d4e6082 elementor-widget elementor-widget-image\" data-id=\"d4e6082\" data-element_type=\"widget\" data-e-type=\"widget\" data-widget_type=\"image.default\">\n\t\t\t\t<div class=\"elementor-widget-container\">\n\t\t\t\t\t\t\t\t\t\t\t\t<figure class=\"wp-caption\">\n\t\t\t\t\t\t\t\t\t\t<img decoding=\"async\" src=\"https:\/\/upload.wikimedia.org\/wikipedia\/commons\/thumb\/5\/53\/FortepianoJAStein.JPG\/1024px-FortepianoJAStein.JPG\" title=\"\" alt=\"\" loading=\"lazy\" \/>\t\t\t\t\t\t\t\t\t\t\t<figcaption class=\"widget-image-caption wp-caption-text\">Hlj\u00f3\u00f0f\u00e6ri\u00f0 fortepiano<\/figcaption>\n\t\t\t\t\t\t\t\t\t\t<\/figure>\n\t\t\t\t\t\t\t\t\t<\/div>\n\t\t\t\t<\/div>\n\t\t\t\t\t<\/div>\n\t\t<\/div>\n\t\t\t\t\t<\/div>\n\t\t<\/section>\n\t\t\t\t<section class=\"elementor-section elementor-top-section elementor-element elementor-element-a971fe5 elementor-section-boxed elementor-section-height-default elementor-section-height-default qodef-elementor-content-no\" data-id=\"a971fe5\" data-element_type=\"section\" data-e-type=\"section\">\n\t\t\t\t\t\t<div class=\"elementor-container elementor-column-gap-default\">\n\t\t\t\t\t<div class=\"elementor-column elementor-col-50 elementor-top-column elementor-element elementor-element-cb4dbb9\" data-id=\"cb4dbb9\" data-element_type=\"column\" data-e-type=\"column\">\n\t\t\t<div class=\"elementor-widget-wrap elementor-element-populated\">\n\t\t\t\t\t\t<div class=\"elementor-element elementor-element-ddc7db7 elementor-widget elementor-widget-image\" data-id=\"ddc7db7\" data-element_type=\"widget\" data-e-type=\"widget\" data-widget_type=\"image.default\">\n\t\t\t\t<div class=\"elementor-widget-container\">\n\t\t\t\t\t\t\t\t\t\t\t\t<figure class=\"wp-caption\">\n\t\t\t\t\t\t\t\t\t\t<img decoding=\"async\" src=\"https:\/\/assets.classicfm.com\/2013\/36\/young-mozart-in-concert-1378812512-view-0.jpg\" title=\"\" alt=\"\" loading=\"lazy\" \/>\t\t\t\t\t\t\t\t\t\t\t<figcaption class=\"widget-image-caption wp-caption-text\">Barnungur Mozart leikur \u00e1 hlj\u00f3\u00f0f\u00e6ri<\/figcaption>\n\t\t\t\t\t\t\t\t\t\t<\/figure>\n\t\t\t\t\t\t\t\t\t<\/div>\n\t\t\t\t<\/div>\n\t\t\t\t\t<\/div>\n\t\t<\/div>\n\t\t\t\t<div class=\"elementor-column elementor-col-50 elementor-top-column elementor-element elementor-element-4861666\" data-id=\"4861666\" data-element_type=\"column\" data-e-type=\"column\">\n\t\t\t<div class=\"elementor-widget-wrap elementor-element-populated\">\n\t\t\t\t\t\t<div class=\"elementor-element elementor-element-0447d6d elementor-widget elementor-widget-text-editor\" data-id=\"0447d6d\" data-element_type=\"widget\" data-e-type=\"widget\" data-widget_type=\"text-editor.default\">\n\t\t\t\t<div class=\"elementor-widget-container\">\n\t\t\t\t\t\t\t\t\t<p>T\u00f3nsk\u00e1ld h\u00f6f\u00f0u gaman af \u00fev\u00ed a\u00f0 semja allskyns mismunandi t\u00f3nlist fyrir \u00feessi n\u00fdju, fj\u00f6lbreyttu hlj\u00f3\u00f0f\u00e6ri. \u00dear m\u00e1 til d\u00e6mis nefna tr\u00ed\u00f3, strengjakvartetta og sinf\u00f3n\u00edur.<\/p><p>\u00c1 klass\u00edska t\u00edmabilinu jukust einnig vins\u00e6ldir k\u00f3ra og ekki s\u00ed\u00f0ur \u00f3perus\u00fdninga.<\/p><p>Nokkur af \u00feekktustu t\u00f3nsk\u00e1ldum klass\u00edska t\u00edmabilsins eru Haydn, Mozart og Gl\u00fcck. Tv\u00f6 af \u00feekktustu t\u00f3nsk\u00e1ldunum sem s\u00f6mdu t\u00f3nlist b\u00e6\u00f0i \u00e1 klass\u00edska og r\u00f3mant\u00edska t\u00edmabilinu eru Beethoven og Schubert.<\/p><p>\u00a0<\/p>\t\t\t\t\t\t\t\t<\/div>\n\t\t\t\t<\/div>\n\t\t\t\t\t<\/div>\n\t\t<\/div>\n\t\t\t\t\t<\/div>\n\t\t<\/section>\n\t\t\t\t<\/div>\n\t\t","protected":false},"excerpt":{"rendered":"<p>S\u00f6gustund T\u00f3nlistarsaga Klass\u00edska t\u00edmabili\u00f0 Klass\u00edska t\u00edmabili\u00f0: Fr\u00e1 um \u00fea\u00f0 bil \u00e1rinu 1750 til \u00e1rsins 1830. Klass\u00edska t\u00edmabili\u00f0 kom \u00e1 eftir barokkt\u00edmabilinu og n\u00e6sta t\u00edmabil \u00e1 eftir er kalla\u00f0 r\u00f3mant\u00edska t\u00edmabili\u00f0. \u00c1 \u00feessu t\u00edmabili \u00fer\u00f3u\u00f0ust m\u00f6rg eldri hlj\u00f3\u00f0f\u00e6ri t\u00f6luvert og eins voru fundin upp alveg n\u00fd hlj\u00f3\u00f0f\u00e6ri. \u00deess vegna var mikilv\u00e6gt a\u00f0 h\u00e6gt v\u00e6ri a\u00f0 stilla [&hellip;]<\/p>\n","protected":false},"author":1,"featured_media":0,"parent":0,"menu_order":0,"comment_status":"closed","ping_status":"closed","template":"page-full-width.php","meta":{"footnotes":""},"class_list":["post-4807","page","type-page","status-publish","hentry"],"_links":{"self":[{"href":"https:\/\/tonfraedi.is\/index.php\/wp-json\/wp\/v2\/pages\/4807","targetHints":{"allow":["GET"]}}],"collection":[{"href":"https:\/\/tonfraedi.is\/index.php\/wp-json\/wp\/v2\/pages"}],"about":[{"href":"https:\/\/tonfraedi.is\/index.php\/wp-json\/wp\/v2\/types\/page"}],"author":[{"embeddable":true,"href":"https:\/\/tonfraedi.is\/index.php\/wp-json\/wp\/v2\/users\/1"}],"replies":[{"embeddable":true,"href":"https:\/\/tonfraedi.is\/index.php\/wp-json\/wp\/v2\/comments?post=4807"}],"version-history":[{"count":26,"href":"https:\/\/tonfraedi.is\/index.php\/wp-json\/wp\/v2\/pages\/4807\/revisions"}],"predecessor-version":[{"id":5774,"href":"https:\/\/tonfraedi.is\/index.php\/wp-json\/wp\/v2\/pages\/4807\/revisions\/5774"}],"wp:attachment":[{"href":"https:\/\/tonfraedi.is\/index.php\/wp-json\/wp\/v2\/media?parent=4807"}],"curies":[{"name":"wp","href":"https:\/\/api.w.org\/{rel}","templated":true}]}}