{"id":4999,"date":"2022-11-12T03:04:27","date_gmt":"2022-11-12T03:04:27","guid":{"rendered":"http:\/\/tonfraedi.is\/?page_id=4999"},"modified":"2023-03-01T13:36:04","modified_gmt":"2023-03-01T13:36:04","slug":"tonlistarsaga_barokktimabilid_upplysingar","status":"publish","type":"page","link":"https:\/\/tonfraedi.is\/index.php\/tonlistarsaga_barokktimabilid_upplysingar\/","title":{"rendered":"T\u00f3nlistarsaga &#8211; Barokkt\u00edmabili\u00f0 &#8211; Uppl\u00fdsingar"},"content":{"rendered":"\t\t<div data-elementor-type=\"wp-page\" data-elementor-id=\"4999\" class=\"elementor elementor-4999\">\n\t\t\t\t\t\t<section class=\"elementor-section elementor-top-section elementor-element elementor-element-c11b3fa elementor-section-boxed elementor-section-height-default elementor-section-height-default qodef-elementor-content-no\" data-id=\"c11b3fa\" data-element_type=\"section\" data-e-type=\"section\">\n\t\t\t\t\t\t<div class=\"elementor-container elementor-column-gap-default\">\n\t\t\t\t\t<div class=\"elementor-column elementor-col-100 elementor-top-column elementor-element elementor-element-395b3d9\" data-id=\"395b3d9\" data-element_type=\"column\" data-e-type=\"column\">\n\t\t\t<div class=\"elementor-widget-wrap elementor-element-populated\">\n\t\t\t\t\t\t<div class=\"elementor-element elementor-element-b6cc17e elementor-widget__width-auto elementor-widget elementor-widget-songbook_core_section_title\" data-id=\"b6cc17e\" data-element_type=\"widget\" data-e-type=\"widget\" data-widget_type=\"songbook_core_section_title.default\">\n\t\t\t\t<div class=\"elementor-widget-container\">\n\t\t\t\t\t<div class=\"qodef-shortcode qodef-m  qodef-section-title qodef-alignment--center \">\n\t\t<h6 class=\"qodef-m-subtitle\" >\n\t\t<span>\n\t\t\tS\u00f6gustund\t\t<\/span>\n\t<\/h6>\n\t\t<h1 class=\"qodef-m-title\" style=\"margin-top: 11px\">\n\t\t\t\t\tT\u00f3nlistarsaga\t\t\t<\/h1>\n\t\t<\/div>\t\t\t\t<\/div>\n\t\t\t\t<\/div>\n\t\t\t\t\t<\/div>\n\t\t<\/div>\n\t\t\t\t\t<\/div>\n\t\t<\/section>\n\t\t\t\t<section class=\"elementor-section elementor-top-section elementor-element elementor-element-29a1166 elementor-section-boxed elementor-section-height-default elementor-section-height-default qodef-elementor-content-no\" data-id=\"29a1166\" data-element_type=\"section\" data-e-type=\"section\">\n\t\t\t\t\t\t<div class=\"elementor-container elementor-column-gap-default\">\n\t\t\t\t\t<div class=\"elementor-column elementor-col-50 elementor-top-column elementor-element elementor-element-8bf8371\" data-id=\"8bf8371\" data-element_type=\"column\" data-e-type=\"column\">\n\t\t\t<div class=\"elementor-widget-wrap elementor-element-populated\">\n\t\t\t\t\t\t<div class=\"elementor-element elementor-element-bc4e843 elementor-widget elementor-widget-heading\" data-id=\"bc4e843\" data-element_type=\"widget\" data-e-type=\"widget\" data-widget_type=\"heading.default\">\n\t\t\t\t<div class=\"elementor-widget-container\">\n\t\t\t\t\t<h2 class=\"elementor-heading-title elementor-size-default\">Barokkt\u00edmabili\u00f0<\/h2>\t\t\t\t<\/div>\n\t\t\t\t<\/div>\n\t\t\t\t<div class=\"elementor-element elementor-element-1f107f1 elementor-widget elementor-widget-text-editor\" data-id=\"1f107f1\" data-element_type=\"widget\" data-e-type=\"widget\" data-widget_type=\"text-editor.default\">\n\t\t\t\t<div class=\"elementor-widget-container\">\n\t\t\t\t\t\t\t\t\t<p>Barokkt\u00edmabili\u00f0: fr\u00e1 um \u00fea\u00f0 bil \u00e1rinu 1600 til 1750.<\/p><p>\u00a0<\/p><p>Barokkt\u00edmabili\u00f0 kom \u00e1 eftir endurreisnart\u00edmabilinu og n\u00e6sta t\u00edmabil \u00e1 eftir heitir klass\u00edska t\u00edmabili\u00f0.<\/p><p>\u00a0<\/p><p>Barokkt\u00f3nlist einkennist af:<\/p><p>1 &#8211; L\u00f6ngum og fl\u00e6\u00f0andi lagl\u00ednum me\u00f0 allskyns skrautn\u00f3tum, eins og til d\u00e6mis trillum.<\/p><p>2 &#8211; L\u00e1gv\u00e6rri og h\u00e1v\u00e6rari t\u00f3nlist til skiptis, t.d. einleikur og svo heil hlj\u00f3msveit. Stundum er l\u00edka \u201cbergm\u00e1l\u201d \u00ed t\u00f3nlistinni \u00fear sem l\u00edna er leikin sterkt og svo sama l\u00edna aftur en n\u00fa veikt.<\/p><p>3 &#8211; Kontrapunkti, \u00feegar tv\u00e6r e\u00f0a fleiri lagl\u00ednur eru leiknar \u00ed einu en jafnvel ekkert hlj\u00f3\u00f0f\u00e6ri leikur hlj\u00f3ma.<\/p><p>4 &#8211; Hlj\u00f3\u00f0f\u00e6rinu sembal sem er gamalt hlj\u00f3mbor\u00f0shlj\u00f3\u00f0f\u00e6ri. Oft spila\u00f0i sell\u00f3 bassal\u00ednur me\u00f0 sembalnum og \u00feau tv\u00f6 hlj\u00f3\u00f0f\u00e6ri saman eru \u00fe\u00e1 k\u00f6llu\u00f0 \u201cbasso continuo\u201d.<\/p><p>\u00a0<\/p>\t\t\t\t\t\t\t\t<\/div>\n\t\t\t\t<\/div>\n\t\t\t\t\t<\/div>\n\t\t<\/div>\n\t\t\t\t<div class=\"elementor-column elementor-col-50 elementor-top-column elementor-element elementor-element-10012aa\" data-id=\"10012aa\" data-element_type=\"column\" data-e-type=\"column\">\n\t\t\t<div class=\"elementor-widget-wrap elementor-element-populated\">\n\t\t\t\t\t\t<div class=\"elementor-element elementor-element-d4e6082 elementor-widget elementor-widget-image\" data-id=\"d4e6082\" data-element_type=\"widget\" data-e-type=\"widget\" data-widget_type=\"image.default\">\n\t\t\t\t<div class=\"elementor-widget-container\">\n\t\t\t\t\t\t\t\t\t\t\t\t<figure class=\"wp-caption\">\n\t\t\t\t\t\t\t\t\t\t<img fetchpriority=\"high\" decoding=\"async\" width=\"480\" height=\"591\" src=\"https:\/\/tonfraedi.is\/wp-content\/uploads\/2022\/11\/Johann_Sebastian_Bach.jpeg\" class=\"attachment-large size-large wp-image-5001\" alt=\"\" srcset=\"https:\/\/tonfraedi.is\/wp-content\/uploads\/2022\/11\/Johann_Sebastian_Bach.jpeg 480w, https:\/\/tonfraedi.is\/wp-content\/uploads\/2022\/11\/Johann_Sebastian_Bach-244x300.jpeg 244w\" sizes=\"(max-width: 480px) 100vw, 480px\" \/>\t\t\t\t\t\t\t\t\t\t\t<figcaption class=\"widget-image-caption wp-caption-text\">\u00de\u00fdska t\u00f3nsk\u00e1ldi\u00f0 Johann Sebastian Bach (1685-1750)<\/figcaption>\n\t\t\t\t\t\t\t\t\t\t<\/figure>\n\t\t\t\t\t\t\t\t\t<\/div>\n\t\t\t\t<\/div>\n\t\t\t\t\t<\/div>\n\t\t<\/div>\n\t\t\t\t\t<\/div>\n\t\t<\/section>\n\t\t\t\t<section class=\"elementor-section elementor-top-section elementor-element elementor-element-a971fe5 elementor-section-boxed elementor-section-height-default elementor-section-height-default qodef-elementor-content-no\" data-id=\"a971fe5\" data-element_type=\"section\" data-e-type=\"section\">\n\t\t\t\t\t\t<div class=\"elementor-container elementor-column-gap-default\">\n\t\t\t\t\t<div class=\"elementor-column elementor-col-50 elementor-top-column elementor-element elementor-element-cb4dbb9\" data-id=\"cb4dbb9\" data-element_type=\"column\" data-e-type=\"column\">\n\t\t\t<div class=\"elementor-widget-wrap elementor-element-populated\">\n\t\t\t\t\t\t<div class=\"elementor-element elementor-element-ddc7db7 elementor-widget elementor-widget-image\" data-id=\"ddc7db7\" data-element_type=\"widget\" data-e-type=\"widget\" data-widget_type=\"image.default\">\n\t\t\t\t<div class=\"elementor-widget-container\">\n\t\t\t\t\t\t\t\t\t\t\t\t<figure class=\"wp-caption\">\n\t\t\t\t\t\t\t\t\t\t<img decoding=\"async\" width=\"1024\" height=\"771\" src=\"https:\/\/tonfraedi.is\/wp-content\/uploads\/2022\/11\/vivaldi-1024x771.jpeg\" class=\"attachment-large size-large wp-image-5002\" alt=\"\" srcset=\"https:\/\/tonfraedi.is\/wp-content\/uploads\/2022\/11\/vivaldi-1024x771.jpeg 1024w, https:\/\/tonfraedi.is\/wp-content\/uploads\/2022\/11\/vivaldi-300x226.jpeg 300w, https:\/\/tonfraedi.is\/wp-content\/uploads\/2022\/11\/vivaldi-768x578.jpeg 768w, https:\/\/tonfraedi.is\/wp-content\/uploads\/2022\/11\/vivaldi-1536x1156.jpeg 1536w, https:\/\/tonfraedi.is\/wp-content\/uploads\/2022\/11\/vivaldi.jpeg 2000w\" sizes=\"(max-width: 1024px) 100vw, 1024px\" \/>\t\t\t\t\t\t\t\t\t\t\t<figcaption class=\"widget-image-caption wp-caption-text\">\u00cdtalska t\u00f3nsk\u00e1ldi\u00f0 Antonio Vivaldi (1678-1741)<\/figcaption>\n\t\t\t\t\t\t\t\t\t\t<\/figure>\n\t\t\t\t\t\t\t\t\t<\/div>\n\t\t\t\t<\/div>\n\t\t\t\t\t<\/div>\n\t\t<\/div>\n\t\t\t\t<div class=\"elementor-column elementor-col-50 elementor-top-column elementor-element elementor-element-4861666\" data-id=\"4861666\" data-element_type=\"column\" data-e-type=\"column\">\n\t\t\t<div class=\"elementor-widget-wrap elementor-element-populated\">\n\t\t\t\t\t\t<div class=\"elementor-element elementor-element-0447d6d elementor-widget elementor-widget-text-editor\" data-id=\"0447d6d\" data-element_type=\"widget\" data-e-type=\"widget\" data-widget_type=\"text-editor.default\">\n\t\t\t\t<div class=\"elementor-widget-container\">\n\t\t\t\t\t\t\t\t\t<p><span style=\"background-color: #ffffff; color: var( --e-global-color-text ); font-family: inherit; font-size: inherit; font-style: inherit; letter-spacing: inherit; text-transform: inherit;\">H\u00e9r fyrir ne\u00f0an er d\u00e6mi um basso continuo og \u00ed \u00feessu t\u00f3nverki er \u00fea\u00f0 fagott sem leikur lagl\u00ednuna \u00e1 me\u00f0an basso continuo (sell\u00f3 og semball) sj\u00e1 um undirleikinn. Verki\u00f0 heitir Les Sauvages og er sami\u00f0 af Jean-Philippe Rameau. Hlj\u00f3\u00f0f\u00e6raleikarar eru Jeffrey Lyman \u00e1 fagott, Helen Peyrebrune \u00e1 sell\u00f3 og Joseph Gascho \u00e1 sembal.<\/span><\/p><p>\u00a0<\/p>\t\t\t\t\t\t\t\t<\/div>\n\t\t\t\t<\/div>\n\t\t\t\t<div class=\"elementor-element elementor-element-4ed582e elementor-widget elementor-widget-video\" data-id=\"4ed582e\" data-element_type=\"widget\" data-e-type=\"widget\" data-settings=\"{&quot;youtube_url&quot;:&quot;https:\\\/\\\/www.youtube.com\\\/watch?v=W1S58jcY5kY&quot;,&quot;start&quot;:53,&quot;video_type&quot;:&quot;youtube&quot;,&quot;controls&quot;:&quot;yes&quot;}\" data-widget_type=\"video.default\">\n\t\t\t\t<div class=\"elementor-widget-container\">\n\t\t\t\t\t\t\t<div class=\"elementor-wrapper elementor-open-inline\">\n\t\t\t<div class=\"elementor-video\"><\/div>\t\t<\/div>\n\t\t\t\t\t\t<\/div>\n\t\t\t\t<\/div>\n\t\t\t\t\t<\/div>\n\t\t<\/div>\n\t\t\t\t\t<\/div>\n\t\t<\/section>\n\t\t\t\t<section class=\"elementor-section elementor-top-section elementor-element elementor-element-f23488a elementor-section-boxed elementor-section-height-default elementor-section-height-default qodef-elementor-content-no\" data-id=\"f23488a\" data-element_type=\"section\" data-e-type=\"section\">\n\t\t\t\t\t\t<div class=\"elementor-container elementor-column-gap-default\">\n\t\t\t\t\t<div class=\"elementor-column elementor-col-50 elementor-top-column elementor-element elementor-element-8be4e1e\" data-id=\"8be4e1e\" data-element_type=\"column\" data-e-type=\"column\">\n\t\t\t<div class=\"elementor-widget-wrap elementor-element-populated\">\n\t\t\t\t\t\t<div class=\"elementor-element elementor-element-1d09bf1 elementor-widget elementor-widget-spacer\" data-id=\"1d09bf1\" data-element_type=\"widget\" data-e-type=\"widget\" data-widget_type=\"spacer.default\">\n\t\t\t\t<div class=\"elementor-widget-container\">\n\t\t\t\t\t\t\t<div class=\"elementor-spacer\">\n\t\t\t<div class=\"elementor-spacer-inner\"><\/div>\n\t\t<\/div>\n\t\t\t\t\t\t<\/div>\n\t\t\t\t<\/div>\n\t\t\t\t<div class=\"elementor-element elementor-element-7307acb elementor-widget elementor-widget-text-editor\" data-id=\"7307acb\" data-element_type=\"widget\" data-e-type=\"widget\" data-widget_type=\"text-editor.default\">\n\t\t\t\t<div class=\"elementor-widget-container\">\n\t\t\t\t\t\t\t\t\t<p>\u201cBarokk\u201d er nefnt eftir barokkperlum sem eru \u00f3reglulegar og jafnvel h\u00e1lf-vanskapa\u00f0ar perlur (myndu sumir segja). Af hverju var \u00feetta t\u00edmabil \u00fe\u00e1 nefnt barokk? \u00dea\u00f0 ger\u00f0ist af \u00fev\u00ed sumu t\u00f3nlistarf\u00f3lki \u00e1 n\u00edtj\u00e1ndu \u00f6ld fannst t\u00f3nlistin eftir til d\u00e6mis Bach og H\u00e4ndel hreinlega of skrautleg og yfirdrifin.<\/p><p>\u00cd dag er engin sl\u00edk neikv\u00e6\u00f0 tenging vi\u00f0 \u00feetta t\u00edmabil en vi\u00f0 k\u00f6llum \u00fea\u00f0 samt enn barokkt\u00edmabili\u00f0.<\/p><p>Nokkrar tegundir t\u00f3nlistar ur\u00f0u til \u00e1 barokkt\u00edmabilinu. \u00dear m\u00e1 nefna konserta og sinf\u00f3n\u00edur, s\u00f3n\u00f6tur, kant\u00f6tur og oratorio. Einnig var\u00f0 \u00f3peruformi\u00f0 til \u00e1 \u00feessu t\u00edmabili og f\u00fagur voru vins\u00e6lar.<\/p><p>M\u00f6rg fr\u00e6gustu t\u00f3nsk\u00e1ld t\u00edmabilsins bjuggu \u00e1 \u00cdtal\u00edu, til d\u00e6mis Monteverdi, Corelli og Vivaldi. \u00d6ll eftirfarandi t\u00f3nlistarform eiga s\u00e9r \u00edtalskar r\u00e6tur: kantatan, konsertinn, s\u00f3natan, \u00f3rator\u00ed\u00f3i\u00f0 og \u00f3peran.<\/p><p>S\u00ed\u00f0ar \u00e1 barokkt\u00edmabilinu voru helstu stj\u00f6rnurnar \u00fe\u00fdskar: \u00deeir Johann Sebastian Bach og Georg Frideric H\u00e4ndel. Bach samdi fleiri en 1000 t\u00f3nverk \u00e1 ferlinum.<\/p>\t\t\t\t\t\t\t\t<\/div>\n\t\t\t\t<\/div>\n\t\t\t\t\t<\/div>\n\t\t<\/div>\n\t\t\t\t<div class=\"elementor-column elementor-col-50 elementor-top-column elementor-element elementor-element-916e49d\" data-id=\"916e49d\" data-element_type=\"column\" data-e-type=\"column\">\n\t\t\t<div class=\"elementor-widget-wrap elementor-element-populated\">\n\t\t\t\t\t\t<div class=\"elementor-element elementor-element-6b20624 elementor-widget elementor-widget-spacer\" data-id=\"6b20624\" data-element_type=\"widget\" data-e-type=\"widget\" data-widget_type=\"spacer.default\">\n\t\t\t\t<div class=\"elementor-widget-container\">\n\t\t\t\t\t\t\t<div class=\"elementor-spacer\">\n\t\t\t<div class=\"elementor-spacer-inner\"><\/div>\n\t\t<\/div>\n\t\t\t\t\t\t<\/div>\n\t\t\t\t<\/div>\n\t\t\t\t<div class=\"elementor-element elementor-element-f63ea51 elementor-widget elementor-widget-text-editor\" data-id=\"f63ea51\" data-element_type=\"widget\" data-e-type=\"widget\" data-widget_type=\"text-editor.default\">\n\t\t\t\t<div class=\"elementor-widget-container\">\n\t\t\t\t\t\t\t\t\t<p>Eins og \u00e1\u00f0ur sag\u00f0i var t\u00f3nlistarformi\u00f0 &#8222;f\u00faga&#8220; vins\u00e6lt \u00e1 t\u00edmabilinu. H\u00e9r er upptaka af t\u00f3nverkinu &#8222;Toccata og f\u00faga \u00ed D moll&#8220; eftir Johann Sebastian Bach. Orgelleikarinn er Hans-Andr\u00e9 Stamm.<\/p>\t\t\t\t\t\t\t\t<\/div>\n\t\t\t\t<\/div>\n\t\t\t\t<div class=\"elementor-element elementor-element-25439b3 elementor-widget elementor-widget-video\" data-id=\"25439b3\" data-element_type=\"widget\" data-e-type=\"widget\" data-settings=\"{&quot;youtube_url&quot;:&quot;https:\\\/\\\/www.youtube.com\\\/watch?v=Nnuq9PXbywA&amp;feature=emb_imp_woyt&quot;,&quot;video_type&quot;:&quot;youtube&quot;,&quot;controls&quot;:&quot;yes&quot;}\" data-widget_type=\"video.default\">\n\t\t\t\t<div class=\"elementor-widget-container\">\n\t\t\t\t\t\t\t<div class=\"elementor-wrapper elementor-open-inline\">\n\t\t\t<div class=\"elementor-video\"><\/div>\t\t<\/div>\n\t\t\t\t\t\t<\/div>\n\t\t\t\t<\/div>\n\t\t\t\t\t<\/div>\n\t\t<\/div>\n\t\t\t\t\t<\/div>\n\t\t<\/section>\n\t\t\t\t<\/div>\n\t\t","protected":false},"excerpt":{"rendered":"<p>S\u00f6gustund T\u00f3nlistarsaga Barokkt\u00edmabili\u00f0 Barokkt\u00edmabili\u00f0: fr\u00e1 um \u00fea\u00f0 bil \u00e1rinu 1600 til 1750. \u00a0 Barokkt\u00edmabili\u00f0 kom \u00e1 eftir endurreisnart\u00edmabilinu og n\u00e6sta t\u00edmabil \u00e1 eftir heitir klass\u00edska t\u00edmabili\u00f0. \u00a0 Barokkt\u00f3nlist einkennist af: 1 &#8211; L\u00f6ngum og fl\u00e6\u00f0andi lagl\u00ednum me\u00f0 allskyns skrautn\u00f3tum, eins og til d\u00e6mis trillum. 2 &#8211; L\u00e1gv\u00e6rri og h\u00e1v\u00e6rari t\u00f3nlist til skiptis, t.d. einleikur og [&hellip;]<\/p>\n","protected":false},"author":1,"featured_media":0,"parent":0,"menu_order":0,"comment_status":"closed","ping_status":"closed","template":"page-full-width.php","meta":{"footnotes":""},"class_list":["post-4999","page","type-page","status-publish","hentry"],"_links":{"self":[{"href":"https:\/\/tonfraedi.is\/index.php\/wp-json\/wp\/v2\/pages\/4999","targetHints":{"allow":["GET"]}}],"collection":[{"href":"https:\/\/tonfraedi.is\/index.php\/wp-json\/wp\/v2\/pages"}],"about":[{"href":"https:\/\/tonfraedi.is\/index.php\/wp-json\/wp\/v2\/types\/page"}],"author":[{"embeddable":true,"href":"https:\/\/tonfraedi.is\/index.php\/wp-json\/wp\/v2\/users\/1"}],"replies":[{"embeddable":true,"href":"https:\/\/tonfraedi.is\/index.php\/wp-json\/wp\/v2\/comments?post=4999"}],"version-history":[{"count":13,"href":"https:\/\/tonfraedi.is\/index.php\/wp-json\/wp\/v2\/pages\/4999\/revisions"}],"predecessor-version":[{"id":5878,"href":"https:\/\/tonfraedi.is\/index.php\/wp-json\/wp\/v2\/pages\/4999\/revisions\/5878"}],"wp:attachment":[{"href":"https:\/\/tonfraedi.is\/index.php\/wp-json\/wp\/v2\/media?parent=4999"}],"curies":[{"name":"wp","href":"https:\/\/api.w.org\/{rel}","templated":true}]}}