{"id":5803,"date":"2023-02-14T00:58:15","date_gmt":"2023-02-14T00:58:15","guid":{"rendered":"http:\/\/tonfraedi.is\/?page_id=5803"},"modified":"2023-02-14T00:59:57","modified_gmt":"2023-02-14T00:59:57","slug":"tonlistarsoguverkefni_t2_barokktimabilid","status":"publish","type":"page","link":"https:\/\/tonfraedi.is\/index.php\/tonlistarsoguverkefni_t2_barokktimabilid\/","title":{"rendered":"T\u00f3nlistars\u00f6guverkefni T2 &#8211; Barokkt\u00edmabili\u00f0"},"content":{"rendered":"\t\t<div data-elementor-type=\"wp-page\" data-elementor-id=\"5803\" class=\"elementor elementor-5803\">\n\t\t\t\t\t\t<section class=\"elementor-section elementor-top-section elementor-element elementor-element-f9e3d45 elementor-section-boxed elementor-section-height-default elementor-section-height-default qodef-elementor-content-no\" data-id=\"f9e3d45\" data-element_type=\"section\" data-e-type=\"section\">\n\t\t\t\t\t\t<div class=\"elementor-container elementor-column-gap-default\">\n\t\t\t\t\t<div class=\"elementor-column elementor-col-100 elementor-top-column elementor-element elementor-element-413b303\" data-id=\"413b303\" data-element_type=\"column\" data-e-type=\"column\">\n\t\t\t<div class=\"elementor-widget-wrap elementor-element-populated\">\n\t\t\t\t\t\t<div class=\"elementor-element elementor-element-0bfbbc7 elementor-widget elementor-widget-html\" data-id=\"0bfbbc7\" data-element_type=\"widget\" data-e-type=\"widget\" data-widget_type=\"html.default\">\n\t\t\t\t<div class=\"elementor-widget-container\">\n\t\t\t\t\t<div style=\"width: 100%; background-color: white;\"><div style=\"position: relative; padding-bottom: 150.00%; padding-top: 0; height: 0; border: solid 1px #ddd;\"><iframe frameborder=\"0\" width=\"1000\" height=\"1413\" style=\"position: absolute; top: 0; left: 0; width: 100%; height: 100%;\" src=\"https:\/\/www.topworksheets.com\/embed\/t%C3%B3nlistarsaga-t2-barokkt%C3%ADmabili%C3%B0-63eadc5da92e2?action=check&language=is\" type=\"text\/html\" allowscriptaccess=\"always\" allowfullscreen=\"true\" scrolling=\"yes\" allownetworking=\"all\"><\/iframe><\/div><\/div>\n\n<div align=\"center\">\n<a href=\"https:\/\/tonfraedi.is\/index.php\/tonlistarsoguverkefni_t2_barokktimabilid\/\"><strong>Reyna aftur<\/strong><\/a> | <a href=\"https:\/\/tonfraedi.is\/index.php\/tonlistarsaga_barokktimabilid_upplysingar\/\"><strong>Uppl\u00fdsingas\u00ed\u00f0a <\/strong><\/a>\n<\/div>\n\t\t\t\t\t\t\t<\/div>\n\t\t\t\t<\/div>\n\t\t\t\t\t<\/div>\n\t\t<\/div>\n\t\t\t\t\t<\/div>\n\t\t<\/section>\n\t\t\t\t<\/div>\n\t\t","protected":false},"excerpt":{"rendered":"<p>Reyna aftur | Uppl\u00fdsingas\u00ed\u00f0a<\/p>\n","protected":false},"author":1,"featured_media":0,"parent":0,"menu_order":0,"comment_status":"closed","ping_status":"closed","template":"page-full-width.php","meta":{"footnotes":""},"class_list":["post-5803","page","type-page","status-publish","hentry"],"_links":{"self":[{"href":"https:\/\/tonfraedi.is\/index.php\/wp-json\/wp\/v2\/pages\/5803","targetHints":{"allow":["GET"]}}],"collection":[{"href":"https:\/\/tonfraedi.is\/index.php\/wp-json\/wp\/v2\/pages"}],"about":[{"href":"https:\/\/tonfraedi.is\/index.php\/wp-json\/wp\/v2\/types\/page"}],"author":[{"embeddable":true,"href":"https:\/\/tonfraedi.is\/index.php\/wp-json\/wp\/v2\/users\/1"}],"replies":[{"embeddable":true,"href":"https:\/\/tonfraedi.is\/index.php\/wp-json\/wp\/v2\/comments?post=5803"}],"version-history":[{"count":4,"href":"https:\/\/tonfraedi.is\/index.php\/wp-json\/wp\/v2\/pages\/5803\/revisions"}],"predecessor-version":[{"id":5807,"href":"https:\/\/tonfraedi.is\/index.php\/wp-json\/wp\/v2\/pages\/5803\/revisions\/5807"}],"wp:attachment":[{"href":"https:\/\/tonfraedi.is\/index.php\/wp-json\/wp\/v2\/media?parent=5803"}],"curies":[{"name":"wp","href":"https:\/\/api.w.org\/{rel}","templated":true}]}}