{"id":6242,"date":"2023-10-21T02:00:20","date_gmt":"2023-10-21T02:00:20","guid":{"rendered":"http:\/\/tonfraedi.is\/?page_id=6242"},"modified":"2023-10-21T02:33:17","modified_gmt":"2023-10-21T02:33:17","slug":"tonfraediverkefni_t2_notnanofnahljombordi","status":"publish","type":"page","link":"https:\/\/tonfraedi.is\/index.php\/tonfraediverkefni_t2_notnanofnahljombordi\/","title":{"rendered":"T\u00f3nfr\u00e6\u00f0iverkefni T2 &#8211; N\u00f3tur \u00e1 hlj\u00f3mbor\u00f0i"},"content":{"rendered":"\t\t<div data-elementor-type=\"wp-page\" data-elementor-id=\"6242\" class=\"elementor elementor-6242\">\n\t\t\t\t\t\t<section class=\"elementor-section elementor-top-section elementor-element elementor-element-cccc328 elementor-section-boxed elementor-section-height-default elementor-section-height-default qodef-elementor-content-no\" data-id=\"cccc328\" data-element_type=\"section\" data-e-type=\"section\">\n\t\t\t\t\t\t<div class=\"elementor-container elementor-column-gap-default\">\n\t\t\t\t\t<div class=\"elementor-column elementor-col-33 elementor-top-column elementor-element elementor-element-9872ab2\" data-id=\"9872ab2\" data-element_type=\"column\" data-e-type=\"column\">\n\t\t\t<div class=\"elementor-widget-wrap elementor-element-populated\">\n\t\t\t\t\t\t<div class=\"elementor-element elementor-element-8668ea0 elementor-widget elementor-widget-image\" data-id=\"8668ea0\" data-element_type=\"widget\" data-e-type=\"widget\" data-widget_type=\"image.default\">\n\t\t\t\t<div class=\"elementor-widget-container\">\n\t\t\t\t\t\t\t\t\t\t\t\t\t\t\t\t<a href=\"https:\/\/tonfraedi.is\/index.php\/tonfraediverkefni_t2_notnanofnahljombordi_verkefni1\/\">\n\t\t\t\t\t\t\t<img decoding=\"async\" src=\"https:\/\/tonfraedi.is\/wp-content\/uploads\/elementor\/thumbs\/Screenshot-2023-10-21-at-01.45.49-qe614yxrv3t6tamdpge65y9to2nsui7liz5b4epzg8.png\" title=\"Screenshot 2023-10-21 at 01.45.49\" alt=\"Screenshot 2023-10-21 at 01.45.49\" loading=\"lazy\" \/>\t\t\t\t\t\t\t\t<\/a>\n\t\t\t\t\t\t\t\t\t\t\t\t\t\t\t<\/div>\n\t\t\t\t<\/div>\n\t\t\t\t<div class=\"elementor-element elementor-element-8fae90c elementor-widget elementor-widget-text-editor\" data-id=\"8fae90c\" data-element_type=\"widget\" data-e-type=\"widget\" data-widget_type=\"text-editor.default\">\n\t\t\t\t<div class=\"elementor-widget-container\">\n\t\t\t\t\t\t\t\t\t<center><a href=\"https:\/\/tonfraedi.is\/index.php\/tonfraediverkefni_t2_notnanofnahljombordi_verkefni1\/\">Veldu r\u00e9tt n\u00f3tnan\u00f6fn<\/a><\/center>\t\t\t\t\t\t\t\t<\/div>\n\t\t\t\t<\/div>\n\t\t\t\t\t<\/div>\n\t\t<\/div>\n\t\t\t\t<div class=\"elementor-column elementor-col-33 elementor-top-column elementor-element elementor-element-b57c0fb\" data-id=\"b57c0fb\" data-element_type=\"column\" data-e-type=\"column\">\n\t\t\t<div class=\"elementor-widget-wrap elementor-element-populated\">\n\t\t\t\t\t\t<div class=\"elementor-element elementor-element-7307e80 elementor-widget elementor-widget-image\" data-id=\"7307e80\" data-element_type=\"widget\" data-e-type=\"widget\" data-widget_type=\"image.default\">\n\t\t\t\t<div class=\"elementor-widget-container\">\n\t\t\t\t\t\t\t\t\t\t\t\t\t\t\t\t<a href=\"https:\/\/tonfraedi.is\/index.php\/tonfraediverkefni_t2_hljombord_tengdusamanrettarnotur_verkefni1\/\">\n\t\t\t\t\t\t\t<img decoding=\"async\" src=\"https:\/\/tonfraedi.is\/wp-content\/uploads\/elementor\/thumbs\/Screenshot-2023-10-21-at-02.25.30-qe62bzzsq2pqao4ag1zcb3dgn2kp7p18ry9i0ex6m0.png\" title=\"Screenshot 2023-10-21 at 02.25.30\" alt=\"Screenshot 2023-10-21 at 02.25.30\" loading=\"lazy\" \/>\t\t\t\t\t\t\t\t<\/a>\n\t\t\t\t\t\t\t\t\t\t\t\t\t\t\t<\/div>\n\t\t\t\t<\/div>\n\t\t\t\t<div class=\"elementor-element elementor-element-bd84e09 elementor-widget elementor-widget-text-editor\" data-id=\"bd84e09\" data-element_type=\"widget\" data-e-type=\"widget\" data-widget_type=\"text-editor.default\">\n\t\t\t\t<div class=\"elementor-widget-container\">\n\t\t\t\t\t\t\t\t\t<center><a href=\"https:\/\/tonfraedi.is\/index.php\/tonfraediverkefni_t2_hljombord_tengdusamanrettarnotur_verkefni1\/\">Tengdu n\u00f3tu \u00e1 hlj\u00f3mbor\u00f0i vi\u00f0 samsvarandi n\u00f3tu \u00e1 n\u00f3tnastrengnum<\/a><\/center>\t\t\t\t\t\t\t\t<\/div>\n\t\t\t\t<\/div>\n\t\t\t\t\t<\/div>\n\t\t<\/div>\n\t\t\t\t<div class=\"elementor-column elementor-col-33 elementor-top-column elementor-element elementor-element-9b763ac\" data-id=\"9b763ac\" data-element_type=\"column\" data-e-type=\"column\">\n\t\t\t<div class=\"elementor-widget-wrap\">\n\t\t\t\t\t\t\t<\/div>\n\t\t<\/div>\n\t\t\t\t\t<\/div>\n\t\t<\/section>\n\t\t\t\t<\/div>\n\t\t","protected":false},"excerpt":{"rendered":"<p>Veldu r\u00e9tt n\u00f3tnan\u00f6fn Tengdu n\u00f3tu \u00e1 hlj\u00f3mbor\u00f0i vi\u00f0 samsvarandi n\u00f3tu \u00e1 n\u00f3tnastrengnum<\/p>\n","protected":false},"author":1,"featured_media":0,"parent":0,"menu_order":0,"comment_status":"closed","ping_status":"closed","template":"page-full-width.php","meta":{"footnotes":""},"class_list":["post-6242","page","type-page","status-publish","hentry"],"_links":{"self":[{"href":"https:\/\/tonfraedi.is\/index.php\/wp-json\/wp\/v2\/pages\/6242","targetHints":{"allow":["GET"]}}],"collection":[{"href":"https:\/\/tonfraedi.is\/index.php\/wp-json\/wp\/v2\/pages"}],"about":[{"href":"https:\/\/tonfraedi.is\/index.php\/wp-json\/wp\/v2\/types\/page"}],"author":[{"embeddable":true,"href":"https:\/\/tonfraedi.is\/index.php\/wp-json\/wp\/v2\/users\/1"}],"replies":[{"embeddable":true,"href":"https:\/\/tonfraedi.is\/index.php\/wp-json\/wp\/v2\/comments?post=6242"}],"version-history":[{"count":7,"href":"https:\/\/tonfraedi.is\/index.php\/wp-json\/wp\/v2\/pages\/6242\/revisions"}],"predecessor-version":[{"id":6251,"href":"https:\/\/tonfraedi.is\/index.php\/wp-json\/wp\/v2\/pages\/6242\/revisions\/6251"}],"wp:attachment":[{"href":"https:\/\/tonfraedi.is\/index.php\/wp-json\/wp\/v2\/media?parent=6242"}],"curies":[{"name":"wp","href":"https:\/\/api.w.org\/{rel}","templated":true}]}}