{"id":6324,"date":"2023-11-12T20:44:19","date_gmt":"2023-11-12T20:44:19","guid":{"rendered":"https:\/\/tonfraedi.is\/?page_id=6324"},"modified":"2024-01-06T12:00:47","modified_gmt":"2024-01-06T12:00:47","slug":"tonmennt_hljodfaeri","status":"publish","type":"page","link":"https:\/\/tonfraedi.is\/index.php\/tonmennt_hljodfaeri\/","title":{"rendered":"T\u00f3nmenntarverkefni &#8211; Hlj\u00f3\u00f0f\u00e6ri"},"content":{"rendered":"\t\t<div data-elementor-type=\"wp-page\" data-elementor-id=\"6324\" class=\"elementor elementor-6324\">\n\t\t\t\t\t\t<section class=\"elementor-section elementor-top-section elementor-element elementor-element-cccc328 elementor-section-boxed elementor-section-height-default elementor-section-height-default qodef-elementor-content-no\" data-id=\"cccc328\" data-element_type=\"section\" data-e-type=\"section\">\n\t\t\t\t\t\t<div class=\"elementor-container elementor-column-gap-default\">\n\t\t\t\t\t<div class=\"elementor-column elementor-col-33 elementor-top-column elementor-element elementor-element-9872ab2\" data-id=\"9872ab2\" data-element_type=\"column\" data-e-type=\"column\">\n\t\t\t<div class=\"elementor-widget-wrap elementor-element-populated\">\n\t\t\t\t\t\t<div class=\"elementor-element elementor-element-8668ea0 elementor-widget elementor-widget-image\" data-id=\"8668ea0\" data-element_type=\"widget\" data-e-type=\"widget\" data-widget_type=\"image.default\">\n\t\t\t\t<div class=\"elementor-widget-container\">\n\t\t\t\t\t\t\t\t\t\t\t\t\t\t\t\t<a href=\"https:\/\/tonfraedi.is\/index.php\/tonmennt_hlustun_rodhljodfaera_verkefni2\">\n\t\t\t\t\t\t\t<img decoding=\"async\" src=\"https:\/\/tonfraedi.is\/wp-content\/uploads\/elementor\/thumbs\/Screenshot-2023-11-17-at-13.24.14-qfhuysog2nqf12r10o3zvjlxzkewi4n6sbwbp9pwhk.png\" title=\"Hlj\u00f3\u00f0f\u00e6ri \u00ed mismunandi r\u00f6\u00f0\" alt=\"Hlj\u00f3\u00f0f\u00e6ri \u00ed mismunandi r\u00f6\u00f0\" loading=\"lazy\" \/>\t\t\t\t\t\t\t\t<\/a>\n\t\t\t\t\t\t\t\t\t\t\t\t\t\t\t<\/div>\n\t\t\t\t<\/div>\n\t\t\t\t<div class=\"elementor-element elementor-element-8fae90c elementor-widget elementor-widget-text-editor\" data-id=\"8fae90c\" data-element_type=\"widget\" data-e-type=\"widget\" data-widget_type=\"text-editor.default\">\n\t\t\t\t<div class=\"elementor-widget-container\">\n\t\t\t\t\t\t\t\t\t<center>Veldu r\u00e9tta r\u00f6\u00f0 hlj\u00f3\u00f0f\u00e6ra \u00ed laginu<\/center>\t\t\t\t\t\t\t\t<\/div>\n\t\t\t\t<\/div>\n\t\t\t\t\t<\/div>\n\t\t<\/div>\n\t\t\t\t<div class=\"elementor-column elementor-col-33 elementor-top-column elementor-element elementor-element-b57c0fb\" data-id=\"b57c0fb\" data-element_type=\"column\" data-e-type=\"column\">\n\t\t\t<div class=\"elementor-widget-wrap elementor-element-populated\">\n\t\t\t\t\t\t<div class=\"elementor-element elementor-element-ef79717 elementor-widget elementor-widget-image\" data-id=\"ef79717\" data-element_type=\"widget\" data-e-type=\"widget\" data-widget_type=\"image.default\">\n\t\t\t\t<div class=\"elementor-widget-container\">\n\t\t\t\t\t\t\t\t\t\t\t\t\t\t\t\t<a href=\"https:\/\/tonfraedi.is\/index.php\/tonmennt_hlustun_rodhljodfaera_verkefni1\">\n\t\t\t\t\t\t\t<img decoding=\"async\" src=\"https:\/\/tonfraedi.is\/wp-content\/uploads\/elementor\/thumbs\/Screenshot-2023-11-15-at-00.53.12-qfdh3cheidip50a1dgtl18rka3exukqppv5jlmmkzc.png\" title=\"Screenshot 2023-11-15 at 00.53.12\" alt=\"Screenshot 2023-11-15 at 00.53.12\" loading=\"lazy\" \/>\t\t\t\t\t\t\t\t<\/a>\n\t\t\t\t\t\t\t\t\t\t\t\t\t\t\t<\/div>\n\t\t\t\t<\/div>\n\t\t\t\t<div class=\"elementor-element elementor-element-0ddc2f8 elementor-widget elementor-widget-text-editor\" data-id=\"0ddc2f8\" data-element_type=\"widget\" data-e-type=\"widget\" data-widget_type=\"text-editor.default\">\n\t\t\t\t<div class=\"elementor-widget-container\">\n\t\t\t\t\t\t\t\t\t<p style=\"text-align: center;\"><a href=\"https:\/\/tonfraedi.is\/index.php\/tonmennt_hlustun_rodhljodfaera_verkefni1\" data-wplink-edit=\"true\">Veldu r\u00e9tta r\u00f6\u00f0 leikinna hlj\u00f3\u00f0f\u00e6ra<\/a><\/p>\t\t\t\t\t\t\t\t<\/div>\n\t\t\t\t<\/div>\n\t\t\t\t\t<\/div>\n\t\t<\/div>\n\t\t\t\t<div class=\"elementor-column elementor-col-33 elementor-top-column elementor-element elementor-element-9b763ac\" data-id=\"9b763ac\" data-element_type=\"column\" data-e-type=\"column\">\n\t\t\t<div class=\"elementor-widget-wrap elementor-element-populated\">\n\t\t\t\t\t\t<div class=\"elementor-element elementor-element-906da28 elementor-widget elementor-widget-image\" data-id=\"906da28\" data-element_type=\"widget\" data-e-type=\"widget\" data-widget_type=\"image.default\">\n\t\t\t\t<div class=\"elementor-widget-container\">\n\t\t\t\t\t\t\t\t\t\t\t\t\t\t\t\t<a href=\"https:\/\/tonfraedi.is\/index.php\/tonmennt_hlustun_fjoldihljodfaera_verkefni1\">\n\t\t\t\t\t\t\t<img decoding=\"async\" src=\"https:\/\/tonfraedi.is\/wp-content\/uploads\/elementor\/thumbs\/Screenshot-2023-11-17-at-13.04.35-qfhu32mjeyb16utx9gga81sw8erxpvpbfb9dm2r8hk.png\" title=\"Screenshot 2023-11-17 at 13.04.35\" alt=\"Screenshot 2023-11-17 at 13.04.35\" loading=\"lazy\" \/>\t\t\t\t\t\t\t\t<\/a>\n\t\t\t\t\t\t\t\t\t\t\t\t\t\t\t<\/div>\n\t\t\t\t<\/div>\n\t\t\t\t<div class=\"elementor-element elementor-element-4b54db7 elementor-widget elementor-widget-text-editor\" data-id=\"4b54db7\" data-element_type=\"widget\" data-e-type=\"widget\" data-widget_type=\"text-editor.default\">\n\t\t\t\t<div class=\"elementor-widget-container\">\n\t\t\t\t\t\t\t\t\t<p style=\"text-align: center;\"><a href=\"https:\/\/tonfraedi.is\/index.php\/tonmennt_hlustun_fjoldihljodfaera_verkefni1\" data-wplink-edit=\"true\">Hversu m\u00f6rg mismunandi hlj\u00f3\u00f0f\u00e6ri heyrir\u00f0u \u00ed laginu?<\/a><\/p>\t\t\t\t\t\t\t\t<\/div>\n\t\t\t\t<\/div>\n\t\t\t\t\t<\/div>\n\t\t<\/div>\n\t\t\t\t\t<\/div>\n\t\t<\/section>\n\t\t\t\t<section class=\"elementor-section elementor-top-section elementor-element elementor-element-18aa259 elementor-section-boxed elementor-section-height-default elementor-section-height-default qodef-elementor-content-no\" data-id=\"18aa259\" data-element_type=\"section\" data-e-type=\"section\">\n\t\t\t\t\t\t<div class=\"elementor-container elementor-column-gap-default\">\n\t\t\t\t\t<div class=\"elementor-column elementor-col-33 elementor-top-column elementor-element elementor-element-bd6d1c2\" data-id=\"bd6d1c2\" data-element_type=\"column\" data-e-type=\"column\">\n\t\t\t<div class=\"elementor-widget-wrap elementor-element-populated\">\n\t\t\t\t\t\t<div class=\"elementor-element elementor-element-b8a5468 elementor-widget elementor-widget-image\" data-id=\"b8a5468\" data-element_type=\"widget\" data-e-type=\"widget\" data-widget_type=\"image.default\">\n\t\t\t\t<div class=\"elementor-widget-container\">\n\t\t\t\t\t\t\t\t\t\t\t\t\t\t\t\t<a href=\"https:\/\/tonfraedi.is\/index.php\/tonmennt_hljodfaerathekking_verkefni1\/\">\n\t\t\t\t\t\t\t<img decoding=\"async\" src=\"https:\/\/tonfraedi.is\/wp-content\/uploads\/elementor\/thumbs\/Screenshot-2023-11-17-at-19.36.06-qfib4tctumh1wvc3fr0ra69vnlptn67v520sc8r5q0.png\" title=\"Screenshot 2023-11-17 at 19.36.06\" alt=\"Screenshot 2023-11-17 at 19.36.06\" loading=\"lazy\" \/>\t\t\t\t\t\t\t\t<\/a>\n\t\t\t\t\t\t\t\t\t\t\t\t\t\t\t<\/div>\n\t\t\t\t<\/div>\n\t\t\t\t<div class=\"elementor-element elementor-element-d75e6f1 elementor-widget elementor-widget-text-editor\" data-id=\"d75e6f1\" data-element_type=\"widget\" data-e-type=\"widget\" data-widget_type=\"text-editor.default\">\n\t\t\t\t<div class=\"elementor-widget-container\">\n\t\t\t\t\t\t\t\t\t<p style=\"text-align: center;\"><a href=\"https:\/\/tonfraedi.is\/index.php\/tonmennt_hljodfaerathekking_verkefni1\/\">Veldu r\u00e9tt hlj\u00f3\u00f0f\u00e6ri og hlj\u00f3\u00f0f\u00e6rafj\u00f6lskyldu<\/a><\/p>\t\t\t\t\t\t\t\t<\/div>\n\t\t\t\t<\/div>\n\t\t\t\t\t<\/div>\n\t\t<\/div>\n\t\t\t\t<div class=\"elementor-column elementor-col-33 elementor-top-column elementor-element elementor-element-2120d13\" data-id=\"2120d13\" data-element_type=\"column\" data-e-type=\"column\">\n\t\t\t<div class=\"elementor-widget-wrap elementor-element-populated\">\n\t\t\t\t\t\t<div class=\"elementor-element elementor-element-f0dbdac elementor-widget elementor-widget-image\" data-id=\"f0dbdac\" data-element_type=\"widget\" data-e-type=\"widget\" data-widget_type=\"image.default\">\n\t\t\t\t<div class=\"elementor-widget-container\">\n\t\t\t\t\t\t\t\t\t\t\t\t\t\t\t\t<a href=\"https:\/\/tonfraedi.is\/index.php\/tonmennt_hljodfaerathekking_verkefni2\/\">\n\t\t\t\t\t\t\t<img decoding=\"async\" src=\"https:\/\/tonfraedi.is\/wp-content\/uploads\/elementor\/thumbs\/hljodf2-qfiju4w3yjdvxk7xv6nuf3x83deff22u7ujf8o6vnc.png\" title=\"hljodf2\" alt=\"hljodf2\" loading=\"lazy\" \/>\t\t\t\t\t\t\t\t<\/a>\n\t\t\t\t\t\t\t\t\t\t\t\t\t\t\t<\/div>\n\t\t\t\t<\/div>\n\t\t\t\t<div class=\"elementor-element elementor-element-5f6dbb8 elementor-widget elementor-widget-text-editor\" data-id=\"5f6dbb8\" data-element_type=\"widget\" data-e-type=\"widget\" data-widget_type=\"text-editor.default\">\n\t\t\t\t<div class=\"elementor-widget-container\">\n\t\t\t\t\t\t\t\t\t<p style=\"text-align: center;\"><a href=\"https:\/\/tonfraedi.is\/index.php\/tonmennt_hljodfaerathekking_verkefni2\/\">Veldu r\u00e9tt hlj\u00f3\u00f0f\u00e6ri og hlj\u00f3\u00f0f\u00e6rafj\u00f6lskyldu<\/a><\/p>\t\t\t\t\t\t\t\t<\/div>\n\t\t\t\t<\/div>\n\t\t\t\t\t<\/div>\n\t\t<\/div>\n\t\t\t\t<div class=\"elementor-column elementor-col-33 elementor-top-column elementor-element elementor-element-3a30a12\" data-id=\"3a30a12\" data-element_type=\"column\" data-e-type=\"column\">\n\t\t\t<div class=\"elementor-widget-wrap elementor-element-populated\">\n\t\t\t\t\t\t<div class=\"elementor-element elementor-element-96f6b5f elementor-widget elementor-widget-image\" data-id=\"96f6b5f\" data-element_type=\"widget\" data-e-type=\"widget\" data-widget_type=\"image.default\">\n\t\t\t\t<div class=\"elementor-widget-container\">\n\t\t\t\t\t\t\t\t\t\t\t\t\t\t\t\t<a href=\"https:\/\/tonfraedi.is\/index.php\/tonmennt_hlustun_fjoldihljodfaera_verkefni2\">\n\t\t\t\t\t\t\t<img decoding=\"async\" src=\"https:\/\/tonfraedi.is\/wp-content\/uploads\/elementor\/thumbs\/Screenshot-2024-01-06-at-11.55.14-qhwse662ilxacqq1eaycicdpxop1t2jw0gokmkjhyw.png\" title=\"t\u00f3nmennt-hversum\u00f6rghlj\u00f3\u00f0f\u00e6ri2\" alt=\"t\u00f3nmennt-hversum\u00f6rghlj\u00f3\u00f0f\u00e6ri2\" loading=\"lazy\" \/>\t\t\t\t\t\t\t\t<\/a>\n\t\t\t\t\t\t\t\t\t\t\t\t\t\t\t<\/div>\n\t\t\t\t<\/div>\n\t\t\t\t<div class=\"elementor-element elementor-element-968170d elementor-widget elementor-widget-text-editor\" data-id=\"968170d\" data-element_type=\"widget\" data-e-type=\"widget\" data-widget_type=\"text-editor.default\">\n\t\t\t\t<div class=\"elementor-widget-container\">\n\t\t\t\t\t\t\t\t\t<p style=\"text-align: center;\">Hversu m\u00f6rg hlj\u00f3\u00f0f\u00e6ri leika \u00ed hverju lagi?<\/p>\t\t\t\t\t\t\t\t<\/div>\n\t\t\t\t<\/div>\n\t\t\t\t\t<\/div>\n\t\t<\/div>\n\t\t\t\t\t<\/div>\n\t\t<\/section>\n\t\t\t\t<\/div>\n\t\t","protected":false},"excerpt":{"rendered":"<p>Veldu r\u00e9tta r\u00f6\u00f0 hlj\u00f3\u00f0f\u00e6ra \u00ed laginu Veldu r\u00e9tta r\u00f6\u00f0 leikinna hlj\u00f3\u00f0f\u00e6ra Hversu m\u00f6rg mismunandi hlj\u00f3\u00f0f\u00e6ri heyrir\u00f0u \u00ed laginu? Veldu r\u00e9tt hlj\u00f3\u00f0f\u00e6ri og hlj\u00f3\u00f0f\u00e6rafj\u00f6lskyldu Veldu r\u00e9tt hlj\u00f3\u00f0f\u00e6ri og hlj\u00f3\u00f0f\u00e6rafj\u00f6lskyldu Hversu m\u00f6rg hlj\u00f3\u00f0f\u00e6ri leika \u00ed hverju lagi?<\/p>\n","protected":false},"author":1,"featured_media":0,"parent":0,"menu_order":0,"comment_status":"closed","ping_status":"closed","template":"page-full-width.php","meta":{"footnotes":""},"class_list":["post-6324","page","type-page","status-publish","hentry"],"_links":{"self":[{"href":"https:\/\/tonfraedi.is\/index.php\/wp-json\/wp\/v2\/pages\/6324","targetHints":{"allow":["GET"]}}],"collection":[{"href":"https:\/\/tonfraedi.is\/index.php\/wp-json\/wp\/v2\/pages"}],"about":[{"href":"https:\/\/tonfraedi.is\/index.php\/wp-json\/wp\/v2\/types\/page"}],"author":[{"embeddable":true,"href":"https:\/\/tonfraedi.is\/index.php\/wp-json\/wp\/v2\/users\/1"}],"replies":[{"embeddable":true,"href":"https:\/\/tonfraedi.is\/index.php\/wp-json\/wp\/v2\/comments?post=6324"}],"version-history":[{"count":78,"href":"https:\/\/tonfraedi.is\/index.php\/wp-json\/wp\/v2\/pages\/6324\/revisions"}],"predecessor-version":[{"id":6680,"href":"https:\/\/tonfraedi.is\/index.php\/wp-json\/wp\/v2\/pages\/6324\/revisions\/6680"}],"wp:attachment":[{"href":"https:\/\/tonfraedi.is\/index.php\/wp-json\/wp\/v2\/media?parent=6324"}],"curies":[{"name":"wp","href":"https:\/\/api.w.org\/{rel}","templated":true}]}}