{"id":6592,"date":"2023-12-01T13:24:25","date_gmt":"2023-12-01T13:24:25","guid":{"rendered":"https:\/\/tonfraedi.is\/?page_id=6592"},"modified":"2024-02-21T10:23:53","modified_gmt":"2024-02-21T10:23:53","slug":"tonmennt_heimstonlist","status":"publish","type":"page","link":"https:\/\/tonfraedi.is\/index.php\/tonmennt_heimstonlist\/","title":{"rendered":"T\u00f3nmenntarverkefni &#8211; Heimst\u00f3nlist"},"content":{"rendered":"\t\t<div data-elementor-type=\"wp-page\" data-elementor-id=\"6592\" class=\"elementor elementor-6592\">\n\t\t\t\t\t\t<section class=\"elementor-section elementor-top-section elementor-element elementor-element-3a4772e elementor-section-boxed elementor-section-height-default elementor-section-height-default qodef-elementor-content-no\" data-id=\"3a4772e\" data-element_type=\"section\" data-e-type=\"section\">\n\t\t\t\t\t\t<div class=\"elementor-container elementor-column-gap-default\">\n\t\t\t\t\t<div class=\"elementor-column elementor-col-33 elementor-top-column elementor-element elementor-element-0ec575b\" data-id=\"0ec575b\" data-element_type=\"column\" data-e-type=\"column\">\n\t\t\t<div class=\"elementor-widget-wrap elementor-element-populated\">\n\t\t\t\t\t\t<div class=\"elementor-element elementor-element-73f8123 elementor-widget elementor-widget-image\" data-id=\"73f8123\" data-element_type=\"widget\" data-e-type=\"widget\" data-widget_type=\"image.default\">\n\t\t\t\t<div class=\"elementor-widget-container\">\n\t\t\t\t\t\t\t\t\t\t\t\t\t\t\t\t<a href=\"https:\/\/tonfraedi.is\/index.php\/tonmennt_hlustun_heimstonlist_verkefni1\/\">\n\t\t\t\t\t\t\t<img decoding=\"async\" src=\"https:\/\/tonfraedi.is\/wp-content\/uploads\/elementor\/thumbs\/Screenshot-2023-11-20-at-14.29.44-qfn5tkoaj3b6cwk9i3n5b87cwt845s5l3it55ockag.png\" title=\"Screenshot 2023-11-20 at 14.29.44\" alt=\"Screenshot 2023-11-20 at 14.29.44\" loading=\"lazy\" \/>\t\t\t\t\t\t\t\t<\/a>\n\t\t\t\t\t\t\t\t\t\t\t\t\t\t\t<\/div>\n\t\t\t\t<\/div>\n\t\t\t\t<div class=\"elementor-element elementor-element-91286d2 elementor-widget elementor-widget-text-editor\" data-id=\"91286d2\" data-element_type=\"widget\" data-e-type=\"widget\" data-widget_type=\"text-editor.default\">\n\t\t\t\t<div class=\"elementor-widget-container\">\n\t\t\t\t\t\t\t\t\t<p style=\"text-align: center;\"><a href=\"https:\/\/tonfraedi.is\/index.php\/tonmennt_hlustun_heimstonlist_verkefni1\/\">Hva\u00f0an \u00ed heiminum er t\u00f3nlistin?<\/a><\/p>\t\t\t\t\t\t\t\t<\/div>\n\t\t\t\t<\/div>\n\t\t\t\t\t<\/div>\n\t\t<\/div>\n\t\t\t\t<div class=\"elementor-column elementor-col-33 elementor-top-column elementor-element elementor-element-75bcd64\" data-id=\"75bcd64\" data-element_type=\"column\" data-e-type=\"column\">\n\t\t\t<div class=\"elementor-widget-wrap elementor-element-populated\">\n\t\t\t\t\t\t<div class=\"elementor-element elementor-element-b4af367 elementor-widget elementor-widget-image\" data-id=\"b4af367\" data-element_type=\"widget\" data-e-type=\"widget\" data-widget_type=\"image.default\">\n\t\t\t\t<div class=\"elementor-widget-container\">\n\t\t\t\t\t\t\t\t\t\t\t\t\t\t\t\t<a href=\"https:\/\/tonfraedi.is\/index.php\/tonmennt_hlustun_heimstonlist_verkefni2\/\">\n\t\t\t\t\t\t\t<img decoding=\"async\" src=\"https:\/\/tonfraedi.is\/wp-content\/uploads\/elementor\/thumbs\/Screenshot-2024-02-21-at-10.20.54-qk4qquobw0tp1hwieew1xixs3xjsfkh077qjav4iig.png\" title=\"Heimst\u00f3nlist 2\" alt=\"Heimst\u00f3nlist 2\" loading=\"lazy\" \/>\t\t\t\t\t\t\t\t<\/a>\n\t\t\t\t\t\t\t\t\t\t\t\t\t\t\t<\/div>\n\t\t\t\t<\/div>\n\t\t\t\t<div class=\"elementor-element elementor-element-9e1fb4c elementor-widget elementor-widget-text-editor\" data-id=\"9e1fb4c\" data-element_type=\"widget\" data-e-type=\"widget\" data-widget_type=\"text-editor.default\">\n\t\t\t\t<div class=\"elementor-widget-container\">\n\t\t\t\t\t\t\t\t\t<p style=\"text-align: center;\"><a href=\"https:\/\/tonfraedi.is\/index.php\/tonmennt_hlustun_heimstonlist_verkefni2\/\">Hva\u00f0an \u00ed heiminum er t\u00f3nlistin?<\/a><\/p>\t\t\t\t\t\t\t\t<\/div>\n\t\t\t\t<\/div>\n\t\t\t\t\t<\/div>\n\t\t<\/div>\n\t\t\t\t<div class=\"elementor-column elementor-col-33 elementor-top-column elementor-element elementor-element-be1e42d\" data-id=\"be1e42d\" data-element_type=\"column\" data-e-type=\"column\">\n\t\t\t<div class=\"elementor-widget-wrap\">\n\t\t\t\t\t\t\t<\/div>\n\t\t<\/div>\n\t\t\t\t\t<\/div>\n\t\t<\/section>\n\t\t\t\t<\/div>\n\t\t","protected":false},"excerpt":{"rendered":"<p>Hva\u00f0an \u00ed heiminum er t\u00f3nlistin? Hva\u00f0an \u00ed heiminum er t\u00f3nlistin?<\/p>\n","protected":false},"author":1,"featured_media":0,"parent":0,"menu_order":0,"comment_status":"closed","ping_status":"closed","template":"page-full-width.php","meta":{"footnotes":""},"class_list":["post-6592","page","type-page","status-publish","hentry"],"_links":{"self":[{"href":"https:\/\/tonfraedi.is\/index.php\/wp-json\/wp\/v2\/pages\/6592","targetHints":{"allow":["GET"]}}],"collection":[{"href":"https:\/\/tonfraedi.is\/index.php\/wp-json\/wp\/v2\/pages"}],"about":[{"href":"https:\/\/tonfraedi.is\/index.php\/wp-json\/wp\/v2\/types\/page"}],"author":[{"embeddable":true,"href":"https:\/\/tonfraedi.is\/index.php\/wp-json\/wp\/v2\/users\/1"}],"replies":[{"embeddable":true,"href":"https:\/\/tonfraedi.is\/index.php\/wp-json\/wp\/v2\/comments?post=6592"}],"version-history":[{"count":7,"href":"https:\/\/tonfraedi.is\/index.php\/wp-json\/wp\/v2\/pages\/6592\/revisions"}],"predecessor-version":[{"id":6736,"href":"https:\/\/tonfraedi.is\/index.php\/wp-json\/wp\/v2\/pages\/6592\/revisions\/6736"}],"wp:attachment":[{"href":"https:\/\/tonfraedi.is\/index.php\/wp-json\/wp\/v2\/media?parent=6592"}],"curies":[{"name":"wp","href":"https:\/\/api.w.org\/{rel}","templated":true}]}}