{"id":6825,"date":"2024-04-05T15:17:25","date_gmt":"2024-04-05T15:17:25","guid":{"rendered":"https:\/\/tonfraedi.is\/?page_id=6825"},"modified":"2025-10-31T15:48:19","modified_gmt":"2025-10-31T15:48:19","slug":"tonfraediverkefni_t3_notnanofn","status":"publish","type":"page","link":"https:\/\/tonfraedi.is\/index.php\/tonfraediverkefni_t3_notnanofn\/","title":{"rendered":"T\u00f3nfr\u00e6\u00f0iverkefni T3 &#8211; N\u00f3tnan\u00f6fn"},"content":{"rendered":"\t\t<div data-elementor-type=\"wp-page\" data-elementor-id=\"6825\" class=\"elementor elementor-6825\">\n\t\t\t\t\t\t<section class=\"elementor-section elementor-top-section elementor-element elementor-element-d8c07f1 elementor-section-boxed elementor-section-height-default elementor-section-height-default qodef-elementor-content-no\" data-id=\"d8c07f1\" data-element_type=\"section\" data-e-type=\"section\">\n\t\t\t\t\t\t<div class=\"elementor-container elementor-column-gap-default\">\n\t\t\t\t\t<div class=\"elementor-column elementor-col-33 elementor-top-column elementor-element elementor-element-8f1182c\" data-id=\"8f1182c\" data-element_type=\"column\" data-e-type=\"column\">\n\t\t\t<div class=\"elementor-widget-wrap elementor-element-populated\">\n\t\t\t\t\t\t<div class=\"elementor-element elementor-element-3178566 elementor-widget elementor-widget-image\" data-id=\"3178566\" data-element_type=\"widget\" data-e-type=\"widget\" data-widget_type=\"image.default\">\n\t\t\t\t<div class=\"elementor-widget-container\">\n\t\t\t\t\t\t\t\t\t\t\t\t\t\t\t\t<a href=\"https:\/\/tonfraedi.is\/index.php\/tonfraediverkefni_t3_notnanofn_verkefni1\">\n\t\t\t\t\t\t\t<img decoding=\"async\" src=\"https:\/\/tonfraedi.is\/wp-content\/uploads\/elementor\/thumbs\/Screenshot-2024-04-05-at-15.13.11-qm9op99md7sy93csy8qudxm8k280ejmnjhv69lngs8.png\" title=\"N\u00f3tnan\u00f6fn \u00ed C-lykli\" alt=\"N\u00f3tnan\u00f6fn \u00ed C-lykli\" loading=\"lazy\" \/>\t\t\t\t\t\t\t\t<\/a>\n\t\t\t\t\t\t\t\t\t\t\t\t\t\t\t<\/div>\n\t\t\t\t<\/div>\n\t\t\t\t<div class=\"elementor-element elementor-element-e6c0ff6 elementor-widget elementor-widget-text-editor\" data-id=\"e6c0ff6\" data-element_type=\"widget\" data-e-type=\"widget\" data-widget_type=\"text-editor.default\">\n\t\t\t\t<div class=\"elementor-widget-container\">\n\t\t\t\t\t\t\t\t\t<p style=\"text-align: center;\"><a href=\"https:\/\/tonfraedi.is\/index.php\/tonfraediverkefni_t3_notnanofn_verkefni1\" data-wplink-edit=\"true\">Sl\u00e1\u00f0u inn r\u00e9tt n\u00f3tnan\u00f6fn \u00ed C-lykli<\/a><\/p>\t\t\t\t\t\t\t\t<\/div>\n\t\t\t\t<\/div>\n\t\t\t\t\t<\/div>\n\t\t<\/div>\n\t\t\t\t<div class=\"elementor-column elementor-col-33 elementor-top-column elementor-element elementor-element-5db46bc\" data-id=\"5db46bc\" data-element_type=\"column\" data-e-type=\"column\">\n\t\t\t<div class=\"elementor-widget-wrap elementor-element-populated\">\n\t\t\t\t\t\t<div class=\"elementor-element elementor-element-f4ee7f4 elementor-widget elementor-widget-image\" data-id=\"f4ee7f4\" data-element_type=\"widget\" data-e-type=\"widget\" data-widget_type=\"image.default\">\n\t\t\t\t<div class=\"elementor-widget-container\">\n\t\t\t\t\t\t\t\t\t\t\t\t\t\t\t\t<a href=\"https:\/\/tonfraedi.is\/index.php\/tonfraediverkefni_t3_notnanofn_verkefni2\">\n\t\t\t\t\t\t\t<img fetchpriority=\"high\" decoding=\"async\" width=\"212\" height=\"300\" src=\"https:\/\/tonfraedi.is\/wp-content\/uploads\/2025\/08\/T3-notnanofn-thumbnail-212x300.png\" class=\"attachment-medium size-medium wp-image-7052\" alt=\"\" srcset=\"https:\/\/tonfraedi.is\/wp-content\/uploads\/2025\/08\/T3-notnanofn-thumbnail-212x300.png 212w, https:\/\/tonfraedi.is\/wp-content\/uploads\/2025\/08\/T3-notnanofn-thumbnail.png 300w\" sizes=\"(max-width: 212px) 100vw, 212px\" \/>\t\t\t\t\t\t\t\t<\/a>\n\t\t\t\t\t\t\t\t\t\t\t\t\t\t\t<\/div>\n\t\t\t\t<\/div>\n\t\t\t\t<div class=\"elementor-element elementor-element-1df29a9 elementor-widget elementor-widget-text-editor\" data-id=\"1df29a9\" data-element_type=\"widget\" data-e-type=\"widget\" data-widget_type=\"text-editor.default\">\n\t\t\t\t<div class=\"elementor-widget-container\">\n\t\t\t\t\t\t\t\t\t<p style=\"text-align: center;\"><a href=\"https:\/\/tonfraedi.is\/index.php\/tonfraediverkefni_t3_notnanofn_verkefni2\">N\u00f3tnan\u00f6fn me\u00f0 aukastrikum og n\u00f3tnan\u00f6fn \u00ed C-lykli<\/a><\/p>\t\t\t\t\t\t\t\t<\/div>\n\t\t\t\t<\/div>\n\t\t\t\t\t<\/div>\n\t\t<\/div>\n\t\t\t\t<div class=\"elementor-column elementor-col-33 elementor-top-column elementor-element elementor-element-5c90e45\" data-id=\"5c90e45\" data-element_type=\"column\" data-e-type=\"column\">\n\t\t\t<div class=\"elementor-widget-wrap elementor-element-populated\">\n\t\t\t\t\t\t<div class=\"elementor-element elementor-element-149de8e elementor-widget elementor-widget-image\" data-id=\"149de8e\" data-element_type=\"widget\" data-e-type=\"widget\" data-widget_type=\"image.default\">\n\t\t\t\t<div class=\"elementor-widget-container\">\n\t\t\t\t\t\t\t\t\t\t\t\t\t\t\t\t<a href=\"https:\/\/tonfraedi.is\/index.php\/tonfraediverkefni_t3_notnanofn_verkefni3\">\n\t\t\t\t\t\t\t<img decoding=\"async\" width=\"211\" height=\"300\" src=\"https:\/\/tonfraedi.is\/wp-content\/uploads\/2025\/10\/notnanofn-og-attundaheiti.png\" class=\"attachment-medium size-medium wp-image-7065\" alt=\"\" \/>\t\t\t\t\t\t\t\t<\/a>\n\t\t\t\t\t\t\t\t\t\t\t\t\t\t\t<\/div>\n\t\t\t\t<\/div>\n\t\t\t\t<div class=\"elementor-element elementor-element-753d417 elementor-widget elementor-widget-text-editor\" data-id=\"753d417\" data-element_type=\"widget\" data-e-type=\"widget\" data-widget_type=\"text-editor.default\">\n\t\t\t\t<div class=\"elementor-widget-container\">\n\t\t\t\t\t\t\t\t\t<p style=\"text-align: center;\"><a href=\"https:\/\/tonfraedi.is\/index.php\/tonfraediverkefni_t3_notnanofn_verkefni3\">N\u00f3tnan\u00f6fn og \u00e1ttundaheiti<\/a><\/p>\t\t\t\t\t\t\t\t<\/div>\n\t\t\t\t<\/div>\n\t\t\t\t\t<\/div>\n\t\t<\/div>\n\t\t\t\t\t<\/div>\n\t\t<\/section>\n\t\t\t\t<\/div>\n\t\t","protected":false},"excerpt":{"rendered":"<p>Sl\u00e1\u00f0u inn r\u00e9tt n\u00f3tnan\u00f6fn \u00ed C-lykli N\u00f3tnan\u00f6fn me\u00f0 aukastrikum og n\u00f3tnan\u00f6fn \u00ed C-lykli N\u00f3tnan\u00f6fn og \u00e1ttundaheiti<\/p>\n","protected":false},"author":1,"featured_media":0,"parent":0,"menu_order":0,"comment_status":"closed","ping_status":"closed","template":"page-full-width.php","meta":{"footnotes":""},"class_list":["post-6825","page","type-page","status-publish","hentry"],"_links":{"self":[{"href":"https:\/\/tonfraedi.is\/index.php\/wp-json\/wp\/v2\/pages\/6825","targetHints":{"allow":["GET"]}}],"collection":[{"href":"https:\/\/tonfraedi.is\/index.php\/wp-json\/wp\/v2\/pages"}],"about":[{"href":"https:\/\/tonfraedi.is\/index.php\/wp-json\/wp\/v2\/types\/page"}],"author":[{"embeddable":true,"href":"https:\/\/tonfraedi.is\/index.php\/wp-json\/wp\/v2\/users\/1"}],"replies":[{"embeddable":true,"href":"https:\/\/tonfraedi.is\/index.php\/wp-json\/wp\/v2\/comments?post=6825"}],"version-history":[{"count":16,"href":"https:\/\/tonfraedi.is\/index.php\/wp-json\/wp\/v2\/pages\/6825\/revisions"}],"predecessor-version":[{"id":7069,"href":"https:\/\/tonfraedi.is\/index.php\/wp-json\/wp\/v2\/pages\/6825\/revisions\/7069"}],"wp:attachment":[{"href":"https:\/\/tonfraedi.is\/index.php\/wp-json\/wp\/v2\/media?parent=6825"}],"curies":[{"name":"wp","href":"https:\/\/api.w.org\/{rel}","templated":true}]}}