{"id":6953,"date":"2025-05-05T09:53:33","date_gmt":"2025-05-05T09:53:33","guid":{"rendered":"https:\/\/tonfraedi.is\/?page_id=6953"},"modified":"2025-08-09T15:33:23","modified_gmt":"2025-08-09T15:33:23","slug":"hlustunarverkefni-t3-hljodfaeri","status":"publish","type":"page","link":"https:\/\/tonfraedi.is\/index.php\/hlustunarverkefni-t3-hljodfaeri\/","title":{"rendered":"Hlustunarverkefni T3 &#8211; Hlj\u00f3\u00f0f\u00e6ri"},"content":{"rendered":"\t\t<div data-elementor-type=\"wp-page\" data-elementor-id=\"6953\" class=\"elementor elementor-6953\">\n\t\t\t\t\t\t<section class=\"elementor-section elementor-top-section elementor-element elementor-element-cccc328 elementor-section-boxed elementor-section-height-default elementor-section-height-default qodef-elementor-content-no\" data-id=\"cccc328\" data-element_type=\"section\" data-e-type=\"section\">\n\t\t\t\t\t\t<div class=\"elementor-container elementor-column-gap-default\">\n\t\t\t\t\t<div class=\"elementor-column elementor-col-33 elementor-top-column elementor-element elementor-element-9872ab2\" data-id=\"9872ab2\" data-element_type=\"column\" data-e-type=\"column\">\n\t\t\t<div class=\"elementor-widget-wrap elementor-element-populated\">\n\t\t\t\t\t\t<div class=\"elementor-element elementor-element-8668ea0 elementor-widget elementor-widget-image\" data-id=\"8668ea0\" data-element_type=\"widget\" data-e-type=\"widget\" data-widget_type=\"image.default\">\n\t\t\t\t<div class=\"elementor-widget-container\">\n\t\t\t\t\t\t\t\t\t\t\t\t\t\t\t\t<a href=\"https:\/\/tonfraedi.is\/index.php\/hlustunarverkefni_t3_hljodfaeri_verkefni1\/\">\n\t\t\t\t\t\t\t<img decoding=\"async\" src=\"https:\/\/tonfraedi.is\/wp-content\/uploads\/elementor\/thumbs\/tonfraedi-hlustun-hljodfaerinisinfoniuhljomsveit-r5cv7crmf715gncynhe5s4u22ipgndpa3ewy8urni0.png\" title=\"tonfraedi-hlustun-hljodfaerinisinfoniuhljomsveit\" alt=\"tonfraedi-hlustun-hljodfaerinisinfoniuhljomsveit\" loading=\"lazy\" \/>\t\t\t\t\t\t\t\t<\/a>\n\t\t\t\t\t\t\t\t\t\t\t\t\t\t\t<\/div>\n\t\t\t\t<\/div>\n\t\t\t\t<div class=\"elementor-element elementor-element-8fae90c elementor-widget elementor-widget-text-editor\" data-id=\"8fae90c\" data-element_type=\"widget\" data-e-type=\"widget\" data-widget_type=\"text-editor.default\">\n\t\t\t\t<div class=\"elementor-widget-container\">\n\t\t\t\t\t\t\t\t\t<center><a href=\"https:\/\/tonfraedi.is\/index.php\/hlustunarverkefni_t3_hljodfaeri_verkefni1\/\">Veldu r\u00e9tt hlj\u00f3\u00f0f\u00e6ri &#8211; verkefni 1<\/a><\/center>\t\t\t\t\t\t\t\t<\/div>\n\t\t\t\t<\/div>\n\t\t\t\t\t<\/div>\n\t\t<\/div>\n\t\t\t\t<div class=\"elementor-column elementor-col-33 elementor-top-column elementor-element elementor-element-b57c0fb\" data-id=\"b57c0fb\" data-element_type=\"column\" data-e-type=\"column\">\n\t\t\t<div class=\"elementor-widget-wrap elementor-element-populated\">\n\t\t\t\t\t\t<div class=\"elementor-element elementor-element-d1b5207 elementor-widget elementor-widget-image\" data-id=\"d1b5207\" data-element_type=\"widget\" data-e-type=\"widget\" data-widget_type=\"image.default\">\n\t\t\t\t<div class=\"elementor-widget-container\">\n\t\t\t\t\t\t\t\t\t\t\t\t\t\t\t\t<a href=\"https:\/\/tonfraedi.is\/index.php\/hlustunarverkefni_t3_hljodfaeri_verkefni2\/\">\n\t\t\t\t\t\t\t<img fetchpriority=\"high\" decoding=\"async\" width=\"212\" height=\"300\" src=\"https:\/\/tonfraedi.is\/wp-content\/uploads\/2025\/08\/hlustun-T3-hljodfaeri-verkefni2-212x300.png\" class=\"attachment-medium size-medium wp-image-6989\" alt=\"\" srcset=\"https:\/\/tonfraedi.is\/wp-content\/uploads\/2025\/08\/hlustun-T3-hljodfaeri-verkefni2-212x300.png 212w, https:\/\/tonfraedi.is\/wp-content\/uploads\/2025\/08\/hlustun-T3-hljodfaeri-verkefni2.png 566w\" sizes=\"(max-width: 212px) 100vw, 212px\" \/>\t\t\t\t\t\t\t\t<\/a>\n\t\t\t\t\t\t\t\t\t\t\t\t\t\t\t<\/div>\n\t\t\t\t<\/div>\n\t\t\t\t<div class=\"elementor-element elementor-element-7abb711 elementor-widget elementor-widget-text-editor\" data-id=\"7abb711\" data-element_type=\"widget\" data-e-type=\"widget\" data-widget_type=\"text-editor.default\">\n\t\t\t\t<div class=\"elementor-widget-container\">\n\t\t\t\t\t\t\t\t\t<p style=\"text-align: center;\"><a href=\"https:\/\/tonfraedi.is\/index.php\/hlustunarverkefni_t3_hljodfaeri_verkefni2\/\">Veldu r\u00e9tt hlj\u00f3\u00f0f\u00e6ri &#8211; verkefni 2<\/a><\/p>\t\t\t\t\t\t\t\t<\/div>\n\t\t\t\t<\/div>\n\t\t\t\t\t<\/div>\n\t\t<\/div>\n\t\t\t\t<div class=\"elementor-column elementor-col-33 elementor-top-column elementor-element elementor-element-9b763ac\" data-id=\"9b763ac\" data-element_type=\"column\" data-e-type=\"column\">\n\t\t\t<div class=\"elementor-widget-wrap\">\n\t\t\t\t\t\t\t<\/div>\n\t\t<\/div>\n\t\t\t\t\t<\/div>\n\t\t<\/section>\n\t\t\t\t<section class=\"elementor-section elementor-top-section elementor-element elementor-element-b5f252f elementor-section-boxed elementor-section-height-default elementor-section-height-default qodef-elementor-content-no\" data-id=\"b5f252f\" data-element_type=\"section\" data-e-type=\"section\">\n\t\t\t\t\t\t<div class=\"elementor-container elementor-column-gap-default\">\n\t\t\t\t\t<div class=\"elementor-column elementor-col-100 elementor-top-column elementor-element elementor-element-9a8b167\" data-id=\"9a8b167\" data-element_type=\"column\" data-e-type=\"column\">\n\t\t\t<div class=\"elementor-widget-wrap\">\n\t\t\t\t\t\t\t<\/div>\n\t\t<\/div>\n\t\t\t\t\t<\/div>\n\t\t<\/section>\n\t\t\t\t<\/div>\n\t\t","protected":false},"excerpt":{"rendered":"<p>Veldu r\u00e9tt hlj\u00f3\u00f0f\u00e6ri &#8211; verkefni 1 Veldu r\u00e9tt hlj\u00f3\u00f0f\u00e6ri &#8211; verkefni 2<\/p>\n","protected":false},"author":1,"featured_media":0,"parent":0,"menu_order":0,"comment_status":"closed","ping_status":"closed","template":"page-full-width.php","meta":{"footnotes":""},"class_list":["post-6953","page","type-page","status-publish","hentry"],"_links":{"self":[{"href":"https:\/\/tonfraedi.is\/index.php\/wp-json\/wp\/v2\/pages\/6953","targetHints":{"allow":["GET"]}}],"collection":[{"href":"https:\/\/tonfraedi.is\/index.php\/wp-json\/wp\/v2\/pages"}],"about":[{"href":"https:\/\/tonfraedi.is\/index.php\/wp-json\/wp\/v2\/types\/page"}],"author":[{"embeddable":true,"href":"https:\/\/tonfraedi.is\/index.php\/wp-json\/wp\/v2\/users\/1"}],"replies":[{"embeddable":true,"href":"https:\/\/tonfraedi.is\/index.php\/wp-json\/wp\/v2\/comments?post=6953"}],"version-history":[{"count":14,"href":"https:\/\/tonfraedi.is\/index.php\/wp-json\/wp\/v2\/pages\/6953\/revisions"}],"predecessor-version":[{"id":7010,"href":"https:\/\/tonfraedi.is\/index.php\/wp-json\/wp\/v2\/pages\/6953\/revisions\/7010"}],"wp:attachment":[{"href":"https:\/\/tonfraedi.is\/index.php\/wp-json\/wp\/v2\/media?parent=6953"}],"curies":[{"name":"wp","href":"https:\/\/api.w.org\/{rel}","templated":true}]}}