{"id":7014,"date":"2025-08-10T22:47:35","date_gmt":"2025-08-10T22:47:35","guid":{"rendered":"https:\/\/tonfraedi.is\/?page_id=7014"},"modified":"2025-11-02T11:46:24","modified_gmt":"2025-11-02T11:46:24","slug":"leikir","status":"publish","type":"page","link":"https:\/\/tonfraedi.is\/index.php\/leikir\/","title":{"rendered":"Leikir"},"content":{"rendered":"\t\t<div data-elementor-type=\"wp-page\" data-elementor-id=\"7014\" class=\"elementor elementor-7014\">\n\t\t\t\t\t\t<section class=\"elementor-section elementor-top-section elementor-element elementor-element-cccc328 elementor-section-boxed elementor-section-height-default elementor-section-height-default qodef-elementor-content-no\" data-id=\"cccc328\" data-element_type=\"section\" data-e-type=\"section\">\n\t\t\t\t\t\t<div class=\"elementor-container elementor-column-gap-default\">\n\t\t\t\t\t<div class=\"elementor-column elementor-col-33 elementor-top-column elementor-element elementor-element-9872ab2\" data-id=\"9872ab2\" data-element_type=\"column\" data-e-type=\"column\">\n\t\t\t<div class=\"elementor-widget-wrap elementor-element-populated\">\n\t\t\t\t\t\t<div class=\"elementor-element elementor-element-8668ea0 elementor-widget elementor-widget-image\" data-id=\"8668ea0\" data-element_type=\"widget\" data-e-type=\"widget\" data-widget_type=\"image.default\">\n\t\t\t\t<div class=\"elementor-widget-container\">\n\t\t\t\t\t\t\t\t\t\t\t\t\t\t\t\t<a href=\"https:\/\/tonfraedi.is\/leikir\/heilnotuleikur\/\" target=\"_blank\">\n\t\t\t\t\t\t\t<img fetchpriority=\"high\" decoding=\"async\" width=\"300\" height=\"300\" src=\"https:\/\/tonfraedi.is\/wp-content\/uploads\/2025\/08\/leikur-lengdargildi-300x300.png\" class=\"attachment-medium size-medium wp-image-7016\" alt=\"\" srcset=\"https:\/\/tonfraedi.is\/wp-content\/uploads\/2025\/08\/elementor\/thumbs\/leikur-lengdargildi-ra2nx44im2afg204yzysfspof5s3i9zq6ia91avveg.png 300w, https:\/\/tonfraedi.is\/wp-content\/uploads\/2025\/08\/leikur-lengdargildi-1024x1024.png 1024w, https:\/\/tonfraedi.is\/wp-content\/uploads\/2025\/08\/leikur-lengdargildi-150x150.png 150w, https:\/\/tonfraedi.is\/wp-content\/uploads\/2025\/08\/leikur-lengdargildi-768x768.png 768w, https:\/\/tonfraedi.is\/wp-content\/uploads\/2025\/08\/leikur-lengdargildi-650x650.png 650w, https:\/\/tonfraedi.is\/wp-content\/uploads\/2025\/08\/leikur-lengdargildi.png 1180w\" sizes=\"(max-width: 300px) 100vw, 300px\" \/>\t\t\t\t\t\t\t\t<\/a>\n\t\t\t\t\t\t\t\t\t\t\t\t\t\t\t<\/div>\n\t\t\t\t<\/div>\n\t\t\t\t<div class=\"elementor-element elementor-element-8fae90c elementor-widget elementor-widget-text-editor\" data-id=\"8fae90c\" data-element_type=\"widget\" data-e-type=\"widget\" data-widget_type=\"text-editor.default\">\n\t\t\t\t<div class=\"elementor-widget-container\">\n\t\t\t\t\t\t\t\t\t<center><a href=\"https:\/\/tonfraedi.is\/leikir\/heilnotuleikur\/\" target=\"_blank\" rel=\"noopener\">Lengdargildaleikur<\/a><\/center>\t\t\t\t\t\t\t\t<\/div>\n\t\t\t\t<\/div>\n\t\t\t\t\t<\/div>\n\t\t<\/div>\n\t\t\t\t<div class=\"elementor-column elementor-col-33 elementor-top-column elementor-element elementor-element-b57c0fb\" data-id=\"b57c0fb\" data-element_type=\"column\" data-e-type=\"column\">\n\t\t\t<div class=\"elementor-widget-wrap elementor-element-populated\">\n\t\t\t\t\t\t<div class=\"elementor-element elementor-element-d1b5207 elementor-widget elementor-widget-image\" data-id=\"d1b5207\" data-element_type=\"widget\" data-e-type=\"widget\" data-widget_type=\"image.default\">\n\t\t\t\t<div class=\"elementor-widget-container\">\n\t\t\t\t\t\t\t\t\t\t\t\t\t\t\t\t<a href=\"https:\/\/tonfraedi.is\/leikir\/thagnaleikur\/\" target=\"_blank\">\n\t\t\t\t\t\t\t<img decoding=\"async\" width=\"300\" height=\"300\" src=\"https:\/\/tonfraedi.is\/wp-content\/uploads\/2025\/08\/leikur-thagnagildi-300x300.png\" class=\"attachment-medium size-medium wp-image-7017\" alt=\"\" srcset=\"https:\/\/tonfraedi.is\/wp-content\/uploads\/2025\/08\/leikur-thagnagildi-300x300.png 300w, https:\/\/tonfraedi.is\/wp-content\/uploads\/2025\/08\/leikur-thagnagildi-1024x1024.png 1024w, https:\/\/tonfraedi.is\/wp-content\/uploads\/2025\/08\/leikur-thagnagildi-150x150.png 150w, https:\/\/tonfraedi.is\/wp-content\/uploads\/2025\/08\/leikur-thagnagildi-768x768.png 768w, https:\/\/tonfraedi.is\/wp-content\/uploads\/2025\/08\/leikur-thagnagildi-650x650.png 650w, https:\/\/tonfraedi.is\/wp-content\/uploads\/2025\/08\/leikur-thagnagildi.png 1180w\" sizes=\"(max-width: 300px) 100vw, 300px\" \/>\t\t\t\t\t\t\t\t<\/a>\n\t\t\t\t\t\t\t\t\t\t\t\t\t\t\t<\/div>\n\t\t\t\t<\/div>\n\t\t\t\t<div class=\"elementor-element elementor-element-7abb711 elementor-widget elementor-widget-text-editor\" data-id=\"7abb711\" data-element_type=\"widget\" data-e-type=\"widget\" data-widget_type=\"text-editor.default\">\n\t\t\t\t<div class=\"elementor-widget-container\">\n\t\t\t\t\t\t\t\t\t<p style=\"text-align: center;\"><a href=\"https:\/\/tonfraedi.is\/leikir\/thagnaleikur\/\" target=\"_blank\" rel=\"noopener\">\u00deagnaleikur<\/a><\/p>\t\t\t\t\t\t\t\t<\/div>\n\t\t\t\t<\/div>\n\t\t\t\t\t<\/div>\n\t\t<\/div>\n\t\t\t\t<div class=\"elementor-column elementor-col-33 elementor-top-column elementor-element elementor-element-9b763ac\" data-id=\"9b763ac\" data-element_type=\"column\" data-e-type=\"column\">\n\t\t\t<div class=\"elementor-widget-wrap elementor-element-populated\">\n\t\t\t\t\t\t<div class=\"elementor-element elementor-element-85ea300 elementor-widget elementor-widget-image\" data-id=\"85ea300\" data-element_type=\"widget\" data-e-type=\"widget\" data-widget_type=\"image.default\">\n\t\t\t\t<div class=\"elementor-widget-container\">\n\t\t\t\t\t\t\t\t\t\t\t\t\t\t\t\t<a href=\"https:\/\/tonfraedi.is\/leikir\/fimmundahringurinn\/\" target=\"_blank\">\n\t\t\t\t\t\t\t<img decoding=\"async\" src=\"https:\/\/tonfraedi.is\/wp-content\/uploads\/elementor\/thumbs\/Screenshot-2025-11-02-at-11.30.02-re41txzvx878ia8hnxtejggxr3hrt5miz0zsqdfxyw.png\" title=\"Fimmundahreingur &#8211; leikur\" alt=\"Fimmundahreingur - leikur\" loading=\"lazy\" \/>\t\t\t\t\t\t\t\t<\/a>\n\t\t\t\t\t\t\t\t\t\t\t\t\t\t\t<\/div>\n\t\t\t\t<\/div>\n\t\t\t\t<div class=\"elementor-element elementor-element-955d61e elementor-widget elementor-widget-text-editor\" data-id=\"955d61e\" data-element_type=\"widget\" data-e-type=\"widget\" data-widget_type=\"text-editor.default\">\n\t\t\t\t<div class=\"elementor-widget-container\">\n\t\t\t\t\t\t\t\t\t<p style=\"text-align: center;\"><a href=\"https:\/\/tonfraedi.is\/leikir\/fimmundahringurinn\/\" target=\"_blank\" rel=\"noopener\">\u00c6f\u00f0u \u00feig \u00ed fimmundahringnum<\/a><\/p>\t\t\t\t\t\t\t\t<\/div>\n\t\t\t\t<\/div>\n\t\t\t\t\t<\/div>\n\t\t<\/div>\n\t\t\t\t\t<\/div>\n\t\t<\/section>\n\t\t\t\t<section class=\"elementor-section elementor-top-section elementor-element elementor-element-b5f252f elementor-section-boxed elementor-section-height-default elementor-section-height-default qodef-elementor-content-no\" data-id=\"b5f252f\" data-element_type=\"section\" data-e-type=\"section\">\n\t\t\t\t\t\t<div class=\"elementor-container elementor-column-gap-default\">\n\t\t\t\t\t<div class=\"elementor-column elementor-col-100 elementor-top-column elementor-element elementor-element-9a8b167\" data-id=\"9a8b167\" data-element_type=\"column\" data-e-type=\"column\">\n\t\t\t<div class=\"elementor-widget-wrap\">\n\t\t\t\t\t\t\t<\/div>\n\t\t<\/div>\n\t\t\t\t\t<\/div>\n\t\t<\/section>\n\t\t\t\t<\/div>\n\t\t","protected":false},"excerpt":{"rendered":"<p>Lengdargildaleikur \u00deagnaleikur \u00c6f\u00f0u \u00feig \u00ed fimmundahringnum<\/p>\n","protected":false},"author":1,"featured_media":0,"parent":0,"menu_order":0,"comment_status":"closed","ping_status":"closed","template":"page-full-width.php","meta":{"footnotes":""},"class_list":["post-7014","page","type-page","status-publish","hentry"],"_links":{"self":[{"href":"https:\/\/tonfraedi.is\/index.php\/wp-json\/wp\/v2\/pages\/7014","targetHints":{"allow":["GET"]}}],"collection":[{"href":"https:\/\/tonfraedi.is\/index.php\/wp-json\/wp\/v2\/pages"}],"about":[{"href":"https:\/\/tonfraedi.is\/index.php\/wp-json\/wp\/v2\/types\/page"}],"author":[{"embeddable":true,"href":"https:\/\/tonfraedi.is\/index.php\/wp-json\/wp\/v2\/users\/1"}],"replies":[{"embeddable":true,"href":"https:\/\/tonfraedi.is\/index.php\/wp-json\/wp\/v2\/comments?post=7014"}],"version-history":[{"count":7,"href":"https:\/\/tonfraedi.is\/index.php\/wp-json\/wp\/v2\/pages\/7014\/revisions"}],"predecessor-version":[{"id":7160,"href":"https:\/\/tonfraedi.is\/index.php\/wp-json\/wp\/v2\/pages\/7014\/revisions\/7160"}],"wp:attachment":[{"href":"https:\/\/tonfraedi.is\/index.php\/wp-json\/wp\/v2\/media?parent=7014"}],"curies":[{"name":"wp","href":"https:\/\/api.w.org\/{rel}","templated":true}]}}