{"id":7114,"date":"2025-11-01T08:21:14","date_gmt":"2025-11-01T08:21:14","guid":{"rendered":"https:\/\/tonfraedi.is\/?page_id=7114"},"modified":"2025-11-01T08:21:48","modified_gmt":"2025-11-01T08:21:48","slug":"tonfraediverkefni_t3_tonstigar","status":"publish","type":"page","link":"https:\/\/tonfraedi.is\/index.php\/tonfraediverkefni_t3_tonstigar\/","title":{"rendered":"T\u00f3nfr\u00e6\u00f0iverkefni T3 &#8211; T\u00f3nstigar"},"content":{"rendered":"\t\t<div data-elementor-type=\"wp-page\" data-elementor-id=\"7114\" class=\"elementor elementor-7114\">\n\t\t\t\t\t\t<section class=\"elementor-section elementor-top-section elementor-element elementor-element-d8c07f1 elementor-section-boxed elementor-section-height-default elementor-section-height-default qodef-elementor-content-no\" data-id=\"d8c07f1\" data-element_type=\"section\" data-e-type=\"section\">\n\t\t\t\t\t\t<div class=\"elementor-container elementor-column-gap-default\">\n\t\t\t\t\t<div class=\"elementor-column elementor-col-33 elementor-top-column elementor-element elementor-element-8f1182c\" data-id=\"8f1182c\" data-element_type=\"column\" data-e-type=\"column\">\n\t\t\t<div class=\"elementor-widget-wrap elementor-element-populated\">\n\t\t\t\t\t\t<div class=\"elementor-element elementor-element-3178566 elementor-widget elementor-widget-image\" data-id=\"3178566\" data-element_type=\"widget\" data-e-type=\"widget\" data-widget_type=\"image.default\">\n\t\t\t\t<div class=\"elementor-widget-container\">\n\t\t\t\t\t\t\t\t\t\t\t\t\t\t\t\t<a href=\"https:\/\/tonfraedi.is\/index.php\/tonfraediverkefni_t3_tonstigar_verkefni1\">\n\t\t\t\t\t\t\t<img decoding=\"async\" src=\"https:\/\/tonfraedi.is\/wp-content\/uploads\/elementor\/thumbs\/Greindu-tonstigana-re22hdawyj8p9gez9bj1v5m2rbwrf2bovgd6mbxy2g.png\" title=\"Greindu t\u00f3nstigana\" alt=\"Greindu t\u00f3nstigana\" loading=\"lazy\" \/>\t\t\t\t\t\t\t\t<\/a>\n\t\t\t\t\t\t\t\t\t\t\t\t\t\t\t<\/div>\n\t\t\t\t<\/div>\n\t\t\t\t<div class=\"elementor-element elementor-element-e6c0ff6 elementor-widget elementor-widget-text-editor\" data-id=\"e6c0ff6\" data-element_type=\"widget\" data-e-type=\"widget\" data-widget_type=\"text-editor.default\">\n\t\t\t\t<div class=\"elementor-widget-container\">\n\t\t\t\t\t\t\t\t\t<p style=\"text-align: center;\"><a href=\"https:\/\/tonfraedi.is\/index.php\/tonfraediverkefni_t3_tonstigar_verkefni1\">Greindu t\u00f3nstigana<\/a><\/p>\t\t\t\t\t\t\t\t<\/div>\n\t\t\t\t<\/div>\n\t\t\t\t\t<\/div>\n\t\t<\/div>\n\t\t\t\t<div class=\"elementor-column elementor-col-33 elementor-top-column elementor-element elementor-element-5db46bc\" data-id=\"5db46bc\" data-element_type=\"column\" data-e-type=\"column\">\n\t\t\t<div class=\"elementor-widget-wrap\">\n\t\t\t\t\t\t\t<\/div>\n\t\t<\/div>\n\t\t\t\t<div class=\"elementor-column elementor-col-33 elementor-top-column elementor-element elementor-element-5c90e45\" data-id=\"5c90e45\" data-element_type=\"column\" data-e-type=\"column\">\n\t\t\t<div class=\"elementor-widget-wrap\">\n\t\t\t\t\t\t\t<\/div>\n\t\t<\/div>\n\t\t\t\t\t<\/div>\n\t\t<\/section>\n\t\t\t\t<\/div>\n\t\t","protected":false},"excerpt":{"rendered":"<p>Greindu t\u00f3nstigana<\/p>\n","protected":false},"author":1,"featured_media":0,"parent":0,"menu_order":0,"comment_status":"closed","ping_status":"closed","template":"page-full-width.php","meta":{"footnotes":""},"class_list":["post-7114","page","type-page","status-publish","hentry"],"_links":{"self":[{"href":"https:\/\/tonfraedi.is\/index.php\/wp-json\/wp\/v2\/pages\/7114","targetHints":{"allow":["GET"]}}],"collection":[{"href":"https:\/\/tonfraedi.is\/index.php\/wp-json\/wp\/v2\/pages"}],"about":[{"href":"https:\/\/tonfraedi.is\/index.php\/wp-json\/wp\/v2\/types\/page"}],"author":[{"embeddable":true,"href":"https:\/\/tonfraedi.is\/index.php\/wp-json\/wp\/v2\/users\/1"}],"replies":[{"embeddable":true,"href":"https:\/\/tonfraedi.is\/index.php\/wp-json\/wp\/v2\/comments?post=7114"}],"version-history":[{"count":4,"href":"https:\/\/tonfraedi.is\/index.php\/wp-json\/wp\/v2\/pages\/7114\/revisions"}],"predecessor-version":[{"id":7119,"href":"https:\/\/tonfraedi.is\/index.php\/wp-json\/wp\/v2\/pages\/7114\/revisions\/7119"}],"wp:attachment":[{"href":"https:\/\/tonfraedi.is\/index.php\/wp-json\/wp\/v2\/media?parent=7114"}],"curies":[{"name":"wp","href":"https:\/\/api.w.org\/{rel}","templated":true}]}}