{"id":7216,"date":"2025-11-02T23:01:53","date_gmt":"2025-11-02T23:01:53","guid":{"rendered":"https:\/\/tonfraedi.is\/?page_id=7216"},"modified":"2025-11-03T21:47:52","modified_gmt":"2025-11-03T21:47:52","slug":"hlustunarverkefni_t3_hljomar","status":"publish","type":"page","link":"https:\/\/tonfraedi.is\/index.php\/hlustunarverkefni_t3_hljomar\/","title":{"rendered":"Hlustunarverkefni T3 &#8211; Hlj\u00f3mar"},"content":{"rendered":"\t\t<div data-elementor-type=\"wp-page\" data-elementor-id=\"7216\" class=\"elementor elementor-7216\">\n\t\t\t\t\t\t<section class=\"elementor-section elementor-top-section elementor-element elementor-element-d8c07f1 elementor-section-boxed elementor-section-height-default elementor-section-height-default qodef-elementor-content-no\" data-id=\"d8c07f1\" data-element_type=\"section\" data-e-type=\"section\">\n\t\t\t\t\t\t<div class=\"elementor-container elementor-column-gap-default\">\n\t\t\t\t\t<div class=\"elementor-column elementor-col-33 elementor-top-column elementor-element elementor-element-8f1182c\" data-id=\"8f1182c\" data-element_type=\"column\" data-e-type=\"column\">\n\t\t\t<div class=\"elementor-widget-wrap elementor-element-populated\">\n\t\t\t\t\t\t<div class=\"elementor-element elementor-element-3178566 elementor-widget elementor-widget-image\" data-id=\"3178566\" data-element_type=\"widget\" data-e-type=\"widget\" data-widget_type=\"image.default\">\n\t\t\t\t<div class=\"elementor-widget-container\">\n\t\t\t\t\t\t\t\t\t\t\t\t\t\t\t\t<a href=\"https:\/\/tonfraedi.is\/index.php\/hlustunarverkefni_t3_hljomar_verkefni1\">\n\t\t\t\t\t\t\t<img decoding=\"async\" src=\"https:\/\/tonfraedi.is\/wp-content\/uploads\/elementor\/thumbs\/Hlustun-T3-Hljomar-verkefnablad-1-re4vo8pbrq24ooxvfyzh7w16qcnmto9wdzxjfumbi0.png\" title=\"Hlustun &#8211; T3 &#8211; Hlj\u00f3mar &#8211; verkefnabla\u00f0 1\" alt=\"Hlustun - T3 - Hlj\u00f3mar - verkefnabla\u00f0 1\" loading=\"lazy\" \/>\t\t\t\t\t\t\t\t<\/a>\n\t\t\t\t\t\t\t\t\t\t\t\t\t\t\t<\/div>\n\t\t\t\t<\/div>\n\t\t\t\t<div class=\"elementor-element elementor-element-e6c0ff6 elementor-widget elementor-widget-text-editor\" data-id=\"e6c0ff6\" data-element_type=\"widget\" data-e-type=\"widget\" data-widget_type=\"text-editor.default\">\n\t\t\t\t<div class=\"elementor-widget-container\">\n\t\t\t\t\t\t\t\t\t<p style=\"text-align: center;\"><a href=\"https:\/\/tonfraedi.is\/index.php\/hlustunarverkefni_t3_hljomar_verkefni1\">Hlusta\u00f0u og greindu hlj\u00f3mana<\/a><\/p>\t\t\t\t\t\t\t\t<\/div>\n\t\t\t\t<\/div>\n\t\t\t\t\t<\/div>\n\t\t<\/div>\n\t\t\t\t<div class=\"elementor-column elementor-col-33 elementor-top-column elementor-element elementor-element-5db46bc\" data-id=\"5db46bc\" data-element_type=\"column\" data-e-type=\"column\">\n\t\t\t<div class=\"elementor-widget-wrap elementor-element-populated\">\n\t\t\t\t\t\t<div class=\"elementor-element elementor-element-4407cbb elementor-widget elementor-widget-image\" data-id=\"4407cbb\" data-element_type=\"widget\" data-e-type=\"widget\" data-widget_type=\"image.default\">\n\t\t\t\t<div class=\"elementor-widget-container\">\n\t\t\t\t\t\t\t\t\t\t\t\t\t\t\t\t<a href=\"https:\/\/tonfraedi.is\/index.php\/hlustunarverkefni_t3_hljomar_verkefni2\">\n\t\t\t\t\t\t\t<img decoding=\"async\" src=\"https:\/\/tonfraedi.is\/wp-content\/uploads\/elementor\/thumbs\/Hlustun-T3-Hljomar-Verkefnablad-2-re5qh3x46q0j088zfsab6kk2v96wbbef6dpho4hp6g.png\" title=\"Hlustun &#8211; T3 &#8211; Hlj\u00f3mar &#8211; Verkefnabla\u00f0 2\" alt=\"Hlustun - T3 - Hlj\u00f3mar - Verkefnabla\u00f0 2\" loading=\"lazy\" \/>\t\t\t\t\t\t\t\t<\/a>\n\t\t\t\t\t\t\t\t\t\t\t\t\t\t\t<\/div>\n\t\t\t\t<\/div>\n\t\t\t\t<div class=\"elementor-element elementor-element-2c10132 elementor-widget elementor-widget-text-editor\" data-id=\"2c10132\" data-element_type=\"widget\" data-e-type=\"widget\" data-widget_type=\"text-editor.default\">\n\t\t\t\t<div class=\"elementor-widget-container\">\n\t\t\t\t\t\t\t\t\t<p style=\"text-align: center;\"><a href=\"https:\/\/tonfraedi.is\/index.php\/hlustunarverkefni_t3_hljomar_verkefni2\">Hlusta\u00f0u og greindu &#8211; Grunnhlj\u00f3mar, undirforhlj\u00f3mar og forhlj\u00f3mar<\/a><\/p>\t\t\t\t\t\t\t\t<\/div>\n\t\t\t\t<\/div>\n\t\t\t\t\t<\/div>\n\t\t<\/div>\n\t\t\t\t<div class=\"elementor-column elementor-col-33 elementor-top-column elementor-element elementor-element-5c90e45\" data-id=\"5c90e45\" data-element_type=\"column\" data-e-type=\"column\">\n\t\t\t<div class=\"elementor-widget-wrap elementor-element-populated\">\n\t\t\t\t\t\t<div class=\"elementor-element elementor-element-8274aef elementor-widget elementor-widget-image\" data-id=\"8274aef\" data-element_type=\"widget\" data-e-type=\"widget\" data-widget_type=\"image.default\">\n\t\t\t\t<div class=\"elementor-widget-container\">\n\t\t\t\t\t\t\t\t\t\t\t\t\t\t\t\t<a href=\"https:\/\/tonfraedi.is\/index.php\/hlustunarverkefni_t3_hljomar_verkefni3\">\n\t\t\t\t\t\t\t<img decoding=\"async\" src=\"https:\/\/tonfraedi.is\/wp-content\/uploads\/2025\/11\/Hlustun-T3-Hljomar-Verkefnablad-3.png\" title=\"Hlustun &#8211; T3 &#8211; Hlj\u00f3mar &#8211; Verkefnabla\u00f0 3\" alt=\"Hlustun - T3 - Hlj\u00f3mar - Verkefnabla\u00f0 3\" loading=\"lazy\" \/>\t\t\t\t\t\t\t\t<\/a>\n\t\t\t\t\t\t\t\t\t\t\t\t\t\t\t<\/div>\n\t\t\t\t<\/div>\n\t\t\t\t<div class=\"elementor-element elementor-element-54d15ee elementor-widget elementor-widget-text-editor\" data-id=\"54d15ee\" data-element_type=\"widget\" data-e-type=\"widget\" data-widget_type=\"text-editor.default\">\n\t\t\t\t<div class=\"elementor-widget-container\">\n\t\t\t\t\t\t\t\t\t<p style=\"text-align: center;\"><a href=\"https:\/\/tonfraedi.is\/index.php\/hlustunarverkefni_t3_hljomar_verkefni3\">Hlusta\u00f0u og greindu &#8211; a\u00f0alendar, gabbendar, h\u00e1lfendar og kirkjuendar<\/a><\/p>\t\t\t\t\t\t\t\t<\/div>\n\t\t\t\t<\/div>\n\t\t\t\t\t<\/div>\n\t\t<\/div>\n\t\t\t\t\t<\/div>\n\t\t<\/section>\n\t\t\t\t<\/div>\n\t\t","protected":false},"excerpt":{"rendered":"<p>Hlusta\u00f0u og greindu hlj\u00f3mana Hlusta\u00f0u og greindu &#8211; Grunnhlj\u00f3mar, undirforhlj\u00f3mar og forhlj\u00f3mar Hlusta\u00f0u og greindu &#8211; a\u00f0alendar, gabbendar, h\u00e1lfendar og kirkjuendar<\/p>\n","protected":false},"author":1,"featured_media":0,"parent":0,"menu_order":0,"comment_status":"closed","ping_status":"closed","template":"page-full-width.php","meta":{"footnotes":""},"class_list":["post-7216","page","type-page","status-publish","hentry"],"_links":{"self":[{"href":"https:\/\/tonfraedi.is\/index.php\/wp-json\/wp\/v2\/pages\/7216","targetHints":{"allow":["GET"]}}],"collection":[{"href":"https:\/\/tonfraedi.is\/index.php\/wp-json\/wp\/v2\/pages"}],"about":[{"href":"https:\/\/tonfraedi.is\/index.php\/wp-json\/wp\/v2\/types\/page"}],"author":[{"embeddable":true,"href":"https:\/\/tonfraedi.is\/index.php\/wp-json\/wp\/v2\/users\/1"}],"replies":[{"embeddable":true,"href":"https:\/\/tonfraedi.is\/index.php\/wp-json\/wp\/v2\/comments?post=7216"}],"version-history":[{"count":10,"href":"https:\/\/tonfraedi.is\/index.php\/wp-json\/wp\/v2\/pages\/7216\/revisions"}],"predecessor-version":[{"id":7235,"href":"https:\/\/tonfraedi.is\/index.php\/wp-json\/wp\/v2\/pages\/7216\/revisions\/7235"}],"wp:attachment":[{"href":"https:\/\/tonfraedi.is\/index.php\/wp-json\/wp\/v2\/media?parent=7216"}],"curies":[{"name":"wp","href":"https:\/\/api.w.org\/{rel}","templated":true}]}}